{"id":113693,"date":"2025-09-16T15:58:15","date_gmt":"2025-09-16T13:58:15","guid":{"rendered":"https:\/\/instantdrinks.si\/?post_type=product&#038;p=113693"},"modified":"2025-09-18T13:39:33","modified_gmt":"2025-09-18T11:39:33","slug":"elevenfit-aioli-salsa-330ml","status":"publish","type":"product","link":"https:\/\/instantdrinks.si\/it\/prodotto\/elevenfit-aioli-salsa-330ml\/","title":{"rendered":"Elevenfit Aioli salsa, 330ml"},"content":{"rendered":"<p data-start=\"477\" data-end=\"802\">Salse gustose con un <strong>contenuto calorico estremamente basso<\/strong>, <strong>senza zuccheri aggiunti<\/strong> e <strong>senza grassi<\/strong>, che arricchiscono ogni pasto. Utilizza le salse ElevenFit come accompagnamento a piatti di carne (hamburger, kebab, carne arrosto), contorni (patatine fritte, verdure, patate al forno), panini, wrap, insalate e molto altro.<\/p>\n<p data-start=\"804\" data-end=\"864\"><strong>La bottiglia contiene 85 porzioni. Quantit\u00e0 netta: 330 ml.<\/strong><\/p>\n","protected":false},"excerpt":{"rendered":"<p>Le salse ElevenFit sono la scelta giusta per chi desidera gustare <strong>sapori intensi senza sensi di colpa<\/strong>. <strong>Senza zuccheri aggiunti<\/strong>, <strong>senza grassi<\/strong> e con un <strong>valore calorico estremamente basso<\/strong>, sono un\u2019aggiunta rapida e perfetta ai pasti di ogni giorno. Si abbinano bene a specialit\u00e0 di carne, contorni, panini, wrap, cos\u00ec come a insalate e ad altri piatti popolari. Una bottiglia (330 ml) \u00e8 sufficiente per circa <strong>85 porzioni<\/strong>. Sono disponibili diversi gusti unici.<\/p>\n","protected":false},"featured_media":113764,"comment_status":"closed","ping_status":"closed","template":"","meta":[],"product_brand":[],"product_cat":[1516],"product_tag":[],"woo-feed-brand":[],"class_list":{"0":"post-113693","1":"product","2":"type-product","3":"status-publish","4":"has-post-thumbnail","6":"product_cat-sciroppi","7":"ts_product_brand-elevenfit","9":"first","10":"outofstock","11":"taxable","12":"shipping-taxable","13":"purchasable","14":"product-type-simple"},"tiered_pricing_type":"fixed","tiered_pricing_fixed_rules":[],"tiered_pricing_product_settings":{"layout":"default","base_unit_name":{"singular":null,"plural":null},"default_variation":null},"tiered_pricing_minimum_quantity":null,"tiered_pricing_roles_data":[],"tiered_pricing_percentage_rules":[],"tiered_pricing_maximum_quantity":null,"tiered_pricing_quantity_step":null,"_links":{"self":[{"href":"https:\/\/instantdrinks.si\/it\/wp-json\/wp\/v2\/product\/113693","targetHints":{"allow":["GET"]}}],"collection":[{"href":"https:\/\/instantdrinks.si\/it\/wp-json\/wp\/v2\/product"}],"about":[{"href":"https:\/\/instantdrinks.si\/it\/wp-json\/wp\/v2\/types\/product"}],"replies":[{"embeddable":true,"href":"https:\/\/instantdrinks.si\/it\/wp-json\/wp\/v2\/comments?post=113693"}],"wp:featuredmedia":[{"embeddable":true,"href":"https:\/\/instantdrinks.si\/it\/wp-json\/wp\/v2\/media\/113764"}],"wp:attachment":[{"href":"https:\/\/instantdrinks.si\/it\/wp-json\/wp\/v2\/media?parent=113693"}],"wp:term":[{"taxonomy":"product_brand","embeddable":true,"href":"https:\/\/instantdrinks.si\/it\/wp-json\/wp\/v2\/product_brand?post=113693"},{"taxonomy":"product_cat","embeddable":true,"href":"https:\/\/instantdrinks.si\/it\/wp-json\/wp\/v2\/product_cat?post=113693"},{"taxonomy":"product_tag","embeddable":true,"href":"https:\/\/instantdrinks.si\/it\/wp-json\/wp\/v2\/product_tag?post=113693"},{"taxonomy":"woo-feed-brand","embeddable":true,"href":"https:\/\/instantdrinks.si\/it\/wp-json\/wp\/v2\/woo-feed-brand?post=113693"}],"curies":[{"name":"wp","href":"https:\/\/api.w.org\/{rel}","templated":true}]}}