{"id":112982,"date":"2025-08-19T11:54:00","date_gmt":"2025-08-19T09:54:00","guid":{"rendered":"https:\/\/instantdrinks.si\/?post_type=product&#038;p=112982"},"modified":"2025-08-20T15:58:29","modified_gmt":"2025-08-20T13:58:29","slug":"frutilu-limone-lime-100-g-confezione-maxi","status":"publish","type":"product","link":"https:\/\/instantdrinks.si\/it\/prodotto\/frutilu-limone-lime-100-g-confezione-maxi\/","title":{"rendered":"Frutilu Limone &#038; Lime, 100 g (confezione maxi)"},"content":{"rendered":"<p><strong>Bevanda istantanea in polvere Frutilu al gusto di limone &amp; lime e edulcoranti.<\/strong><\/p>\n<p>Benvenuto nel mondo di bevande ricche e gustose di Frutilu che soddisfano la tua sete ovunque e in qualsiasi momento. Con un gusto di cui ti innamorerai subito e una praticit\u00e0 che ti semplificher\u00e0 la vita, Frutilu \u00e8 parte essenziale della vita attiva di tutti i giorni. Frutilu ha qualcosa per tutti i gusti, dall\u2019arancia succosa o dal sapore esotico tropicale, alla sempre popolare cola e al limone rinfrescante. Le bevande sono state attentamente progettate pensando a uno stile di vita sano, quindi non contengono zucchero e altri additivi non necessari. Grazie alla pratica confezione, queste bevande possono essere accompagnate ovunque anche in una piccola borsa o tasca.<\/p>\n<p>Frutilu \u00e8 una serie di bevande istantanee in polvere <strong>senza zucchero<\/strong>. Le bevande sono gustose e ricche di sapore e, con l\u2019aggiunta di <strong>vitamina C<\/strong>, aiutano a rafforzare il sistema immunitario. Grazie al loro sapore dolce, <strong>aiutano a ridurre l\u2019appetito per i cibi dolci<\/strong>, quindi sono di grande aiuto per chiunque voglia perdere peso e segua una<strong> dieta senza zucchero<\/strong>. Con i frullati Frutilu la preoccupazione per le calorie in eccesso \u00e8 finita!<\/p>\n<p>Grazie al suo gusto delizioso, Frutilu <strong>incoraggia anche a bere<\/strong>, quindi con il suo aiuto puoi raggiungere facilmente l\u2019assunzione giornaliera di liquidi raccomandata.<\/p>\n<p>Frutilu non contiene i classici zuccheri e dolcificanti come aspartame e acesulfame K, quindi rappresenta una gradita alternativa sul mercato delle bevande istantanee, che solitamente contengono molto zucchero e altri ingredienti inutili.<\/p>\n<p>Puoi preparare un <strong>minimo di 15 L di bevanda<\/strong> con una busta. Mescola il contenuto della busta con acqua, soda o qualsiasi altra bevanda a tua scelta. Puoi aggiungere cubetti di ghiaccio per un gusto migliore.<\/p>\n<p><em><strong>Consiglio:<\/strong> le bevande Frutilu possono essere utilizzate anche come ingrediente per piatti dolci, cocktail, frullati o anche gelati senza zucchero, poich\u00e9 arricchiscono ogni piatto grazie al loro gusto e aroma pieni.<\/em><\/p>\n<p><strong>Le bevande sono confezionate in una comoda busta. Peso netto 100 g.<\/strong><\/p>\n","protected":false},"excerpt":{"rendered":"<p>Bevanda istantanea <strong>Frutilu<\/strong> al gusto di albicocca.<\/p>\n<p>Frutilu \u00e8 una marca di ottime bevande istantanee <strong>senza zucchero<\/strong> e <strong>con aggiunta di vitamina C<\/strong>. Con un sacchetto di <strong>100g<\/strong> puoi preparare almeno <strong>15 litri<\/strong> di bevanda, che puoi mescolare con acqua, soda o latte.<\/p>\n<p>Frutilu pu\u00f2 essere utilizzato anche come ingrediente nella preparazione di piatti dolci, frullati, gelati e altro ancora.<\/p>\n<p>QUANTIT\u00c0 NETTA: 100g\/ 3,53 oz<\/p>\n","protected":false},"featured_media":112990,"comment_status":"open","ping_status":"closed","template":"","meta":[],"product_brand":[],"product_cat":[1351,593,1594],"product_tag":[],"woo-feed-brand":[],"class_list":{"0":"post-112982","1":"product","2":"type-product","3":"status-publish","4":"has-post-thumbnail","6":"product_cat-bevande","7":"product_cat-classico","8":"product_cat-fr_front-it","9":"ts_product_brand-frutilu","11":"first","12":"outofstock","13":"taxable","14":"shipping-taxable","15":"purchasable","16":"product-type-simple"},"tiered_pricing_type":"fixed","tiered_pricing_fixed_rules":[],"tiered_pricing_product_settings":{"layout":"default","base_unit_name":{"singular":null,"plural":null},"default_variation":null},"tiered_pricing_minimum_quantity":null,"tiered_pricing_roles_data":[],"tiered_pricing_percentage_rules":[],"tiered_pricing_maximum_quantity":null,"tiered_pricing_quantity_step":null,"_links":{"self":[{"href":"https:\/\/instantdrinks.si\/it\/wp-json\/wp\/v2\/product\/112982","targetHints":{"allow":["GET"]}}],"collection":[{"href":"https:\/\/instantdrinks.si\/it\/wp-json\/wp\/v2\/product"}],"about":[{"href":"https:\/\/instantdrinks.si\/it\/wp-json\/wp\/v2\/types\/product"}],"replies":[{"embeddable":true,"href":"https:\/\/instantdrinks.si\/it\/wp-json\/wp\/v2\/comments?post=112982"}],"wp:featuredmedia":[{"embeddable":true,"href":"https:\/\/instantdrinks.si\/it\/wp-json\/wp\/v2\/media\/112990"}],"wp:attachment":[{"href":"https:\/\/instantdrinks.si\/it\/wp-json\/wp\/v2\/media?parent=112982"}],"wp:term":[{"taxonomy":"product_brand","embeddable":true,"href":"https:\/\/instantdrinks.si\/it\/wp-json\/wp\/v2\/product_brand?post=112982"},{"taxonomy":"product_cat","embeddable":true,"href":"https:\/\/instantdrinks.si\/it\/wp-json\/wp\/v2\/product_cat?post=112982"},{"taxonomy":"product_tag","embeddable":true,"href":"https:\/\/instantdrinks.si\/it\/wp-json\/wp\/v2\/product_tag?post=112982"},{"taxonomy":"woo-feed-brand","embeddable":true,"href":"https:\/\/instantdrinks.si\/it\/wp-json\/wp\/v2\/woo-feed-brand?post=112982"}],"curies":[{"name":"wp","href":"https:\/\/api.w.org\/{rel}","templated":true}]}}