{"id":112173,"date":"2025-07-09T11:35:16","date_gmt":"2025-07-09T09:35:16","guid":{"rendered":"https:\/\/instantdrinks.si\/?post_type=product&#038;p=112173"},"modified":"2025-09-15T08:10:44","modified_gmt":"2025-09-15T06:10:44","slug":"shaker-600-ml","status":"publish","type":"product","link":"https:\/\/instantdrinks.si\/it\/prodotto\/shaker-600-ml\/","title":{"rendered":"Shaker 600 ml"},"content":{"rendered":"<p>Capacit\u00e0: 600 ml<\/p>\n<p>Materiale: 100% plastica<\/p>\n<p>Peso: 140 g<\/p>\n<p>Istruzioni per l\u2019uso: Lava lo shaker prima e dopo ogni utilizzo.<\/p>\n<p><em>Prodotto in Turchia<\/em><\/p>\n","protected":false},"excerpt":{"rendered":"<p>Cerchi uno shaker per mescolare le tue bevande preferite? Allora questo prodotto \u00e8 perfetto per te. Lo shaker \u00e8 realizzato in plastica di alta qualit\u00e0 <strong>senza BPA<\/strong> e include un filtro removibile per facilitare la miscelazione. \u00c8 disponibile in vari colori trasparenti e vivaci.<\/p>\n","protected":false},"featured_media":112205,"comment_status":"open","ping_status":"closed","template":"","meta":[],"product_brand":[],"product_cat":[1424,1423],"product_tag":[],"woo-feed-brand":[],"class_list":{"0":"post-112173","1":"product","2":"type-product","3":"status-publish","4":"has-post-thumbnail","6":"product_cat-altro","7":"product_cat-bottiglie","9":"first","10":"instock","11":"sale","12":"taxable","13":"shipping-taxable","14":"purchasable","15":"product-type-variable"},"tiered_pricing_type":"fixed","tiered_pricing_fixed_rules":[],"tiered_pricing_product_settings":{"layout":"default","base_unit_name":{"singular":null,"plural":null},"default_variation":null},"tiered_pricing_minimum_quantity":null,"tiered_pricing_roles_data":[],"tiered_pricing_percentage_rules":[],"tiered_pricing_maximum_quantity":null,"tiered_pricing_quantity_step":null,"_links":{"self":[{"href":"https:\/\/instantdrinks.si\/it\/wp-json\/wp\/v2\/product\/112173","targetHints":{"allow":["GET"]}}],"collection":[{"href":"https:\/\/instantdrinks.si\/it\/wp-json\/wp\/v2\/product"}],"about":[{"href":"https:\/\/instantdrinks.si\/it\/wp-json\/wp\/v2\/types\/product"}],"replies":[{"embeddable":true,"href":"https:\/\/instantdrinks.si\/it\/wp-json\/wp\/v2\/comments?post=112173"}],"wp:featuredmedia":[{"embeddable":true,"href":"https:\/\/instantdrinks.si\/it\/wp-json\/wp\/v2\/media\/112205"}],"wp:attachment":[{"href":"https:\/\/instantdrinks.si\/it\/wp-json\/wp\/v2\/media?parent=112173"}],"wp:term":[{"taxonomy":"product_brand","embeddable":true,"href":"https:\/\/instantdrinks.si\/it\/wp-json\/wp\/v2\/product_brand?post=112173"},{"taxonomy":"product_cat","embeddable":true,"href":"https:\/\/instantdrinks.si\/it\/wp-json\/wp\/v2\/product_cat?post=112173"},{"taxonomy":"product_tag","embeddable":true,"href":"https:\/\/instantdrinks.si\/it\/wp-json\/wp\/v2\/product_tag?post=112173"},{"taxonomy":"woo-feed-brand","embeddable":true,"href":"https:\/\/instantdrinks.si\/it\/wp-json\/wp\/v2\/woo-feed-brand?post=112173"}],"curies":[{"name":"wp","href":"https:\/\/api.w.org\/{rel}","templated":true}]}}