{"id":106271,"date":"2024-09-10T01:23:02","date_gmt":"2024-09-09T23:23:02","guid":{"rendered":"https:\/\/instantdrinks.si\/Izdelek\/mini-hladilna-torba-iz-recikliranega-materiala-4-l\/"},"modified":"2024-12-25T14:53:23","modified_gmt":"2024-12-25T13:53:23","slug":"mini-hladilna-torba-iz-recikliranega-materiala-4-l","status":"publish","type":"product","link":"https:\/\/instantdrinks.si\/it\/prodotto\/mini-hladilna-torba-iz-recikliranega-materiala-4-l\/","title":{"rendered":"Mini borsa frigo Frutilu in materiale riciclato (4 L)"},"content":{"rendered":"<p>Questa mini borsa termica realizzata in materiale riciclato \u00e8 una versione pi\u00f9 piccola della classica borsa termica. \u00c8 una scelta eccellente per chiunque abbia bisogno di una soluzione compatta per raffreddare piccole quantit\u00e0 di cibi e bevande. La borsa \u00e8 ideale per l\u2019uso in viaggio, al lavoro o durante un picnic. Ha una comoda tasca esterna per riporre gli oggetti pi\u00f9 piccoli.<\/p>\n<p><strong>Istruzioni per la cura:<\/strong> la borsa ha un interno liscio che pu\u00f2 essere pulito con un panno umido. La borsa non deve essere lavata in lavatrice o asciugata in asciugatrice. Senza l\u2019uso di detersivi.<br \/>\n<strong>Materiale borsa:<\/strong> 100% poliestere (600D, riciclato)<br \/>\n<strong>Fodera interna:<\/strong> 100% polietilene vinil acetato (PEVA), senza BPA<br \/>\n<strong>Dimensioni:<\/strong> 24 x 17 x 17 cm<br \/>\n<strong>Peso:<\/strong> 220 g<\/p>\n","protected":false},"excerpt":{"rendered":"<div class=\"woocommerce-product-details__short-description\">\n<p><strong>Mini borsa termica Frutilu realizzata in materiale riciclato.<\/strong><\/p>\n<p>Questa mini borsa termica realizzata in materiale riciclato \u00e8 una versione pi\u00f9 piccola della classica borsa termica. \u00c8 una scelta eccellente per chiunque abbia bisogno di una soluzione compatta per raffreddare piccole quantit\u00e0 di cibi e bevande. La borsa \u00e8 ideale per l\u2019uso in viaggio, al lavoro o durante un picnic. Ha una comoda tasca esterna per riporre gli oggetti pi\u00f9 piccoli.<\/p>\n<\/div>\n<p><em>\u00a0<\/em><\/p>\n","protected":false},"featured_media":106272,"comment_status":"open","ping_status":"closed","template":"","meta":[],"product_brand":[],"product_cat":[1424,1453],"product_tag":[1359,1471],"woo-feed-brand":[],"class_list":{"0":"post-106271","1":"product","2":"type-product","3":"status-publish","4":"has-post-thumbnail","6":"product_cat-altro","7":"product_cat-borse","8":"product_tag-frutilu-it","9":"product_tag-hladilna-torba-it","10":"ts_product_brand-frutilu","12":"first","13":"instock","14":"taxable","15":"shipping-taxable","16":"purchasable","17":"product-type-simple"},"tiered_pricing_type":"fixed","tiered_pricing_fixed_rules":[],"tiered_pricing_product_settings":{"layout":"default","base_unit_name":{"singular":null,"plural":null},"default_variation":null},"tiered_pricing_minimum_quantity":null,"tiered_pricing_roles_data":[],"tiered_pricing_percentage_rules":[],"tiered_pricing_maximum_quantity":null,"tiered_pricing_quantity_step":null,"_links":{"self":[{"href":"https:\/\/instantdrinks.si\/it\/wp-json\/wp\/v2\/product\/106271","targetHints":{"allow":["GET"]}}],"collection":[{"href":"https:\/\/instantdrinks.si\/it\/wp-json\/wp\/v2\/product"}],"about":[{"href":"https:\/\/instantdrinks.si\/it\/wp-json\/wp\/v2\/types\/product"}],"replies":[{"embeddable":true,"href":"https:\/\/instantdrinks.si\/it\/wp-json\/wp\/v2\/comments?post=106271"}],"wp:featuredmedia":[{"embeddable":true,"href":"https:\/\/instantdrinks.si\/it\/wp-json\/wp\/v2\/media\/106272"}],"wp:attachment":[{"href":"https:\/\/instantdrinks.si\/it\/wp-json\/wp\/v2\/media?parent=106271"}],"wp:term":[{"taxonomy":"product_brand","embeddable":true,"href":"https:\/\/instantdrinks.si\/it\/wp-json\/wp\/v2\/product_brand?post=106271"},{"taxonomy":"product_cat","embeddable":true,"href":"https:\/\/instantdrinks.si\/it\/wp-json\/wp\/v2\/product_cat?post=106271"},{"taxonomy":"product_tag","embeddable":true,"href":"https:\/\/instantdrinks.si\/it\/wp-json\/wp\/v2\/product_tag?post=106271"},{"taxonomy":"woo-feed-brand","embeddable":true,"href":"https:\/\/instantdrinks.si\/it\/wp-json\/wp\/v2\/woo-feed-brand?post=106271"}],"curies":[{"name":"wp","href":"https:\/\/api.w.org\/{rel}","templated":true}]}}