{"id":134258,"date":"2026-03-06T14:15:50","date_gmt":"2026-03-06T13:15:50","guid":{"rendered":"https:\/\/instantdrinks.si\/?post_type=product&#038;p=134258"},"modified":"2026-03-19T12:07:25","modified_gmt":"2026-03-19T11:07:25","slug":"instant-drinks-step-mix-11x-9g","status":"publish","type":"product","link":"https:\/\/instantdrinks.si\/hr\/proizvod\/instant-drinks-step-mix-11x-9g\/","title":{"rendered":"Instant drinks STEP MIX (13x 9g)"},"content":{"rendered":"<p>Instant mje\u0161avina napitaka branda <strong><a href=\"https:\/\/instantdrinks.si\/hr\/marke-proizvoda\/step-frutti-hr\/\">STEP<\/a>.<\/strong> U ovom pakiranju dobit \u0107ete <strong>13 okusa.<\/strong><\/p>\n<p><em>U slu\u010daju da odre\u0111eni okus bude rasprodan, zadr\u017eavamo pravo izmjene sadr\u017eaja mje\u0161avine (koli\u010dina pakiranja ostaje nepromijenjena).<\/em><\/p>\n<p>&nbsp;<\/p>\n","protected":false},"excerpt":{"rendered":"<p>Instant mje\u0161avina napitaka branda <strong><a href=\"https:\/\/instantdrinks.si\/hr\/marke-proizvoda\/step-frutti-hr\/\">STEP<\/a>.<\/strong> U ovom pakiranju dobit \u0107ete <strong>11 okusa.<\/strong><\/p>\n<p><em>U slu\u010daju da odre\u0111eni okus bude rasprodan, zadr\u017eavamo pravo izmjene sadr\u017eaja mje\u0161avine (koli\u010dina pakiranja ostaje nepromijenjena).<\/em><\/p>\n<p>&nbsp;<\/p>\n","protected":false},"featured_media":134321,"comment_status":"closed","ping_status":"closed","template":"","meta":[],"product_brand":[],"product_cat":[1352,1347,1648],"product_tag":[632,682,683,684],"woo-feed-brand":[],"class_list":{"0":"post-134258","1":"product","2":"type-product","3":"status-publish","4":"has-post-thumbnail","6":"product_cat-miksi-hr","7":"product_cat-napici","8":"product_cat-top","9":"product_tag-aloe-vera-hr","10":"product_tag-brez-sladkorja-hr","11":"product_tag-instant-napitek-hr","12":"product_tag-mango-hr","13":"ts_product_brand-step-frutti-hr","15":"first","16":"instock","17":"taxable","18":"shipping-taxable","19":"purchasable","20":"product-type-simple"},"tiered_pricing_type":"fixed","tiered_pricing_fixed_rules":[],"tiered_pricing_product_settings":{"layout":"default","base_unit_name":{"singular":null,"plural":null},"default_variation":null},"tiered_pricing_minimum_quantity":null,"tiered_pricing_roles_data":[],"tiered_pricing_percentage_rules":[],"tiered_pricing_maximum_quantity":null,"tiered_pricing_quantity_step":null,"_links":{"self":[{"href":"https:\/\/instantdrinks.si\/hr\/wp-json\/wp\/v2\/product\/134258","targetHints":{"allow":["GET"]}}],"collection":[{"href":"https:\/\/instantdrinks.si\/hr\/wp-json\/wp\/v2\/product"}],"about":[{"href":"https:\/\/instantdrinks.si\/hr\/wp-json\/wp\/v2\/types\/product"}],"replies":[{"embeddable":true,"href":"https:\/\/instantdrinks.si\/hr\/wp-json\/wp\/v2\/comments?post=134258"}],"wp:featuredmedia":[{"embeddable":true,"href":"https:\/\/instantdrinks.si\/hr\/wp-json\/wp\/v2\/media\/134321"}],"wp:attachment":[{"href":"https:\/\/instantdrinks.si\/hr\/wp-json\/wp\/v2\/media?parent=134258"}],"wp:term":[{"taxonomy":"product_brand","embeddable":true,"href":"https:\/\/instantdrinks.si\/hr\/wp-json\/wp\/v2\/product_brand?post=134258"},{"taxonomy":"product_cat","embeddable":true,"href":"https:\/\/instantdrinks.si\/hr\/wp-json\/wp\/v2\/product_cat?post=134258"},{"taxonomy":"product_tag","embeddable":true,"href":"https:\/\/instantdrinks.si\/hr\/wp-json\/wp\/v2\/product_tag?post=134258"},{"taxonomy":"woo-feed-brand","embeddable":true,"href":"https:\/\/instantdrinks.si\/hr\/wp-json\/wp\/v2\/woo-feed-brand?post=134258"}],"curies":[{"name":"wp","href":"https:\/\/api.w.org\/{rel}","templated":true}]}}