{"id":134243,"date":"2026-03-06T13:18:28","date_gmt":"2026-03-06T12:18:28","guid":{"rendered":"https:\/\/instantdrinks.si\/?post_type=product&#038;p=134243"},"modified":"2026-03-19T12:04:48","modified_gmt":"2026-03-19T11:04:48","slug":"instant-drinks-frutti-mix-14x-85g","status":"publish","type":"product","link":"https:\/\/instantdrinks.si\/hr\/proizvod\/instant-drinks-frutti-mix-14x-85g\/","title":{"rendered":"Instant drinks FRUTTI MIX (12x 8,5g)"},"content":{"rendered":"<p>Instant mje\u0161avina napitaka branda <strong><a href=\"https:\/\/instantdrinks.si\/hr\/marke-proizvoda\/step-frutti-hr\/\">FRUTTI<\/a>.<\/strong> U ovom pakiranju dobit \u0107ete <strong>12 okusa.<\/strong><\/p>\n<p><em>U slu\u010daju da odre\u0111eni okus bude rasprodan, zadr\u017eavamo pravo izmjene sadr\u017eaja mje\u0161avine (koli\u010dina pakiranja ostaje nepromijenjena).<\/em><\/p>\n<p>&nbsp;<\/p>\n","protected":false},"excerpt":{"rendered":"<p>Instant mje\u0161avina napitaka branda <strong><a href=\"https:\/\/instantdrinks.si\/hr\/marke-proizvoda\/step-frutti-hr\/\">FRUTTI<\/a>.<\/strong> U ovom pakiranju dobit \u0107ete <strong>14 okusa.<\/strong><\/p>\n","protected":false},"featured_media":134501,"comment_status":"closed","ping_status":"closed","template":"","meta":[],"product_brand":[],"product_cat":[1352,1347,1648],"product_tag":[632,682,683,684],"woo-feed-brand":[],"class_list":{"0":"post-134243","1":"product","2":"type-product","3":"status-publish","4":"has-post-thumbnail","6":"product_cat-miksi-hr","7":"product_cat-napici","8":"product_cat-top","9":"product_tag-aloe-vera-hr","10":"product_tag-brez-sladkorja-hr","11":"product_tag-instant-napitek-hr","12":"product_tag-mango-hr","13":"ts_product_brand-step-frutti-hr","15":"first","16":"outofstock","17":"taxable","18":"shipping-taxable","19":"purchasable","20":"product-type-simple"},"tiered_pricing_type":"fixed","tiered_pricing_fixed_rules":[],"tiered_pricing_product_settings":{"layout":"default","base_unit_name":{"singular":null,"plural":null},"default_variation":null},"tiered_pricing_minimum_quantity":null,"tiered_pricing_roles_data":[],"tiered_pricing_percentage_rules":[],"tiered_pricing_maximum_quantity":null,"tiered_pricing_quantity_step":null,"_links":{"self":[{"href":"https:\/\/instantdrinks.si\/hr\/wp-json\/wp\/v2\/product\/134243","targetHints":{"allow":["GET"]}}],"collection":[{"href":"https:\/\/instantdrinks.si\/hr\/wp-json\/wp\/v2\/product"}],"about":[{"href":"https:\/\/instantdrinks.si\/hr\/wp-json\/wp\/v2\/types\/product"}],"replies":[{"embeddable":true,"href":"https:\/\/instantdrinks.si\/hr\/wp-json\/wp\/v2\/comments?post=134243"}],"wp:featuredmedia":[{"embeddable":true,"href":"https:\/\/instantdrinks.si\/hr\/wp-json\/wp\/v2\/media\/134501"}],"wp:attachment":[{"href":"https:\/\/instantdrinks.si\/hr\/wp-json\/wp\/v2\/media?parent=134243"}],"wp:term":[{"taxonomy":"product_brand","embeddable":true,"href":"https:\/\/instantdrinks.si\/hr\/wp-json\/wp\/v2\/product_brand?post=134243"},{"taxonomy":"product_cat","embeddable":true,"href":"https:\/\/instantdrinks.si\/hr\/wp-json\/wp\/v2\/product_cat?post=134243"},{"taxonomy":"product_tag","embeddable":true,"href":"https:\/\/instantdrinks.si\/hr\/wp-json\/wp\/v2\/product_tag?post=134243"},{"taxonomy":"woo-feed-brand","embeddable":true,"href":"https:\/\/instantdrinks.si\/hr\/wp-json\/wp\/v2\/woo-feed-brand?post=134243"}],"curies":[{"name":"wp","href":"https:\/\/api.w.org\/{rel}","templated":true}]}}