{"id":132662,"date":"2026-01-08T11:09:42","date_gmt":"2026-01-08T10:09:42","guid":{"rendered":"https:\/\/instantdrinks.si\/?post_type=product&#038;p=132662"},"modified":"2026-03-04T15:06:06","modified_gmt":"2026-03-04T14:06:06","slug":"choco-0-sugar-bundle-free-shaker","status":"publish","type":"product","link":"https:\/\/instantdrinks.si\/hr\/proizvod\/choco-0-sugar-bundle-free-shaker\/","title":{"rendered":"Choco 0% sugar bundle + free shaker"},"content":{"rendered":"<h3 data-start=\"491\" data-end=\"513\">U paketu dobivate:<\/h3>\n<p data-start=\"516\" data-end=\"546\">3\u00d7 Frutilu \u010dokoladni napitak<\/p>\n<p data-start=\"549\" data-end=\"627\">1\u00d7 11fit napitak: nutcream, cookie cream, choco praline, brownie, cheesecake<\/p>\n<p data-start=\"630\" data-end=\"657\">1\u00d7 11fit preljev \u010dokolada<\/p>\n<p data-start=\"660\" data-end=\"694\">1\u00d7 11fit preljev bijela \u010dokolada<\/p>\n<p data-start=\"731\" data-end=\"742\">1\u00d7 shaker <span style=\"color: #ff0000;\">GRATIS<\/span><\/p>\n<p><em>\u00a0<\/em><\/p>\n","protected":false},"excerpt":{"rendered":"<p data-start=\"144\" data-end=\"489\"><strong data-start=\"144\" data-end=\"168\">Paket CHOCO 0% SUGAR<\/strong> je savr\u0161en izbor za sve ljubitelje \u010dokolade koji \u017eele u\u017eivati bez gri\u017enje savjesti. Sadr\u017ei pa\u017eljivo odabrane Frutilu i 11fit \u010dokoladne napitke, ukusne prelijeve i kikiriki namaz, te prakti\u010dni shaker za brzu pripremu. Paket je zapakiran u ekolo\u0161ki prihvatljivu vre\u0107icu od recikliranog pamuka i odli\u010dna je ideja za poklon.<\/p>\n<h3 data-start=\"491\" data-end=\"513\">U paketu dobivate:<\/h3>\n<p data-start=\"516\" data-end=\"546\">3\u00d7 Frutilu \u010dokoladni napitak<\/p>\n<p data-start=\"549\" data-end=\"627\">1\u00d7 11fit napitak: nutcream, cookie cream, choco praline, brownie, cheesecake<\/p>\n<p data-start=\"630\" data-end=\"657\">1\u00d7 11fit preljev \u010dokolada<\/p>\n<p data-start=\"660\" data-end=\"694\">1\u00d7 11fit preljev bijela \u010dokolada<\/p>\n<p data-start=\"731\" data-end=\"742\">1\u00d7 shaker<\/p>\n","protected":false},"featured_media":134542,"comment_status":"closed","ping_status":"closed","template":"","meta":[],"product_brand":[],"product_cat":[1352],"product_tag":[732,709],"woo-feed-brand":[],"class_list":{"0":"post-132662","1":"product","2":"type-product","3":"status-publish","4":"has-post-thumbnail","6":"product_cat-miksi-hr","7":"product_tag-napitki-brez-sladkorja-hr","8":"product_tag-sugar-free-napitki-hr","10":"first","11":"instock","12":"taxable","13":"shipping-taxable","14":"purchasable","15":"product-type-simple"},"tiered_pricing_type":"fixed","tiered_pricing_fixed_rules":[],"tiered_pricing_product_settings":{"layout":"default","base_unit_name":{"singular":null,"plural":null},"default_variation":null},"tiered_pricing_minimum_quantity":null,"tiered_pricing_roles_data":[],"tiered_pricing_percentage_rules":[],"tiered_pricing_maximum_quantity":null,"tiered_pricing_quantity_step":null,"_links":{"self":[{"href":"https:\/\/instantdrinks.si\/hr\/wp-json\/wp\/v2\/product\/132662","targetHints":{"allow":["GET"]}}],"collection":[{"href":"https:\/\/instantdrinks.si\/hr\/wp-json\/wp\/v2\/product"}],"about":[{"href":"https:\/\/instantdrinks.si\/hr\/wp-json\/wp\/v2\/types\/product"}],"replies":[{"embeddable":true,"href":"https:\/\/instantdrinks.si\/hr\/wp-json\/wp\/v2\/comments?post=132662"}],"wp:featuredmedia":[{"embeddable":true,"href":"https:\/\/instantdrinks.si\/hr\/wp-json\/wp\/v2\/media\/134542"}],"wp:attachment":[{"href":"https:\/\/instantdrinks.si\/hr\/wp-json\/wp\/v2\/media?parent=132662"}],"wp:term":[{"taxonomy":"product_brand","embeddable":true,"href":"https:\/\/instantdrinks.si\/hr\/wp-json\/wp\/v2\/product_brand?post=132662"},{"taxonomy":"product_cat","embeddable":true,"href":"https:\/\/instantdrinks.si\/hr\/wp-json\/wp\/v2\/product_cat?post=132662"},{"taxonomy":"product_tag","embeddable":true,"href":"https:\/\/instantdrinks.si\/hr\/wp-json\/wp\/v2\/product_tag?post=132662"},{"taxonomy":"woo-feed-brand","embeddable":true,"href":"https:\/\/instantdrinks.si\/hr\/wp-json\/wp\/v2\/woo-feed-brand?post=132662"}],"curies":[{"name":"wp","href":"https:\/\/api.w.org\/{rel}","templated":true}]}}