{"id":132658,"date":"2026-01-08T10:41:03","date_gmt":"2026-01-08T09:41:03","guid":{"rendered":"https:\/\/instantdrinks.si\/?post_type=product&#038;p=132658"},"modified":"2026-03-04T15:04:44","modified_gmt":"2026-03-04T14:04:44","slug":"fitness-classic-bundle-free-shaker","status":"publish","type":"product","link":"https:\/\/instantdrinks.si\/hr\/proizvod\/fitness-classic-bundle-free-shaker\/","title":{"rendered":"Fitness Classic bundle + free shaker"},"content":{"rendered":"<h3 data-start=\"517\" data-end=\"539\">U paketu dobivate:<\/h3>\n<p data-start=\"542\" data-end=\"569\">3\u00d7 napitak Frutilu Energy<\/p>\n<p data-start=\"572\" data-end=\"596\">1\u00d7 Bolero Mix&amp;Go Sport<\/p>\n<p data-start=\"599\" data-end=\"634\">2\u00d7 napitak Pro Nutrition 4Hydrate<\/p>\n<p data-start=\"637\" data-end=\"672\">2\u00d7 napitak Pro Nutrition 4Recover<\/p>\n<p data-start=\"675\" data-end=\"703\">1\u00d7 miks napitaka Berry mix<\/p>\n<p data-start=\"706\" data-end=\"731\">1\u00d7 11fit preljev \u010dokoladno jaje<\/p>\n<p data-start=\"776\" data-end=\"787\">1\u00d7 shaker<\/p>\n<p><em>\u00a0<\/em><\/p>\n","protected":false},"excerpt":{"rendered":"<p><strong data-start=\"176\" data-end=\"201\">Fitness Classic paket<\/strong> je svestran komplet za svakodnevnu podr\u0161ku tvom aktivnom na\u010dinu \u017eivota. Sadr\u017ei pa\u017eljivo odabrane proizvode za energiju, hidrataciju i regeneraciju, prikladne za trening kao i za kori\u0161tenje tijekom dana. Paket je zapakiran u ekolo\u0161ki prihvatljivu vre\u0107icu od recikliranog pamuka. Tako\u0111er je odli\u010dna ideja za poklon.<\/p>\n<h3 data-start=\"517\" data-end=\"539\">U paketu dobivate:<\/h3>\n<p data-start=\"542\" data-end=\"569\">3\u00d7 napitak Frutilu Energy<\/p>\n<p data-start=\"572\" data-end=\"596\">1\u00d7 Bolero Mix&amp;Go Sport<\/p>\n<p data-start=\"599\" data-end=\"634\">2\u00d7 napitak Pro Nutrition 4Hydrate<\/p>\n<p data-start=\"637\" data-end=\"672\">2\u00d7 napitak Pro Nutrition 4Recover<\/p>\n<p data-start=\"675\" data-end=\"703\">1\u00d7 miks napitaka Berry mix<\/p>\n<p data-start=\"706\" data-end=\"731\">1\u00d7 11fit preljev \u010dokoladno jaje<\/p>\n<p data-start=\"776\" data-end=\"787\">1\u00d7 shaker<\/p>\n","protected":false},"featured_media":134102,"comment_status":"closed","ping_status":"closed","template":"","meta":[],"product_brand":[],"product_cat":[1352],"product_tag":[732,709],"woo-feed-brand":[],"class_list":{"0":"post-132658","1":"product","2":"type-product","3":"status-publish","4":"has-post-thumbnail","6":"product_cat-miksi-hr","7":"product_tag-napitki-brez-sladkorja-hr","8":"product_tag-sugar-free-napitki-hr","10":"first","11":"instock","12":"taxable","13":"shipping-taxable","14":"purchasable","15":"product-type-simple"},"tiered_pricing_type":"fixed","tiered_pricing_fixed_rules":[],"tiered_pricing_product_settings":{"layout":"default","base_unit_name":{"singular":null,"plural":null},"default_variation":null},"tiered_pricing_minimum_quantity":null,"tiered_pricing_roles_data":[],"tiered_pricing_percentage_rules":[],"tiered_pricing_maximum_quantity":null,"tiered_pricing_quantity_step":null,"_links":{"self":[{"href":"https:\/\/instantdrinks.si\/hr\/wp-json\/wp\/v2\/product\/132658","targetHints":{"allow":["GET"]}}],"collection":[{"href":"https:\/\/instantdrinks.si\/hr\/wp-json\/wp\/v2\/product"}],"about":[{"href":"https:\/\/instantdrinks.si\/hr\/wp-json\/wp\/v2\/types\/product"}],"replies":[{"embeddable":true,"href":"https:\/\/instantdrinks.si\/hr\/wp-json\/wp\/v2\/comments?post=132658"}],"wp:featuredmedia":[{"embeddable":true,"href":"https:\/\/instantdrinks.si\/hr\/wp-json\/wp\/v2\/media\/134102"}],"wp:attachment":[{"href":"https:\/\/instantdrinks.si\/hr\/wp-json\/wp\/v2\/media?parent=132658"}],"wp:term":[{"taxonomy":"product_brand","embeddable":true,"href":"https:\/\/instantdrinks.si\/hr\/wp-json\/wp\/v2\/product_brand?post=132658"},{"taxonomy":"product_cat","embeddable":true,"href":"https:\/\/instantdrinks.si\/hr\/wp-json\/wp\/v2\/product_cat?post=132658"},{"taxonomy":"product_tag","embeddable":true,"href":"https:\/\/instantdrinks.si\/hr\/wp-json\/wp\/v2\/product_tag?post=132658"},{"taxonomy":"woo-feed-brand","embeddable":true,"href":"https:\/\/instantdrinks.si\/hr\/wp-json\/wp\/v2\/woo-feed-brand?post=132658"}],"curies":[{"name":"wp","href":"https:\/\/api.w.org\/{rel}","templated":true}]}}