{"id":132654,"date":"2026-01-08T10:11:08","date_gmt":"2026-01-08T09:11:08","guid":{"rendered":"https:\/\/instantdrinks.si\/?post_type=product&#038;p=132654"},"modified":"2026-03-04T15:02:45","modified_gmt":"2026-03-04T14:02:45","slug":"fitness-energy-up-bundle-free-shaker","status":"publish","type":"product","link":"https:\/\/instantdrinks.si\/hr\/proizvod\/fitness-energy-up-bundle-free-shaker\/","title":{"rendered":"Fitness Energy Up bundle + free shaker"},"content":{"rendered":"<h3 data-start=\"516\" data-end=\"538\">U paketu dobivate:<\/h3>\n<p data-start=\"541\" data-end=\"577\">1\u00d7 napitak INSTICK Citrus Isotonic<\/p>\n<p data-start=\"580\" data-end=\"608\">10\u00d7 napitak Frutilu Energy<\/p>\n<p data-start=\"611\" data-end=\"646\">2\u00d7 napitak Pro Nutrition 4Hydrate<\/p>\n<p data-start=\"649\" data-end=\"684\">2\u00d7 napitak Pro Nutrition 4Recover<\/p>\n<p data-start=\"687\" data-end=\"716\">1\u00d7 miks napitaka Citrus mix<\/p>\n<p data-start=\"719\" data-end=\"746\">1\u00d7 11fit preljev karamela<\/p>\n<p data-start=\"799\" data-end=\"810\">1\u00d7 shaker<\/p>\n<p><em>\u00a0<\/em><\/p>\n","protected":false},"excerpt":{"rendered":"<p data-start=\"160\" data-end=\"514\"><strong data-start=\"160\" data-end=\"187\">FITNESS ENERGY UP paket<\/strong> je idealan paket za podr\u0161ku energiji, hidrataciji i regeneraciji tijekom treninga. Sadr\u017ei pa\u017eljivo odabrane instant napitke, ukusne 11fit proizvode i prakti\u010dni shaker. Paket je zapakiran u ekolo\u0161ki prihvatljivu vre\u0107icu od recikliranog pamuka, prikladnu za vi\u0161ekratnu upotrebu. Odli\u010dan je izbor za aktivne osobe ili kao poklon.<\/p>\n<h3 data-start=\"516\" data-end=\"538\">U paketu dobivate:<\/h3>\n<p data-start=\"541\" data-end=\"577\">1\u00d7 napitak INSTICK Citrus Isotonic<\/p>\n<p data-start=\"580\" data-end=\"608\">10\u00d7 napitak Frutilu Energy<\/p>\n<p data-start=\"611\" data-end=\"646\">2\u00d7 napitak Pro Nutrition 4Hydrate<\/p>\n<p data-start=\"649\" data-end=\"684\">2\u00d7 napitak Pro Nutrition 4Recover<\/p>\n<p data-start=\"687\" data-end=\"716\">1\u00d7 miks napitaka Citrus mix<\/p>\n<p data-start=\"719\" data-end=\"746\">1\u00d7 11fit preljev karamela<\/p>\n<p data-start=\"799\" data-end=\"810\">1\u00d7 shaker<\/p>\n","protected":false},"featured_media":134116,"comment_status":"closed","ping_status":"closed","template":"","meta":[],"product_brand":[],"product_cat":[1352],"product_tag":[732,709],"woo-feed-brand":[],"class_list":{"0":"post-132654","1":"product","2":"type-product","3":"status-publish","4":"has-post-thumbnail","6":"product_cat-miksi-hr","7":"product_tag-napitki-brez-sladkorja-hr","8":"product_tag-sugar-free-napitki-hr","10":"first","11":"instock","12":"taxable","13":"shipping-taxable","14":"purchasable","15":"product-type-simple"},"tiered_pricing_type":"fixed","tiered_pricing_fixed_rules":[],"tiered_pricing_product_settings":{"layout":"default","base_unit_name":{"singular":null,"plural":null},"default_variation":null},"tiered_pricing_minimum_quantity":null,"tiered_pricing_roles_data":[],"tiered_pricing_percentage_rules":[],"tiered_pricing_maximum_quantity":null,"tiered_pricing_quantity_step":null,"_links":{"self":[{"href":"https:\/\/instantdrinks.si\/hr\/wp-json\/wp\/v2\/product\/132654","targetHints":{"allow":["GET"]}}],"collection":[{"href":"https:\/\/instantdrinks.si\/hr\/wp-json\/wp\/v2\/product"}],"about":[{"href":"https:\/\/instantdrinks.si\/hr\/wp-json\/wp\/v2\/types\/product"}],"replies":[{"embeddable":true,"href":"https:\/\/instantdrinks.si\/hr\/wp-json\/wp\/v2\/comments?post=132654"}],"wp:featuredmedia":[{"embeddable":true,"href":"https:\/\/instantdrinks.si\/hr\/wp-json\/wp\/v2\/media\/134116"}],"wp:attachment":[{"href":"https:\/\/instantdrinks.si\/hr\/wp-json\/wp\/v2\/media?parent=132654"}],"wp:term":[{"taxonomy":"product_brand","embeddable":true,"href":"https:\/\/instantdrinks.si\/hr\/wp-json\/wp\/v2\/product_brand?post=132654"},{"taxonomy":"product_cat","embeddable":true,"href":"https:\/\/instantdrinks.si\/hr\/wp-json\/wp\/v2\/product_cat?post=132654"},{"taxonomy":"product_tag","embeddable":true,"href":"https:\/\/instantdrinks.si\/hr\/wp-json\/wp\/v2\/product_tag?post=132654"},{"taxonomy":"woo-feed-brand","embeddable":true,"href":"https:\/\/instantdrinks.si\/hr\/wp-json\/wp\/v2\/woo-feed-brand?post=132654"}],"curies":[{"name":"wp","href":"https:\/\/api.w.org\/{rel}","templated":true}]}}