{"id":131753,"date":"2024-10-16T12:49:53","date_gmt":"2024-10-16T10:49:53","guid":{"rendered":"https:\/\/instantdrinks.si\/?post_type=product&#038;p=131753"},"modified":"2025-11-06T11:58:01","modified_gmt":"2025-11-06T10:58:01","slug":"elevenfit-vanilija","status":"publish","type":"product","link":"https:\/\/instantdrinks.si\/hr\/proizvod\/elevenfit-vanilija\/","title":{"rendered":"Elevenfit vanilija"},"content":{"rendered":"<p>Elevenfit Mix instant pra\u0161kasti napitci izvrstan su izbor za sve ljubitelje napitaka <strong>bez \u0161e\u0107era.<\/strong><\/p>\n<p>Napitci su <strong>niskokalori\u010dni i s malo ugljikohidrata<\/strong>, pa su pogodni za sve prehrane kojima je cilj <strong>mr\u0161avljenje.<\/strong> S jednom \u010da\u0161om (250 ml) unijet \u0107ete<strong> samo 5 kalorija!<\/strong><\/p>\n<p>S jednim pakiranjem mo\u017eete pripremiti <strong>najmanje 1,5 l ukusnog napitka<\/strong>, a mo\u017ee se mije\u0161ati i s mlijekom i drugim namirnicama, npr. jogurtom, svje\u017eim sirom, smoothiejima, desertima, koktelima itd. Napitci ne sadr\u017ee zasla\u0111iva\u010de aspartam i acesulfam K i napravljeni su samo od najboljih sastojaka.<\/p>\n<p>Elevenfit proizvodi ne sadr\u017ee alergene, gluten, laktozu i genetski modificirane sastojke.<\/p>\n<p>Napitak je pakiran u vre\u0107ici. Neto te\u017eina: 9 g.<\/p>\n","protected":false},"excerpt":{"rendered":"<p>Elevenfit Mix instant napitak<\/p>\n<p>Proizvod <strong>ne sadr\u017ei \u0161e\u0107er<\/strong>, pa je pogodan za sve prehrane kojima je cilj <strong>mr\u0161avljenje<\/strong>. S jednim pakiranjem mo\u017eete pripremiti najmanje 1,5 l napitka.<\/p>\n<p><em>Ne sadr\u017ei alergene, gluten, laktozu i genetski modificirane sastojke.<\/em><\/p>\n","protected":false},"featured_media":105999,"comment_status":"open","ping_status":"closed","template":"","meta":[],"product_brand":[],"product_cat":[681,1347],"product_tag":[],"woo-feed-brand":[],"class_list":{"0":"post-131753","1":"product","2":"type-product","3":"status-publish","4":"has-post-thumbnail","6":"product_cat-classic-hr","7":"product_cat-napici","8":"ts_product_brand-elevenfit-hr-2","10":"first","11":"instock","12":"sale","13":"taxable","14":"shipping-taxable","15":"purchasable","16":"product-type-simple"},"tiered_pricing_type":"fixed","tiered_pricing_fixed_rules":[],"tiered_pricing_product_settings":{"layout":"default","base_unit_name":{"singular":null,"plural":null},"default_variation":null},"tiered_pricing_minimum_quantity":null,"tiered_pricing_roles_data":[],"tiered_pricing_percentage_rules":[],"tiered_pricing_maximum_quantity":null,"tiered_pricing_quantity_step":null,"_links":{"self":[{"href":"https:\/\/instantdrinks.si\/hr\/wp-json\/wp\/v2\/product\/131753","targetHints":{"allow":["GET"]}}],"collection":[{"href":"https:\/\/instantdrinks.si\/hr\/wp-json\/wp\/v2\/product"}],"about":[{"href":"https:\/\/instantdrinks.si\/hr\/wp-json\/wp\/v2\/types\/product"}],"replies":[{"embeddable":true,"href":"https:\/\/instantdrinks.si\/hr\/wp-json\/wp\/v2\/comments?post=131753"}],"wp:featuredmedia":[{"embeddable":true,"href":"https:\/\/instantdrinks.si\/hr\/wp-json\/wp\/v2\/media\/105999"}],"wp:attachment":[{"href":"https:\/\/instantdrinks.si\/hr\/wp-json\/wp\/v2\/media?parent=131753"}],"wp:term":[{"taxonomy":"product_brand","embeddable":true,"href":"https:\/\/instantdrinks.si\/hr\/wp-json\/wp\/v2\/product_brand?post=131753"},{"taxonomy":"product_cat","embeddable":true,"href":"https:\/\/instantdrinks.si\/hr\/wp-json\/wp\/v2\/product_cat?post=131753"},{"taxonomy":"product_tag","embeddable":true,"href":"https:\/\/instantdrinks.si\/hr\/wp-json\/wp\/v2\/product_tag?post=131753"},{"taxonomy":"woo-feed-brand","embeddable":true,"href":"https:\/\/instantdrinks.si\/hr\/wp-json\/wp\/v2\/woo-feed-brand?post=131753"}],"curies":[{"name":"wp","href":"https:\/\/api.w.org\/{rel}","templated":true}]}}