{"id":113846,"date":"2025-09-24T15:36:49","date_gmt":"2025-09-24T13:36:49","guid":{"rendered":"https:\/\/instantdrinks.si\/?post_type=product&#038;p=113846"},"modified":"2026-02-02T15:47:29","modified_gmt":"2026-02-02T14:47:29","slug":"elevenfit-krema-od-kikirikija-karamela","status":"publish","type":"product","link":"https:\/\/instantdrinks.si\/hr\/proizvod\/elevenfit-krema-od-kikirikija-karamela\/","title":{"rendered":"Elevenfit krema od kikirikija Karamela"},"content":{"rendered":"<p data-start=\"1045\" data-end=\"1225\">Elevenfit kikirikijevi namazi spajaju bogat okus pr\u017eenih kikirikija s dodanim okusima poput karamele, bijele \u010dokolade, cookies &amp; cream, kondenziranog mlijeka i mnogih drugih.<\/p>\n<p data-start=\"1227\" data-end=\"1589\">Namazi su zasla\u0111eni sukralozom, stoga ne sadr\u017ee dodani \u0161e\u0107er, a unato\u010d tome nude savr\u0161enu ravnote\u017eu slatko\u0107e i kremaste teksture. Izvrstan su izvor proteina, vlakana i zdravih masno\u0107a, te su prikladni kako za sporta\u0161e tako i za sve koji tra\u017ee hranjivu i ukusnu u\u017einu. Koristite ih na kruhu, pala\u010dinkama, u zobenim ka\u0161ama, smoothiejima ili jednostavno na \u017elicu.<\/p>\n","protected":false},"excerpt":{"rendered":"<p data-start=\"663\" data-end=\"865\">Elevenfit kikirikijevi namazi napravljeni su od <strong>pr\u017eenih kikirikija<\/strong> i <strong>ne sadr\u017ee dodani \u0161e\u0107er<\/strong>. Ako tra\u017eite druga\u010diji namaz za ukusan doru\u010dak, u\u017einu ili me\u0111uobrok bez \u0161e\u0107era, ovaj namaz je savr\u0161en izbor.<\/p>\n<p data-start=\"867\" data-end=\"893\">Neto koli\u010dina: 300 g<\/p>\n","protected":false},"featured_media":113957,"comment_status":"closed","ping_status":"closed","template":"","meta":[],"product_brand":[],"product_cat":[1643],"product_tag":[],"woo-feed-brand":[],"class_list":{"0":"post-113846","1":"product","2":"type-product","3":"status-publish","4":"has-post-thumbnail","6":"product_cat-namazi","7":"ts_product_brand-elevenfit-hr-2","9":"first","10":"outofstock","11":"sale","12":"taxable","13":"shipping-taxable","14":"purchasable","15":"product-type-simple"},"tiered_pricing_type":"fixed","tiered_pricing_fixed_rules":[],"tiered_pricing_product_settings":{"layout":"default","base_unit_name":{"singular":null,"plural":null},"default_variation":null},"tiered_pricing_minimum_quantity":null,"tiered_pricing_roles_data":[],"tiered_pricing_percentage_rules":[],"tiered_pricing_maximum_quantity":null,"tiered_pricing_quantity_step":null,"_links":{"self":[{"href":"https:\/\/instantdrinks.si\/hr\/wp-json\/wp\/v2\/product\/113846","targetHints":{"allow":["GET"]}}],"collection":[{"href":"https:\/\/instantdrinks.si\/hr\/wp-json\/wp\/v2\/product"}],"about":[{"href":"https:\/\/instantdrinks.si\/hr\/wp-json\/wp\/v2\/types\/product"}],"replies":[{"embeddable":true,"href":"https:\/\/instantdrinks.si\/hr\/wp-json\/wp\/v2\/comments?post=113846"}],"wp:featuredmedia":[{"embeddable":true,"href":"https:\/\/instantdrinks.si\/hr\/wp-json\/wp\/v2\/media\/113957"}],"wp:attachment":[{"href":"https:\/\/instantdrinks.si\/hr\/wp-json\/wp\/v2\/media?parent=113846"}],"wp:term":[{"taxonomy":"product_brand","embeddable":true,"href":"https:\/\/instantdrinks.si\/hr\/wp-json\/wp\/v2\/product_brand?post=113846"},{"taxonomy":"product_cat","embeddable":true,"href":"https:\/\/instantdrinks.si\/hr\/wp-json\/wp\/v2\/product_cat?post=113846"},{"taxonomy":"product_tag","embeddable":true,"href":"https:\/\/instantdrinks.si\/hr\/wp-json\/wp\/v2\/product_tag?post=113846"},{"taxonomy":"woo-feed-brand","embeddable":true,"href":"https:\/\/instantdrinks.si\/hr\/wp-json\/wp\/v2\/woo-feed-brand?post=113846"}],"curies":[{"name":"wp","href":"https:\/\/api.w.org\/{rel}","templated":true}]}}