{"id":113751,"date":"2025-09-17T10:35:17","date_gmt":"2025-09-17T08:35:17","guid":{"rendered":"https:\/\/instantdrinks.si\/?post_type=product&#038;p=113751"},"modified":"2025-09-18T13:39:40","modified_gmt":"2025-09-18T11:39:40","slug":"elevenfit-burger-umak-330-ml","status":"publish","type":"product","link":"https:\/\/instantdrinks.si\/hr\/proizvod\/elevenfit-burger-umak-330-ml\/","title":{"rendered":"Elevenfit Burger umak, 330 ml"},"content":{"rendered":"<p data-start=\"892\" data-end=\"1182\">Ukusni umaci s iznimno <strong>niskim udjelom kalorija<\/strong>, <strong>bez dodanog \u0161e\u0107era<\/strong> i <strong>bez masti<\/strong>, koji oboga\u0107uju svaki obrok. ElevenFit umake koristite kao dodatak mesnim jelima (hamburgeri, kebab, pe\u010deno meso), prilozima (pomfrit, povr\u0107e, pe\u010deni krumpir), sendvi\u010dima, wrapovima, salatama i jo\u0161 mnogo toga.<\/p>\n<p data-start=\"1184\" data-end=\"1234\"><strong>Bo\u010dica sadr\u017ei 85 porcija. Neto koli\u010dina: 330 ml.<\/strong><\/p>\n","protected":false},"excerpt":{"rendered":"<p>ElevenFit umaci pravi su izbor za sve koji \u017eele <strong>u\u017eivati u bogatom okusu bez gri\u017enje savjesti<\/strong>. <strong>Bez \u0161e\u0107era<\/strong>, <strong>bez masti<\/strong> i s <strong>iznimno niskom kalorijskom vrijedno\u0161\u0107u<\/strong> savr\u0161en su i brz dodatak svakodnevnim jelima. Odli\u010dno se sla\u017eu s mesnim specijalitetima, prilozima, sendvi\u010dima, wrapovima, kao i sa salatama i drugim omiljenim jelima. Jedna bo\u010dica (330 ml) dovoljna je za pribli\u017eno <strong>85 porcija<\/strong>. Dostupno je vi\u0161e jedinstvenih okusa.<\/p>\n","protected":false},"featured_media":113771,"comment_status":"closed","ping_status":"closed","template":"","meta":[],"product_brand":[],"product_cat":[1509],"product_tag":[],"woo-feed-brand":[],"class_list":{"0":"post-113751","1":"product","2":"type-product","3":"status-publish","4":"has-post-thumbnail","6":"product_cat-sirupi-hr","7":"ts_product_brand-elevenfit-hr-2","9":"first","10":"outofstock","11":"sale","12":"taxable","13":"shipping-taxable","14":"purchasable","15":"product-type-simple"},"tiered_pricing_type":"fixed","tiered_pricing_fixed_rules":[],"tiered_pricing_product_settings":{"layout":"default","base_unit_name":{"singular":null,"plural":null},"default_variation":null},"tiered_pricing_minimum_quantity":null,"tiered_pricing_roles_data":[],"tiered_pricing_percentage_rules":[],"tiered_pricing_maximum_quantity":null,"tiered_pricing_quantity_step":null,"_links":{"self":[{"href":"https:\/\/instantdrinks.si\/hr\/wp-json\/wp\/v2\/product\/113751","targetHints":{"allow":["GET"]}}],"collection":[{"href":"https:\/\/instantdrinks.si\/hr\/wp-json\/wp\/v2\/product"}],"about":[{"href":"https:\/\/instantdrinks.si\/hr\/wp-json\/wp\/v2\/types\/product"}],"replies":[{"embeddable":true,"href":"https:\/\/instantdrinks.si\/hr\/wp-json\/wp\/v2\/comments?post=113751"}],"wp:featuredmedia":[{"embeddable":true,"href":"https:\/\/instantdrinks.si\/hr\/wp-json\/wp\/v2\/media\/113771"}],"wp:attachment":[{"href":"https:\/\/instantdrinks.si\/hr\/wp-json\/wp\/v2\/media?parent=113751"}],"wp:term":[{"taxonomy":"product_brand","embeddable":true,"href":"https:\/\/instantdrinks.si\/hr\/wp-json\/wp\/v2\/product_brand?post=113751"},{"taxonomy":"product_cat","embeddable":true,"href":"https:\/\/instantdrinks.si\/hr\/wp-json\/wp\/v2\/product_cat?post=113751"},{"taxonomy":"product_tag","embeddable":true,"href":"https:\/\/instantdrinks.si\/hr\/wp-json\/wp\/v2\/product_tag?post=113751"},{"taxonomy":"woo-feed-brand","embeddable":true,"href":"https:\/\/instantdrinks.si\/hr\/wp-json\/wp\/v2\/woo-feed-brand?post=113751"}],"curies":[{"name":"wp","href":"https:\/\/api.w.org\/{rel}","templated":true}]}}