{"id":112171,"date":"2025-07-09T11:35:16","date_gmt":"2025-07-09T09:35:16","guid":{"rendered":"https:\/\/instantdrinks.si\/?post_type=product&#038;p=112171"},"modified":"2025-09-15T08:11:53","modified_gmt":"2025-09-15T06:11:53","slug":"plasticni-sejker-600-ml","status":"publish","type":"product","link":"https:\/\/instantdrinks.si\/hr\/proizvod\/plasticni-sejker-600-ml\/","title":{"rendered":"Plasti\u010dni \u0161ejker 600 ml"},"content":{"rendered":"<p>Kapacitet: 600 ml<br \/>\nMaterijal: 100% plastika<br \/>\nTe\u017eina: 140 g<br \/>\nUpute za uporabu: Operi shaker prije i nakon svake uporabe.<br \/>\n<em>Proizvedeno u Turskoj<\/em><\/p>\n<p>&nbsp;<\/p>\n","protected":false},"excerpt":{"rendered":"<p>Tra\u017ei\u0161 prakti\u010dni shaker za mije\u0161anje svojih omiljenih napitaka? Ovaj proizvod je savr\u0161en za tebe. Shaker je izra\u0111en od kvalitetne plastike <strong>bez BPA<\/strong> i dolazi s uklonjivim sitom za lak\u0161e mije\u0161anje. Dostupan je u raznim \u017eivopisnim prozirnim bojama.<\/p>\n","protected":false},"featured_media":112203,"comment_status":"open","ping_status":"closed","template":"","meta":[],"product_brand":[],"product_cat":[1404,1403],"product_tag":[],"woo-feed-brand":[],"class_list":{"0":"post-112171","1":"product","2":"type-product","3":"status-publish","4":"has-post-thumbnail","6":"product_cat-ostalo-hr","7":"product_cat-flaske-hr","9":"first","10":"instock","11":"sale","12":"taxable","13":"shipping-taxable","14":"purchasable","15":"product-type-variable"},"tiered_pricing_type":"fixed","tiered_pricing_fixed_rules":[],"tiered_pricing_product_settings":{"layout":"default","base_unit_name":{"singular":null,"plural":null},"default_variation":null},"tiered_pricing_minimum_quantity":null,"tiered_pricing_roles_data":[],"tiered_pricing_percentage_rules":[],"tiered_pricing_maximum_quantity":null,"tiered_pricing_quantity_step":null,"_links":{"self":[{"href":"https:\/\/instantdrinks.si\/hr\/wp-json\/wp\/v2\/product\/112171","targetHints":{"allow":["GET"]}}],"collection":[{"href":"https:\/\/instantdrinks.si\/hr\/wp-json\/wp\/v2\/product"}],"about":[{"href":"https:\/\/instantdrinks.si\/hr\/wp-json\/wp\/v2\/types\/product"}],"replies":[{"embeddable":true,"href":"https:\/\/instantdrinks.si\/hr\/wp-json\/wp\/v2\/comments?post=112171"}],"wp:featuredmedia":[{"embeddable":true,"href":"https:\/\/instantdrinks.si\/hr\/wp-json\/wp\/v2\/media\/112203"}],"wp:attachment":[{"href":"https:\/\/instantdrinks.si\/hr\/wp-json\/wp\/v2\/media?parent=112171"}],"wp:term":[{"taxonomy":"product_brand","embeddable":true,"href":"https:\/\/instantdrinks.si\/hr\/wp-json\/wp\/v2\/product_brand?post=112171"},{"taxonomy":"product_cat","embeddable":true,"href":"https:\/\/instantdrinks.si\/hr\/wp-json\/wp\/v2\/product_cat?post=112171"},{"taxonomy":"product_tag","embeddable":true,"href":"https:\/\/instantdrinks.si\/hr\/wp-json\/wp\/v2\/product_tag?post=112171"},{"taxonomy":"woo-feed-brand","embeddable":true,"href":"https:\/\/instantdrinks.si\/hr\/wp-json\/wp\/v2\/woo-feed-brand?post=112171"}],"curies":[{"name":"wp","href":"https:\/\/api.w.org\/{rel}","templated":true}]}}