{"id":111338,"date":"2025-04-29T14:20:39","date_gmt":"2025-04-29T12:20:39","guid":{"rendered":"https:\/\/instantdrinks.si\/?post_type=product&#038;p=111338"},"modified":"2025-04-29T15:07:46","modified_gmt":"2025-04-29T13:07:46","slug":"set-kopci-za-zatvaranje-vrecica-s-napitcima","status":"publish","type":"product","link":"https:\/\/instantdrinks.si\/hr\/proizvod\/set-kopci-za-zatvaranje-vrecica-s-napitcima\/","title":{"rendered":"Set kop\u010di za zatvaranje vre\u0107ica s napitcima"},"content":{"rendered":"<ul>\n<li>Kop\u010de su izra\u0111ene od plastike.<\/li>\n<li>Paket sadr\u017ei 5 komada.<\/li>\n<li>Nisu prikladne za pranje u perilici posu\u0111a.<\/li>\n<li>Veli\u010dina kop\u010de cca: 11 x 1,5 x 1,2 cm<\/li>\n<li>Te\u017eina paketa: 50 g<\/li>\n<li><em>Boja kop\u010di mo\u017ee varirati. Slika je simboli\u010dna.<\/em><\/li>\n<\/ul>\n","protected":false},"excerpt":{"rendered":"<p>Kop\u010de za zatvaranje vre\u0107ica s napitcima prakti\u010dan su i jednostavan dodatak za odr\u017eavanje svje\u017eine va\u0161ih pi\u0107a. <strong>Poma\u017eu u za\u0161titi otvorenih napitaka od vlage, \u010dime im produ\u017euju rok trajanja.<\/strong> Idealne su za kori\u0161tenje kod ku\u0107e, u uredu ili na putovanju. Izra\u0111ene su od izdr\u017eljive plastike i dostupne u raznim \u017eivopisnim bojama.<\/p>\n<p>Paket sadr\u017ei 5 komada. Nisu prikladne za pranje u perilici posu\u0111a.<\/p>\n<p><em>Slika je simboli\u010dna.<\/em><\/p>\n","protected":false},"featured_media":111345,"comment_status":"open","ping_status":"closed","template":"","meta":[],"product_brand":[],"product_cat":[1404,1403],"product_tag":[],"woo-feed-brand":[],"class_list":{"0":"post-111338","1":"product","2":"type-product","3":"status-publish","4":"has-post-thumbnail","6":"product_cat-ostalo-hr","7":"product_cat-flaske-hr","9":"first","10":"instock","11":"taxable","12":"shipping-taxable","13":"purchasable","14":"product-type-simple"},"tiered_pricing_type":"fixed","tiered_pricing_fixed_rules":[],"tiered_pricing_product_settings":{"layout":"default","base_unit_name":{"singular":null,"plural":null},"default_variation":null},"tiered_pricing_minimum_quantity":null,"tiered_pricing_roles_data":[],"tiered_pricing_percentage_rules":[],"tiered_pricing_maximum_quantity":null,"tiered_pricing_quantity_step":null,"_links":{"self":[{"href":"https:\/\/instantdrinks.si\/hr\/wp-json\/wp\/v2\/product\/111338","targetHints":{"allow":["GET"]}}],"collection":[{"href":"https:\/\/instantdrinks.si\/hr\/wp-json\/wp\/v2\/product"}],"about":[{"href":"https:\/\/instantdrinks.si\/hr\/wp-json\/wp\/v2\/types\/product"}],"replies":[{"embeddable":true,"href":"https:\/\/instantdrinks.si\/hr\/wp-json\/wp\/v2\/comments?post=111338"}],"wp:featuredmedia":[{"embeddable":true,"href":"https:\/\/instantdrinks.si\/hr\/wp-json\/wp\/v2\/media\/111345"}],"wp:attachment":[{"href":"https:\/\/instantdrinks.si\/hr\/wp-json\/wp\/v2\/media?parent=111338"}],"wp:term":[{"taxonomy":"product_brand","embeddable":true,"href":"https:\/\/instantdrinks.si\/hr\/wp-json\/wp\/v2\/product_brand?post=111338"},{"taxonomy":"product_cat","embeddable":true,"href":"https:\/\/instantdrinks.si\/hr\/wp-json\/wp\/v2\/product_cat?post=111338"},{"taxonomy":"product_tag","embeddable":true,"href":"https:\/\/instantdrinks.si\/hr\/wp-json\/wp\/v2\/product_tag?post=111338"},{"taxonomy":"woo-feed-brand","embeddable":true,"href":"https:\/\/instantdrinks.si\/hr\/wp-json\/wp\/v2\/woo-feed-brand?post=111338"}],"curies":[{"name":"wp","href":"https:\/\/api.w.org\/{rel}","templated":true}]}}