{"id":111006,"date":"2025-04-17T14:26:23","date_gmt":"2025-04-17T12:26:23","guid":{"rendered":"https:\/\/instantdrinks.si\/?post_type=product&#038;p=111006"},"modified":"2026-03-15T18:53:29","modified_gmt":"2026-03-15T17:53:29","slug":"frutti-morello-visnja-85g-kopija-kopija","status":"publish","type":"product","link":"https:\/\/instantdrinks.si\/hr\/proizvod\/frutti-morello-visnja-85g-kopija-kopija\/","title":{"rendered":"Frutti malina 8,5g"},"content":{"rendered":"<p><strong>Kendy Frutti pra\u0161ci izvrsni su za sve ljubitelje napitaka bez \u0161e\u0107era<\/strong><\/p>\n<p>Napitci su <strong>niskokalori\u010dni i s malo ugljikohidrata<\/strong>, pa su pogodni za sve prehrane kojima je cilj <strong>mr\u0161avljenje<\/strong>. S jednim pakiranjem mo\u017eete pripremiti <strong>najmanje 2 litre<\/strong> ukusnog napitka. Kendy Frutti napitci mogu se koristiti i kao sastojak za mocktaile i sladolede.<\/p>\n<p>Neto te\u017eina: 8.5 g<\/p>\n","protected":false},"excerpt":{"rendered":"<p><strong>Kendy Frutti instant napitak bez \u0161e\u0107era<\/strong><\/p>\n<p>Proizvod <strong>ne sadr\u017ei \u0161e\u0107er<\/strong>, stoga je pogodan za sve prehrane kojima je cilj <strong>mr\u0161avljenje<\/strong>. S jednim pakiranjem mo\u017eete pripremiti <strong>najmanje 2 litre napitka<\/strong>.<\/p>\n","protected":false},"featured_media":111074,"comment_status":"closed","ping_status":"closed","template":"","meta":[],"product_brand":[],"product_cat":[681,1347],"product_tag":[],"woo-feed-brand":[],"class_list":{"0":"post-111006","1":"product","2":"type-product","3":"status-publish","4":"has-post-thumbnail","6":"product_cat-classic-hr","7":"product_cat-napici","8":"ts_product_brand-step-frutti-hr","10":"first","11":"instock","12":"taxable","13":"shipping-taxable","14":"purchasable","15":"product-type-simple"},"tiered_pricing_type":"fixed","tiered_pricing_fixed_rules":[],"tiered_pricing_product_settings":{"layout":"default","base_unit_name":{"singular":null,"plural":null},"default_variation":null},"tiered_pricing_minimum_quantity":null,"tiered_pricing_roles_data":[],"tiered_pricing_percentage_rules":[],"tiered_pricing_maximum_quantity":null,"tiered_pricing_quantity_step":null,"_links":{"self":[{"href":"https:\/\/instantdrinks.si\/hr\/wp-json\/wp\/v2\/product\/111006","targetHints":{"allow":["GET"]}}],"collection":[{"href":"https:\/\/instantdrinks.si\/hr\/wp-json\/wp\/v2\/product"}],"about":[{"href":"https:\/\/instantdrinks.si\/hr\/wp-json\/wp\/v2\/types\/product"}],"replies":[{"embeddable":true,"href":"https:\/\/instantdrinks.si\/hr\/wp-json\/wp\/v2\/comments?post=111006"}],"wp:featuredmedia":[{"embeddable":true,"href":"https:\/\/instantdrinks.si\/hr\/wp-json\/wp\/v2\/media\/111074"}],"wp:attachment":[{"href":"https:\/\/instantdrinks.si\/hr\/wp-json\/wp\/v2\/media?parent=111006"}],"wp:term":[{"taxonomy":"product_brand","embeddable":true,"href":"https:\/\/instantdrinks.si\/hr\/wp-json\/wp\/v2\/product_brand?post=111006"},{"taxonomy":"product_cat","embeddable":true,"href":"https:\/\/instantdrinks.si\/hr\/wp-json\/wp\/v2\/product_cat?post=111006"},{"taxonomy":"product_tag","embeddable":true,"href":"https:\/\/instantdrinks.si\/hr\/wp-json\/wp\/v2\/product_tag?post=111006"},{"taxonomy":"woo-feed-brand","embeddable":true,"href":"https:\/\/instantdrinks.si\/hr\/wp-json\/wp\/v2\/woo-feed-brand?post=111006"}],"curies":[{"name":"wp","href":"https:\/\/api.w.org\/{rel}","templated":true}]}}