{"id":109982,"date":"2025-03-13T14:52:50","date_gmt":"2025-03-13T13:52:50","guid":{"rendered":"https:\/\/instantdrinks.si\/?post_type=product&#038;p=109982"},"modified":"2025-04-03T12:09:51","modified_gmt":"2025-04-03T10:09:51","slug":"instant-drinks-bakery-mix","status":"publish","type":"product","link":"https:\/\/instantdrinks.si\/hr\/proizvod\/instant-drinks-bakery-mix\/","title":{"rendered":"Instant drinks BAKERY MIX"},"content":{"rendered":"<p>U ovoj mje\u0161avini dobivate <strong>sve osnovne okuse za pripremu izvrsnih deserata s manje kalorija i \u0161e\u0107era.<\/strong><\/p>\n<p>U paketu dobijete<strong> 14 okusa:<\/strong> <em>Frutilu badem, Frutilu \u010dokolada, Elevenfit orah, Elevenfit lje\u0161njak, Elevenfit bijela \u010dokolada, Elevenfit karamela, Elevenfit kondenzirano mlijeko, Elevenfit cappuccino, Bolero vanilija, Bolero cimet, Bolero kokos, Bolero rum, Bolero jogurt<\/em> i <em>Bolero med.<\/em><\/p>\n<p>Za vi\u0161e ideja za pe\u010denje posjetite na\u0161u sekciju s receptima.<\/p>\n<p><em>U slu\u010daju da odre\u0111eni okus bude rasprodan, zadr\u017eavamo pravo izmjene sadr\u017eaja mje\u0161avine (koli\u010dina pakiranja ostaje nepromijenjena).<\/em><\/p>\n","protected":false},"excerpt":{"rendered":"<p>U ovoj mje\u0161avini dobivate <strong>sve osnovne okuse za pripremu izvrsnih deserata s manje kalorija i \u0161e\u0107era.<\/strong><\/p>\n<p>U paketu dobijete<strong> 14 okusa:<\/strong> <em>Frutilu badem, Frutilu \u010dokolada, Elevenfit orah, Elevenfit lje\u0161njak, Elevenfit bijela \u010dokolada, Elevenfit karamela, Elevenfit kondenzirano mlijeko, Elevenfit cappuccino, Bolero vanilija, Bolero cimet, Bolero kokos, Bolero rum, Bolero jogurt<\/em> i <em>Bolero med.<\/em><\/p>\n<p>Za vi\u0161e ideja za pe\u010denje posjetite na\u0161u sekciju s receptima.<\/p>\n","protected":false},"featured_media":109888,"comment_status":"closed","ping_status":"closed","template":"","meta":[],"product_brand":[],"product_cat":[1347,1352],"product_tag":[803],"woo-feed-brand":[],"class_list":{"0":"post-109982","1":"product","2":"type-product","3":"status-publish","4":"has-post-thumbnail","6":"product_cat-napici","7":"product_cat-miksi-hr","8":"product_tag-aroma-za-sladice-hr","9":"ts_product_brand-bolero-hr-2","10":"ts_product_brand-elevenfit-hr-2","11":"ts_product_brand-frutilu","12":"ts_product_brand-step-frutti-hr","14":"first","15":"outofstock","16":"taxable","17":"shipping-taxable","18":"purchasable","19":"product-type-simple"},"tiered_pricing_type":"fixed","tiered_pricing_fixed_rules":[],"tiered_pricing_product_settings":{"layout":"default","base_unit_name":{"singular":null,"plural":null},"default_variation":null},"tiered_pricing_minimum_quantity":null,"tiered_pricing_roles_data":[],"tiered_pricing_percentage_rules":[],"tiered_pricing_maximum_quantity":null,"tiered_pricing_quantity_step":null,"_links":{"self":[{"href":"https:\/\/instantdrinks.si\/hr\/wp-json\/wp\/v2\/product\/109982","targetHints":{"allow":["GET"]}}],"collection":[{"href":"https:\/\/instantdrinks.si\/hr\/wp-json\/wp\/v2\/product"}],"about":[{"href":"https:\/\/instantdrinks.si\/hr\/wp-json\/wp\/v2\/types\/product"}],"replies":[{"embeddable":true,"href":"https:\/\/instantdrinks.si\/hr\/wp-json\/wp\/v2\/comments?post=109982"}],"wp:featuredmedia":[{"embeddable":true,"href":"https:\/\/instantdrinks.si\/hr\/wp-json\/wp\/v2\/media\/109888"}],"wp:attachment":[{"href":"https:\/\/instantdrinks.si\/hr\/wp-json\/wp\/v2\/media?parent=109982"}],"wp:term":[{"taxonomy":"product_brand","embeddable":true,"href":"https:\/\/instantdrinks.si\/hr\/wp-json\/wp\/v2\/product_brand?post=109982"},{"taxonomy":"product_cat","embeddable":true,"href":"https:\/\/instantdrinks.si\/hr\/wp-json\/wp\/v2\/product_cat?post=109982"},{"taxonomy":"product_tag","embeddable":true,"href":"https:\/\/instantdrinks.si\/hr\/wp-json\/wp\/v2\/product_tag?post=109982"},{"taxonomy":"woo-feed-brand","embeddable":true,"href":"https:\/\/instantdrinks.si\/hr\/wp-json\/wp\/v2\/woo-feed-brand?post=109982"}],"curies":[{"name":"wp","href":"https:\/\/api.w.org\/{rel}","templated":true}]}}