{"id":109981,"date":"2025-03-13T14:25:56","date_gmt":"2025-03-13T13:25:56","guid":{"rendered":"https:\/\/instantdrinks.si\/?post_type=product&#038;p=109981"},"modified":"2026-03-25T08:01:45","modified_gmt":"2026-03-25T07:01:45","slug":"instant-drinks-berry-mix","status":"publish","type":"product","link":"https:\/\/instantdrinks.si\/hr\/proizvod\/instant-drinks-berry-mix\/","title":{"rendered":"Instant drinks BERRY MIX"},"content":{"rendered":"<p>Miks instant napitaka za sve ljubitelje <strong>bobi\u010dastog vo\u0107a.<\/strong> U ovom paketu dobit \u0107ete <strong>10 popularnih okusa.<\/strong><\/p>\n<p><em>U slu\u010daju da odre\u0111eni okus bude rasprodan, zadr\u017eavamo pravo izmjene sadr\u017eaja mje\u0161avine (koli\u010dina pakiranja ostaje nepromijenjena).<\/em><\/p>\n","protected":false},"excerpt":{"rendered":"<p>Miks instant napitaka za sve ljubitelje <strong>bobi\u010dastog vo\u0107a.<\/strong> U ovom paketu dobit \u0107ete <strong>10 popularnih okusa.<\/strong><\/p>\n<p><em>\u00a0<\/em><\/p>\n","protected":false},"featured_media":109900,"comment_status":"closed","ping_status":"closed","template":"","meta":[],"product_brand":[],"product_cat":[1347,1352,1648],"product_tag":[1127,1128,1354],"woo-feed-brand":[],"class_list":{"0":"post-109981","1":"product","2":"type-product","3":"status-publish","4":"has-post-thumbnail","6":"product_cat-napici","7":"product_cat-miksi-hr","8":"product_cat-top","9":"product_tag-jagode-hr","10":"product_tag-jagodicevje-hr","11":"product_tag-miks-hr","12":"ts_product_brand-bolero-hr-2","13":"ts_product_brand-elevenfit-hr-2","14":"ts_product_brand-frutilu","15":"ts_product_brand-step-frutti-hr","17":"first","18":"instock","19":"taxable","20":"shipping-taxable","21":"purchasable","22":"product-type-simple"},"tiered_pricing_type":"fixed","tiered_pricing_fixed_rules":[],"tiered_pricing_product_settings":{"layout":"default","base_unit_name":{"singular":null,"plural":null},"default_variation":null},"tiered_pricing_minimum_quantity":null,"tiered_pricing_roles_data":[],"tiered_pricing_percentage_rules":[],"tiered_pricing_maximum_quantity":null,"tiered_pricing_quantity_step":null,"_links":{"self":[{"href":"https:\/\/instantdrinks.si\/hr\/wp-json\/wp\/v2\/product\/109981","targetHints":{"allow":["GET"]}}],"collection":[{"href":"https:\/\/instantdrinks.si\/hr\/wp-json\/wp\/v2\/product"}],"about":[{"href":"https:\/\/instantdrinks.si\/hr\/wp-json\/wp\/v2\/types\/product"}],"replies":[{"embeddable":true,"href":"https:\/\/instantdrinks.si\/hr\/wp-json\/wp\/v2\/comments?post=109981"}],"wp:featuredmedia":[{"embeddable":true,"href":"https:\/\/instantdrinks.si\/hr\/wp-json\/wp\/v2\/media\/109900"}],"wp:attachment":[{"href":"https:\/\/instantdrinks.si\/hr\/wp-json\/wp\/v2\/media?parent=109981"}],"wp:term":[{"taxonomy":"product_brand","embeddable":true,"href":"https:\/\/instantdrinks.si\/hr\/wp-json\/wp\/v2\/product_brand?post=109981"},{"taxonomy":"product_cat","embeddable":true,"href":"https:\/\/instantdrinks.si\/hr\/wp-json\/wp\/v2\/product_cat?post=109981"},{"taxonomy":"product_tag","embeddable":true,"href":"https:\/\/instantdrinks.si\/hr\/wp-json\/wp\/v2\/product_tag?post=109981"},{"taxonomy":"woo-feed-brand","embeddable":true,"href":"https:\/\/instantdrinks.si\/hr\/wp-json\/wp\/v2\/woo-feed-brand?post=109981"}],"curies":[{"name":"wp","href":"https:\/\/api.w.org\/{rel}","templated":true}]}}