{"id":109978,"date":"2025-03-13T14:11:54","date_gmt":"2025-03-13T13:11:54","guid":{"rendered":"https:\/\/instantdrinks.si\/?post_type=product&#038;p=109978"},"modified":"2025-08-07T13:21:09","modified_gmt":"2025-08-07T11:21:09","slug":"instant-drinks-citrus-mix","status":"publish","type":"product","link":"https:\/\/instantdrinks.si\/hr\/proizvod\/instant-drinks-citrus-mix\/","title":{"rendered":"Instant drinks CITRUS MIX"},"content":{"rendered":"<p>Miks instant napitaka <strong>za sve ljubitelje citrusa.<\/strong> U ovom paketu dobit \u0107ete <strong>8 popularnih okusa:<\/strong> <em>Frutilu naran\u010da, Frutilu limun, Elevenfit mandarina, Step sicilia naran\u010da, Bolero limeta, Bolero limunada, Bolero \u017euti grejp<\/em> i <em>Bolero mandarina.<\/em><\/p>\n<p><em>U slu\u010daju da odre\u0111eni okus bude rasprodan, zadr\u017eavamo pravo izmjene sadr\u017eaja mje\u0161avine (koli\u010dina pakiranja ostaje nepromijenjena).<\/em><\/p>\n","protected":false},"excerpt":{"rendered":"<p>Miks instant napitaka <strong>za sve ljubitelje citrusa.<\/strong> U ovom paketu dobit \u0107ete <strong>8 popularnih okusa:<\/strong>\u00a0<em>Frutilu naran\u010da, Frutilu limun, Elevenfit mandarina, Step sicilia naran\u010da, Bolero limeta, Bolero limunada, Bolero \u017euti grejp<\/em> i <em>Bolero mandarina.<\/em><\/p>\n","protected":false},"featured_media":110069,"comment_status":"closed","ping_status":"closed","template":"","meta":[],"product_brand":[],"product_cat":[1347,1352,1648],"product_tag":[856,725,1032,820],"woo-feed-brand":[],"class_list":{"0":"post-109978","1":"product","2":"type-product","3":"status-publish","4":"has-post-thumbnail","6":"product_cat-napici","7":"product_cat-miksi-hr","8":"product_cat-top","9":"product_tag-limeta-hr","10":"product_tag-limona-hr","11":"product_tag-osvezitev-hr","12":"product_tag-pomaranca-hr","13":"ts_product_brand-bolero-hr-2","14":"ts_product_brand-elevenfit-hr-2","15":"ts_product_brand-frutilu","16":"ts_product_brand-step-frutti-hr","18":"first","19":"instock","20":"taxable","21":"shipping-taxable","22":"purchasable","23":"product-type-simple"},"tiered_pricing_type":"fixed","tiered_pricing_fixed_rules":[],"tiered_pricing_product_settings":{"layout":"default","base_unit_name":{"singular":null,"plural":null},"default_variation":null},"tiered_pricing_minimum_quantity":null,"tiered_pricing_roles_data":[],"tiered_pricing_percentage_rules":[],"tiered_pricing_maximum_quantity":null,"tiered_pricing_quantity_step":null,"_links":{"self":[{"href":"https:\/\/instantdrinks.si\/hr\/wp-json\/wp\/v2\/product\/109978","targetHints":{"allow":["GET"]}}],"collection":[{"href":"https:\/\/instantdrinks.si\/hr\/wp-json\/wp\/v2\/product"}],"about":[{"href":"https:\/\/instantdrinks.si\/hr\/wp-json\/wp\/v2\/types\/product"}],"replies":[{"embeddable":true,"href":"https:\/\/instantdrinks.si\/hr\/wp-json\/wp\/v2\/comments?post=109978"}],"wp:featuredmedia":[{"embeddable":true,"href":"https:\/\/instantdrinks.si\/hr\/wp-json\/wp\/v2\/media\/110069"}],"wp:attachment":[{"href":"https:\/\/instantdrinks.si\/hr\/wp-json\/wp\/v2\/media?parent=109978"}],"wp:term":[{"taxonomy":"product_brand","embeddable":true,"href":"https:\/\/instantdrinks.si\/hr\/wp-json\/wp\/v2\/product_brand?post=109978"},{"taxonomy":"product_cat","embeddable":true,"href":"https:\/\/instantdrinks.si\/hr\/wp-json\/wp\/v2\/product_cat?post=109978"},{"taxonomy":"product_tag","embeddable":true,"href":"https:\/\/instantdrinks.si\/hr\/wp-json\/wp\/v2\/product_tag?post=109978"},{"taxonomy":"woo-feed-brand","embeddable":true,"href":"https:\/\/instantdrinks.si\/hr\/wp-json\/wp\/v2\/woo-feed-brand?post=109978"}],"curies":[{"name":"wp","href":"https:\/\/api.w.org\/{rel}","templated":true}]}}