{"id":109974,"date":"2025-03-13T15:00:22","date_gmt":"2025-03-13T14:00:22","guid":{"rendered":"https:\/\/instantdrinks.si\/?post_type=product&#038;p=109974"},"modified":"2025-09-06T15:48:04","modified_gmt":"2025-09-06T13:48:04","slug":"instant-drinks-mix-top-24","status":"publish","type":"product","link":"https:\/\/instantdrinks.si\/hr\/proizvod\/instant-drinks-mix-top-24\/","title":{"rendered":"Instant drinks MIX TOP 24"},"content":{"rendered":"<p>Paket sadr\u017ei<strong> 24 najprodavanija instant napitka:<\/strong> <em>Frutilu ledeni \u010daj breskva, Frutilu ledeni \u010daj limun, Frutilu \u0161umsko vo\u0107e, Frutilu tropic, Frutilu cola, Frutilu naran\u010da, Bolero limunada, Bolero limeta, Bolero jagoda, Bolero energy original, Bolero ananas, Bolero crvena naran\u010da, Bolero breskva, Bolero mandarina, Bolero mango, Bolero bazga, Bolero multivitamin, Bolero borovnica, Bolero kru\u0161ka, Bolero aloe vera jagoda, Bolero aloe vera nar, Bolero crveno gro\u017e\u0111e, Bolero ledeni \u010daj marakuja<\/em> i <em>Bolero lubenica.<\/em><\/p>\n<p><em>U slu\u010daju da odre\u0111eni okus bude rasprodan, zadr\u017eavamo pravo izmjene sadr\u017eaja mje\u0161avine (koli\u010dina pakiranja ostaje nepromijenjena).<\/em><\/p>\n","protected":false},"excerpt":{"rendered":"<p>Paket sadr\u017ei<strong> 24 najprodavanija instant napitka:<\/strong> <em>Frutilu ledeni \u010daj breskva, Frutilu ledeni \u010daj limun, Frutilu \u0161umsko vo\u0107e, Frutilu tropic, Frutilu cola, Frutilu naran\u010da, Bolero limunada, Bolero limeta, Bolero jagoda, Bolero energy original, Bolero ananas, Bolero crvena naran\u010da, Bolero breskva, Bolero mandarina, Bolero mango, Bolero bazga, Bolero multivitamin, Bolero borovnica, Bolero kru\u0161ka, Bolero aloe vera jagoda, Bolero aloe vera nar, Bolero crveno gro\u017e\u0111e, Bolero ledeni \u010daj marakuja<\/em> i <em>Bolero lubenica.<\/em><\/p>\n","protected":false},"featured_media":134509,"comment_status":"closed","ping_status":"closed","template":"","meta":[],"product_brand":[],"product_cat":[1347,1352,1648],"product_tag":[732,709],"woo-feed-brand":[],"class_list":{"0":"post-109974","1":"product","2":"type-product","3":"status-publish","4":"has-post-thumbnail","6":"product_cat-napici","7":"product_cat-miksi-hr","8":"product_cat-top","9":"product_tag-napitki-brez-sladkorja-hr","10":"product_tag-sugar-free-napitki-hr","11":"ts_product_brand-bolero-hr-2","12":"ts_product_brand-frutilu","14":"first","15":"instock","16":"taxable","17":"shipping-taxable","18":"purchasable","19":"product-type-simple"},"tiered_pricing_type":"fixed","tiered_pricing_fixed_rules":[],"tiered_pricing_product_settings":{"layout":"default","base_unit_name":{"singular":null,"plural":null},"default_variation":null},"tiered_pricing_minimum_quantity":null,"tiered_pricing_roles_data":[],"tiered_pricing_percentage_rules":[],"tiered_pricing_maximum_quantity":null,"tiered_pricing_quantity_step":null,"_links":{"self":[{"href":"https:\/\/instantdrinks.si\/hr\/wp-json\/wp\/v2\/product\/109974","targetHints":{"allow":["GET"]}}],"collection":[{"href":"https:\/\/instantdrinks.si\/hr\/wp-json\/wp\/v2\/product"}],"about":[{"href":"https:\/\/instantdrinks.si\/hr\/wp-json\/wp\/v2\/types\/product"}],"replies":[{"embeddable":true,"href":"https:\/\/instantdrinks.si\/hr\/wp-json\/wp\/v2\/comments?post=109974"}],"wp:featuredmedia":[{"embeddable":true,"href":"https:\/\/instantdrinks.si\/hr\/wp-json\/wp\/v2\/media\/134509"}],"wp:attachment":[{"href":"https:\/\/instantdrinks.si\/hr\/wp-json\/wp\/v2\/media?parent=109974"}],"wp:term":[{"taxonomy":"product_brand","embeddable":true,"href":"https:\/\/instantdrinks.si\/hr\/wp-json\/wp\/v2\/product_brand?post=109974"},{"taxonomy":"product_cat","embeddable":true,"href":"https:\/\/instantdrinks.si\/hr\/wp-json\/wp\/v2\/product_cat?post=109974"},{"taxonomy":"product_tag","embeddable":true,"href":"https:\/\/instantdrinks.si\/hr\/wp-json\/wp\/v2\/product_tag?post=109974"},{"taxonomy":"woo-feed-brand","embeddable":true,"href":"https:\/\/instantdrinks.si\/hr\/wp-json\/wp\/v2\/woo-feed-brand?post=109974"}],"curies":[{"name":"wp","href":"https:\/\/api.w.org\/{rel}","templated":true}]}}