{"id":108601,"date":"2021-04-15T11:25:04","date_gmt":"2021-04-15T09:25:04","guid":{"rendered":"https:\/\/instantdrinks.si\/?post_type=product&#038;p=108601"},"modified":"2025-02-06T10:33:44","modified_gmt":"2025-02-06T09:33:44","slug":"komplet-modela-za-ledenke-sladoled","status":"publish","type":"product","link":"https:\/\/instantdrinks.si\/hr\/proizvod\/komplet-modela-za-ledenke-sladoled\/","title":{"rendered":"Komplet modela za ledenke (sladoled)"},"content":{"rendered":"<ul>\n<li>Izra\u0111eno od plastike (bez BPA).<\/li>\n<li>Pogodno za izradu do 6 ledenki.<\/li>\n<li>6 modela za ledenke (pribli\u017eno 60 ml) s 6 \u0161tapi\u0107a.<\/li>\n<li>Podlo\u017eak za \u0161tapi\u0107e.<\/li>\n<li>Nije pogodna za pranje u perilici posu\u0111a.<\/li>\n<li>Dimenzije pribli\u017eno: 12 x 12 x 12 cm.<\/li>\n<\/ul>\n","protected":false},"excerpt":{"rendered":"<p>Ovo ljeto iznenadite svoju obitelj originalnim <strong>sladoledom bez \u0161e\u0107era<\/strong>! Uz malo kreativnosti mo\u017eete napraviti <strong>6 ukusnih ledenki<\/strong> i u\u017eivati \u200b\u200bu slatkom osvje\u017eenju bez dodatnih kalorija.<\/p>\n","protected":false},"featured_media":108607,"comment_status":"open","ping_status":"closed","template":"","meta":[],"product_brand":[],"product_cat":[1404,1403],"product_tag":[],"woo-feed-brand":[],"class_list":{"0":"post-108601","1":"product","2":"type-product","3":"status-publish","4":"has-post-thumbnail","6":"product_cat-ostalo-hr","7":"product_cat-flaske-hr","8":"ts_product_brand-bolero-hr-2","10":"first","11":"instock","12":"taxable","13":"shipping-taxable","14":"purchasable","15":"product-type-simple"},"tiered_pricing_type":"fixed","tiered_pricing_fixed_rules":[],"tiered_pricing_product_settings":{"layout":"default","base_unit_name":{"singular":null,"plural":null},"default_variation":null},"tiered_pricing_minimum_quantity":null,"tiered_pricing_roles_data":[],"tiered_pricing_percentage_rules":[],"tiered_pricing_maximum_quantity":null,"tiered_pricing_quantity_step":null,"_links":{"self":[{"href":"https:\/\/instantdrinks.si\/hr\/wp-json\/wp\/v2\/product\/108601","targetHints":{"allow":["GET"]}}],"collection":[{"href":"https:\/\/instantdrinks.si\/hr\/wp-json\/wp\/v2\/product"}],"about":[{"href":"https:\/\/instantdrinks.si\/hr\/wp-json\/wp\/v2\/types\/product"}],"replies":[{"embeddable":true,"href":"https:\/\/instantdrinks.si\/hr\/wp-json\/wp\/v2\/comments?post=108601"}],"wp:featuredmedia":[{"embeddable":true,"href":"https:\/\/instantdrinks.si\/hr\/wp-json\/wp\/v2\/media\/108607"}],"wp:attachment":[{"href":"https:\/\/instantdrinks.si\/hr\/wp-json\/wp\/v2\/media?parent=108601"}],"wp:term":[{"taxonomy":"product_brand","embeddable":true,"href":"https:\/\/instantdrinks.si\/hr\/wp-json\/wp\/v2\/product_brand?post=108601"},{"taxonomy":"product_cat","embeddable":true,"href":"https:\/\/instantdrinks.si\/hr\/wp-json\/wp\/v2\/product_cat?post=108601"},{"taxonomy":"product_tag","embeddable":true,"href":"https:\/\/instantdrinks.si\/hr\/wp-json\/wp\/v2\/product_tag?post=108601"},{"taxonomy":"woo-feed-brand","embeddable":true,"href":"https:\/\/instantdrinks.si\/hr\/wp-json\/wp\/v2\/woo-feed-brand?post=108601"}],"curies":[{"name":"wp","href":"https:\/\/api.w.org\/{rel}","templated":true}]}}