{"id":108595,"date":"2022-09-14T10:09:32","date_gmt":"2022-09-14T08:09:32","guid":{"rendered":"https:\/\/instantdrinks.si\/?post_type=product&#038;p=108595"},"modified":"2025-03-06T12:17:10","modified_gmt":"2025-03-06T11:17:10","slug":"bolero-jumbo-mix","status":"publish","type":"product","link":"https:\/\/instantdrinks.si\/hr\/proizvod\/bolero-jumbo-mix\/","title":{"rendered":"Bolero Jumbo mix"},"content":{"rendered":"<p>Bolero instant pra\u0161kasti napitak sa zasla\u0111iva\u010dima<\/p>\n<ul>\n<li>Bez \u0161e\u0107era, glutena i laktoze,<\/li>\n<li>s vitaminom C,<\/li>\n<li>sa zasla\u0111iva\u010dem stevijom,<\/li>\n<li>pakiran u vre\u0107ici, neto te\u017eina 3 g (74 x 3 g).<\/li>\n<\/ul>\n","protected":false},"excerpt":{"rendered":"<p><strong>BOLERO JUMBO MIKS<\/strong><\/p>\n<p>U ovom odli\u010dnom miks paketu dobije\u0161 <strong>74 okusa<\/strong> Bolero napitaka. Prakti\u010dno pakiranje za jednokratnu upotrebu odli\u010dan je izbor kada ti treba brzo pripremljen napitak bilo gdje i bilo kada. Jedna vre\u0107ica dovoljna je za pripremu<strong> 0,5 L<\/strong> osvje\u017eavaju\u0107eg napitka.<\/p>\n<p><strong>Okusi u paketu:<\/strong><br \/>\n<em>acai bobice, acerola, aloe vera ananas, aloe vera nar, aloe vera jagoda, aloe vera kokos, aloe vera mango, aloe vera original, ananas, banana, banana &amp; jagoda, bijelo gro\u017e\u0111e, bazga, borovnica, breskva, brusnica, vi\u0161nja kola, crni ribiz, exotic, \u0161umsko vo\u0107e, nar, guanabana, guarana, guava, hibiskus, kru\u0161ka, \u0111umbir, jabuka, jagoda, kivi, kokos, kola, mrkva &amp; naran\u010da, krastavac, ledeni \u010daj breskva, ledeni \u010daj limun, ledeni \u010daj marakuja, li\u010di, limeta, limun, limun &amp; limeta, limunada, limunska trava, lubenica, malina, mandarina, badem, mango, mango s \u010dilijem, medena dinja, mije\u0161ano bobi\u010dasto vo\u0107e, menta, mojito, multivitamin, papaja, raj\u010dica, marakuja, pina colada, naran\u010da, crvena naran\u010da, crvena sangria, crno gro\u017e\u0111e, ru\u017eina vodica, \u017euti grejp, \u0161ljiva, sport, cvijet bazge, tamarinda, tonik s grejpom, tonik s limunom, waldmeister, yuzu, zmajevo vo\u0107e.<\/em><\/p>\n<ul>\n<li>Bez \u0161e\u0107era, bez glutena, bez laktoze,<\/li>\n<li>s vitaminom C,<\/li>\n<li>sa sladilom stevija.<\/li>\n<li>Bolero se mo\u017ee koristiti kao sastojak za pripremu slastica, smoothija, koktela i sladoleda bez \u0161e\u0107era.<\/li>\n<li>Mini vre\u0107ice od 3 g, paket sadr\u017ei 74 vre\u0107ice.<\/li>\n<\/ul>\n","protected":false},"featured_media":108594,"comment_status":"open","ping_status":"closed","template":"","meta":[],"product_brand":[],"product_cat":[631,1352],"product_tag":[1125,1127,1128],"woo-feed-brand":[],"class_list":{"0":"post-108595","1":"product","2":"type-product","3":"status-publish","4":"has-post-thumbnail","6":"product_cat-mixgo-hr","7":"product_cat-miksi-hr","8":"product_tag-gozdni-sadezi-hr","9":"product_tag-jagode-hr","10":"product_tag-jagodicevje-hr","11":"product_shipping_class-mix12-hr","12":"ts_product_brand-bolero-hr-2","14":"first","15":"outofstock","16":"taxable","17":"shipping-taxable","18":"purchasable","19":"product-type-simple"},"tiered_pricing_type":"fixed","tiered_pricing_fixed_rules":[],"tiered_pricing_product_settings":{"layout":"default","base_unit_name":{"singular":null,"plural":null},"default_variation":null},"tiered_pricing_minimum_quantity":null,"tiered_pricing_roles_data":[],"tiered_pricing_percentage_rules":[],"tiered_pricing_maximum_quantity":null,"tiered_pricing_quantity_step":null,"_links":{"self":[{"href":"https:\/\/instantdrinks.si\/hr\/wp-json\/wp\/v2\/product\/108595","targetHints":{"allow":["GET"]}}],"collection":[{"href":"https:\/\/instantdrinks.si\/hr\/wp-json\/wp\/v2\/product"}],"about":[{"href":"https:\/\/instantdrinks.si\/hr\/wp-json\/wp\/v2\/types\/product"}],"replies":[{"embeddable":true,"href":"https:\/\/instantdrinks.si\/hr\/wp-json\/wp\/v2\/comments?post=108595"}],"wp:featuredmedia":[{"embeddable":true,"href":"https:\/\/instantdrinks.si\/hr\/wp-json\/wp\/v2\/media\/108594"}],"wp:attachment":[{"href":"https:\/\/instantdrinks.si\/hr\/wp-json\/wp\/v2\/media?parent=108595"}],"wp:term":[{"taxonomy":"product_brand","embeddable":true,"href":"https:\/\/instantdrinks.si\/hr\/wp-json\/wp\/v2\/product_brand?post=108595"},{"taxonomy":"product_cat","embeddable":true,"href":"https:\/\/instantdrinks.si\/hr\/wp-json\/wp\/v2\/product_cat?post=108595"},{"taxonomy":"product_tag","embeddable":true,"href":"https:\/\/instantdrinks.si\/hr\/wp-json\/wp\/v2\/product_tag?post=108595"},{"taxonomy":"woo-feed-brand","embeddable":true,"href":"https:\/\/instantdrinks.si\/hr\/wp-json\/wp\/v2\/woo-feed-brand?post=108595"}],"curies":[{"name":"wp","href":"https:\/\/api.w.org\/{rel}","templated":true}]}}