{"id":108262,"date":"2025-01-31T14:43:08","date_gmt":"2025-01-31T13:43:08","guid":{"rendered":"https:\/\/instantdrinks.si\/?post_type=product&#038;p=108262"},"modified":"2026-02-01T01:10:22","modified_gmt":"2026-02-01T00:10:22","slug":"pro-nutrition-4-recover","status":"publish","type":"product","link":"https:\/\/instantdrinks.si\/hr\/proizvod\/pro-nutrition-4-recover\/","title":{"rendered":"Pro Nutrition 4 Recover, 20g"},"content":{"rendered":"<p><strong>Pro Nutrition 4 Recover napitak u prahu<\/strong> odli\u010dan je izbor za pomo\u0107 pri oporavku nakon intenzivne tjelesne aktivnosti. Proizvod \u0107e osigurati optimalnu regeneraciju mi\u0161i\u0107nih vlakana o\u0161te\u0107enih tijekom treninga i obnoviti energiju.<\/p>\n<p>Zbog svoje sastave, napitak \u0107e pomo\u0107i u razvoju tvoje mi\u0161i\u0107ne mase, jer \u0107e stanicama tijela osigurati sve hranjive tvari koje su potrebne za lak\u0161i i br\u017ei oporavak nakon vje\u017ebanja. Osim toga, 4 Recover \u0107e ti, zahvaljuju\u0107i elektrolitima, pomo\u0107i da u\u010dinkovito hidratizira\u0161 tijelo tijekom i nakon vje\u017ebanja, \u0161to \u0107e zna\u010dajno utjecati na tvoju izvedbu i rezultate.<\/p>\n<p><strong>Kako konzumirati 4 Recover?<\/strong><br \/>\nNajbolje vrijeme za uzimanje napitka je nakon zavr\u0161etka vje\u017ebanja kako bi osjetio\/la njegove u\u010dinke tijekom faze oporavka nakon fizi\u010dkog napora.<\/p>\n<p><strong>Kako uzeti 4 Recover?<\/strong><br \/>\nPrikladna doza je jedna vre\u0107ica ili 20 g proizvoda, koju rastopi\u0161 u otprilike 300 ml vode. Mineralna voda nije prikladna za mije\u0161anje, jer mo\u017ee poremetiti mineralnu ravnote\u017eu.<\/p>\n","protected":false},"excerpt":{"rendered":"<p><strong>Pro Nutrition 4 Recover Pra\u0161kasti napitak za oporavak nakon intenzivne tjelesne aktivnosti.<\/strong> Ovaj proizvod osigurava optimalni oporavak o\u0161te\u0107enih mi\u0161i\u0107nih vlakana tijekom treninga i obnavlja energiju. Sadr\u017ei ugljikohidrate, elektrolite, vitamine i aminokiseline. <strong>Okus naran\u010de.<\/strong><\/p>\n<p>Proizvod je pakiran u vre\u0107ici, neto te\u017eina 20 g.<\/p>\n<p><em>Ovaj proizvod nije prikladan za djecu, trudnice i dojilje.<\/em><\/p>\n","protected":false},"featured_media":108258,"comment_status":"closed","ping_status":"closed","template":"","meta":[],"product_brand":[],"product_cat":[1347,606],"product_tag":[],"woo-feed-brand":[],"class_list":{"0":"post-108262","1":"product","2":"type-product","3":"status-publish","4":"has-post-thumbnail","6":"product_cat-napici","7":"product_cat-energy-in-isotonic","8":"ts_product_brand-pro-nutrition-hr","10":"first","11":"instock","12":"taxable","13":"shipping-taxable","14":"purchasable","15":"product-type-simple"},"tiered_pricing_type":"fixed","tiered_pricing_fixed_rules":[],"tiered_pricing_product_settings":{"layout":"default","base_unit_name":{"singular":null,"plural":null},"default_variation":null},"tiered_pricing_minimum_quantity":null,"tiered_pricing_roles_data":[],"tiered_pricing_percentage_rules":[],"tiered_pricing_maximum_quantity":null,"tiered_pricing_quantity_step":null,"_links":{"self":[{"href":"https:\/\/instantdrinks.si\/hr\/wp-json\/wp\/v2\/product\/108262","targetHints":{"allow":["GET"]}}],"collection":[{"href":"https:\/\/instantdrinks.si\/hr\/wp-json\/wp\/v2\/product"}],"about":[{"href":"https:\/\/instantdrinks.si\/hr\/wp-json\/wp\/v2\/types\/product"}],"replies":[{"embeddable":true,"href":"https:\/\/instantdrinks.si\/hr\/wp-json\/wp\/v2\/comments?post=108262"}],"wp:featuredmedia":[{"embeddable":true,"href":"https:\/\/instantdrinks.si\/hr\/wp-json\/wp\/v2\/media\/108258"}],"wp:attachment":[{"href":"https:\/\/instantdrinks.si\/hr\/wp-json\/wp\/v2\/media?parent=108262"}],"wp:term":[{"taxonomy":"product_brand","embeddable":true,"href":"https:\/\/instantdrinks.si\/hr\/wp-json\/wp\/v2\/product_brand?post=108262"},{"taxonomy":"product_cat","embeddable":true,"href":"https:\/\/instantdrinks.si\/hr\/wp-json\/wp\/v2\/product_cat?post=108262"},{"taxonomy":"product_tag","embeddable":true,"href":"https:\/\/instantdrinks.si\/hr\/wp-json\/wp\/v2\/product_tag?post=108262"},{"taxonomy":"woo-feed-brand","embeddable":true,"href":"https:\/\/instantdrinks.si\/hr\/wp-json\/wp\/v2\/woo-feed-brand?post=108262"}],"curies":[{"name":"wp","href":"https:\/\/api.w.org\/{rel}","templated":true}]}}