{"id":108248,"date":"2025-01-31T10:45:21","date_gmt":"2025-01-31T09:45:21","guid":{"rendered":"https:\/\/instantdrinks.si\/?post_type=product&#038;p=108248"},"modified":"2026-01-28T21:51:26","modified_gmt":"2026-01-28T20:51:26","slug":"pro-nutrition-4-hydrate","status":"publish","type":"product","link":"https:\/\/instantdrinks.si\/hr\/proizvod\/pro-nutrition-4-hydrate\/","title":{"rendered":"Pro Nutrition 4 Hydrate, 20g"},"content":{"rendered":"<p><strong>Pro Nutrition 4 Hydrate napitak u prahu s elektrolitima<\/strong> za hidrataciju tijela tijekom vje\u017ebanja i opskrbu vitaminima, mineralima i ugljikohidratima koji su ti potrebni za odr\u017eavanje najbolje izvedbe.<\/p>\n<p>Napitak poma\u017ee obnavljanju elektrolita izgubljenih znojenjem tijekom intenzivnih treninga, podr\u017eavaju\u0107i energiju, vitalnost i dobrobit. S 4 Hydrate sprije\u010dit \u0107e\u0161 dehidraciju i neravnote\u017eu minerala u tijelu, pobolj\u0161avaju\u0107i fizi\u010dku izvedbu tijekom treninga.<\/p>\n<p>Proizvod sadr\u017ei ugljikohidrate koji pove\u0107avaju energiju i sprje\u010davaju umor. S vitaminima poput A, C, B6, B12 i B2 tako\u0111er doprinosi boljem imunolo\u0161kom sustavu.<\/p>\n<p><strong>Kako uzimati 4 Hydrate?<\/strong><br \/>\nBudu\u0107i da je napitak namijenjen za hidrataciju tijela, najprikladnije je konzumirati ga tijekom zagrijavanja prije i tijekom vje\u017ebanja, ovisno o gubitku teku\u0107ine i potro\u0161nji energije. Tako\u0111er ga mo\u017ee\u0161 konzumirati do 2 sata nakon zavr\u0161etka treninga.<\/p>\n<p><strong>Kako koristiti 4 Hydrate?<\/strong><br \/>\nPreporu\u010deni dnevni unos je jedna vre\u0107ica ili 20 g proizvoda, koji treba\u0161 otopiti u otprilike 300 ml vode. Mineralna voda nije prikladna za mije\u0161anje, jer mo\u017ee naru\u0161iti mineralnu ravnote\u017eu.<\/p>\n","protected":false},"excerpt":{"rendered":"<p><strong>Pro Nutrition 4 Hydrate napitak u prahu s elektrolitima<\/strong> za hidrataciju tijela tijekom vje\u017ebanja i opskrbu vitaminima, mineralima i ugljikohidratima koji su ti potrebni za odr\u017eavanje najbolje izvedbe. Okus naran\u010de.<\/p>\n<p>Proizvod je pakiran u vre\u0107ici, neto te\u017eina 20 g.<\/p>\n<p><em>Ovaj proizvod nije prikladan za djecu, trudnice i dojilje.<\/em><\/p>\n","protected":false},"featured_media":108254,"comment_status":"closed","ping_status":"closed","template":"","meta":[],"product_brand":[],"product_cat":[1347,606],"product_tag":[],"woo-feed-brand":[],"class_list":{"0":"post-108248","1":"product","2":"type-product","3":"status-publish","4":"has-post-thumbnail","6":"product_cat-napici","7":"product_cat-energy-in-isotonic","8":"ts_product_brand-pro-nutrition-hr","10":"first","11":"instock","12":"taxable","13":"shipping-taxable","14":"purchasable","15":"product-type-simple"},"tiered_pricing_type":"fixed","tiered_pricing_fixed_rules":[],"tiered_pricing_product_settings":{"layout":"default","base_unit_name":{"singular":null,"plural":null},"default_variation":null},"tiered_pricing_minimum_quantity":null,"tiered_pricing_roles_data":[],"tiered_pricing_percentage_rules":[],"tiered_pricing_maximum_quantity":null,"tiered_pricing_quantity_step":null,"_links":{"self":[{"href":"https:\/\/instantdrinks.si\/hr\/wp-json\/wp\/v2\/product\/108248","targetHints":{"allow":["GET"]}}],"collection":[{"href":"https:\/\/instantdrinks.si\/hr\/wp-json\/wp\/v2\/product"}],"about":[{"href":"https:\/\/instantdrinks.si\/hr\/wp-json\/wp\/v2\/types\/product"}],"replies":[{"embeddable":true,"href":"https:\/\/instantdrinks.si\/hr\/wp-json\/wp\/v2\/comments?post=108248"}],"wp:featuredmedia":[{"embeddable":true,"href":"https:\/\/instantdrinks.si\/hr\/wp-json\/wp\/v2\/media\/108254"}],"wp:attachment":[{"href":"https:\/\/instantdrinks.si\/hr\/wp-json\/wp\/v2\/media?parent=108248"}],"wp:term":[{"taxonomy":"product_brand","embeddable":true,"href":"https:\/\/instantdrinks.si\/hr\/wp-json\/wp\/v2\/product_brand?post=108248"},{"taxonomy":"product_cat","embeddable":true,"href":"https:\/\/instantdrinks.si\/hr\/wp-json\/wp\/v2\/product_cat?post=108248"},{"taxonomy":"product_tag","embeddable":true,"href":"https:\/\/instantdrinks.si\/hr\/wp-json\/wp\/v2\/product_tag?post=108248"},{"taxonomy":"woo-feed-brand","embeddable":true,"href":"https:\/\/instantdrinks.si\/hr\/wp-json\/wp\/v2\/woo-feed-brand?post=108248"}],"curies":[{"name":"wp","href":"https:\/\/api.w.org\/{rel}","templated":true}]}}