{"id":107102,"date":"2025-01-17T10:01:19","date_gmt":"2025-01-17T09:01:19","guid":{"rendered":"https:\/\/instantdrinks.si\/?post_type=product&#038;p=107102"},"modified":"2026-02-12T13:13:47","modified_gmt":"2026-02-12T12:13:47","slug":"step-kokos-ananas","status":"publish","type":"product","link":"https:\/\/instantdrinks.si\/hr\/proizvod\/step-kokos-ananas\/","title":{"rendered":"Step kokos &#038; ananas, 9g"},"content":{"rendered":"<p><strong>Kendy Step pra\u0161ci izvrsni su za sve ljubitelje napitaka bez \u0161e\u0107era<\/strong><\/p>\n<p>Napitci su <strong>niskokalori\u010dni i s malo ugljikohidrata<\/strong>, pa su pogodni za sve prehrane kojima je cilj <strong>mr\u0161avljenje<\/strong>. S jednim pakiranjem mo\u017eete pripremiti <strong>najmanje 2 litre<\/strong> ukusnog napitka. Kendy Step napitci mogu se koristiti i kao sastojak za mocktaile i sladolede.<\/p>\n<p>Neto te\u017eina: 9 g.<\/p>\n","protected":false},"excerpt":{"rendered":"<p><strong>Kendy Step instant napitak bez \u0161e\u0107era<\/strong><\/p>\n<p>Proizvod <strong>ne sadr\u017ei \u0161e\u0107er<\/strong>, stoga je pogodan za sve prehrane kojima je cilj <strong>mr\u0161avljenje<\/strong>. S jednim pakiranjem mo\u017eete pripremiti <strong>najmanje 2 litre<\/strong> napitka. Napitak sadr\u017ei <strong>vitamin C<\/strong> za bolje op\u0107e stanje.<\/p>\n","protected":false},"featured_media":106651,"comment_status":"closed","ping_status":"closed","template":"","meta":[],"product_brand":[],"product_cat":[681,1347],"product_tag":[],"woo-feed-brand":[],"class_list":{"0":"post-107102","1":"product","2":"type-product","3":"status-publish","4":"has-post-thumbnail","6":"product_cat-classic-hr","7":"product_cat-napici","8":"ts_product_brand-step-frutti-hr","10":"first","11":"instock","12":"taxable","13":"shipping-taxable","14":"purchasable","15":"product-type-simple"},"tiered_pricing_type":"fixed","tiered_pricing_fixed_rules":[],"tiered_pricing_product_settings":{"layout":"default","base_unit_name":{"singular":null,"plural":null},"default_variation":null},"tiered_pricing_minimum_quantity":null,"tiered_pricing_roles_data":[],"tiered_pricing_percentage_rules":[],"tiered_pricing_maximum_quantity":null,"tiered_pricing_quantity_step":null,"_links":{"self":[{"href":"https:\/\/instantdrinks.si\/hr\/wp-json\/wp\/v2\/product\/107102","targetHints":{"allow":["GET"]}}],"collection":[{"href":"https:\/\/instantdrinks.si\/hr\/wp-json\/wp\/v2\/product"}],"about":[{"href":"https:\/\/instantdrinks.si\/hr\/wp-json\/wp\/v2\/types\/product"}],"replies":[{"embeddable":true,"href":"https:\/\/instantdrinks.si\/hr\/wp-json\/wp\/v2\/comments?post=107102"}],"wp:featuredmedia":[{"embeddable":true,"href":"https:\/\/instantdrinks.si\/hr\/wp-json\/wp\/v2\/media\/106651"}],"wp:attachment":[{"href":"https:\/\/instantdrinks.si\/hr\/wp-json\/wp\/v2\/media?parent=107102"}],"wp:term":[{"taxonomy":"product_brand","embeddable":true,"href":"https:\/\/instantdrinks.si\/hr\/wp-json\/wp\/v2\/product_brand?post=107102"},{"taxonomy":"product_cat","embeddable":true,"href":"https:\/\/instantdrinks.si\/hr\/wp-json\/wp\/v2\/product_cat?post=107102"},{"taxonomy":"product_tag","embeddable":true,"href":"https:\/\/instantdrinks.si\/hr\/wp-json\/wp\/v2\/product_tag?post=107102"},{"taxonomy":"woo-feed-brand","embeddable":true,"href":"https:\/\/instantdrinks.si\/hr\/wp-json\/wp\/v2\/woo-feed-brand?post=107102"}],"curies":[{"name":"wp","href":"https:\/\/api.w.org\/{rel}","templated":true}]}}