{"id":106996,"date":"2025-01-16T09:06:07","date_gmt":"2025-01-16T08:06:07","guid":{"rendered":"https:\/\/instantdrinks.si\/?post_type=product&#038;p=106996"},"modified":"2026-03-09T19:56:54","modified_gmt":"2026-03-09T18:56:54","slug":"bolero-energy-ledeni-caj-limun-7g","status":"publish","type":"product","link":"https:\/\/instantdrinks.si\/hr\/proizvod\/bolero-energy-ledeni-caj-limun-7g\/","title":{"rendered":"Bolero Energy Ice tea lemon, 7g"},"content":{"rendered":"<p>Bolero instant energetski napitak bez \u0161e\u0107era za sve koji trebaju vi\u0161e energije u svakodnevnim aktivnostima.<\/p>\n<p>S jednim pakiranjem mo\u017eete pripremiti najmanje 250 ml napitka.<\/p>\n<p><em>Nije prikladno za djecu, trudnice, dojilje i osobe osjetljive na kofein. Preporu\u010da se odgovorna konzumacija.<\/em><\/p>\n<p><strong>Neto te\u017eina: 7 g\u00a0<\/strong><\/p>\n","protected":false},"excerpt":{"rendered":"<p>Bolero instant energetski napitak <strong>bez \u0161e\u0107era<\/strong> za sve koji trebaju <strong>vi\u0161e energije u svakodnevnim aktivnostima.<\/strong><\/p>\n<p><em>Nije prikladno za djecu, trudnice, dojilje i osobe osjetljive na kofein. Preporu\u010da se odgovorna konzumacija.<\/em><\/p>\n","protected":false},"featured_media":106731,"comment_status":"closed","ping_status":"closed","template":"","meta":[],"product_brand":[],"product_cat":[606],"product_tag":[607,608,609,610,611,612],"woo-feed-brand":[],"class_list":{"0":"post-106996","1":"product","2":"type-product","3":"status-publish","4":"has-post-thumbnail","6":"product_cat-energy-in-isotonic","7":"product_tag-energijska-pijaca-hr","8":"product_tag-energijski-napitek-hr","9":"product_tag-energy-hr","10":"product_tag-energy-drink-hr","11":"product_tag-napitek-s-kofeinom-in-tavrinom-hr","12":"product_tag-sugar-free-energy-drink-hr","13":"ts_product_brand-bolero-hr-2","15":"first","16":"instock","17":"taxable","18":"shipping-taxable","19":"purchasable","20":"product-type-simple"},"tiered_pricing_type":"fixed","tiered_pricing_fixed_rules":[],"tiered_pricing_product_settings":{"layout":"default","base_unit_name":{"singular":null,"plural":null},"default_variation":null},"tiered_pricing_minimum_quantity":null,"tiered_pricing_roles_data":[],"tiered_pricing_percentage_rules":[],"tiered_pricing_maximum_quantity":null,"tiered_pricing_quantity_step":null,"_links":{"self":[{"href":"https:\/\/instantdrinks.si\/hr\/wp-json\/wp\/v2\/product\/106996","targetHints":{"allow":["GET"]}}],"collection":[{"href":"https:\/\/instantdrinks.si\/hr\/wp-json\/wp\/v2\/product"}],"about":[{"href":"https:\/\/instantdrinks.si\/hr\/wp-json\/wp\/v2\/types\/product"}],"replies":[{"embeddable":true,"href":"https:\/\/instantdrinks.si\/hr\/wp-json\/wp\/v2\/comments?post=106996"}],"wp:featuredmedia":[{"embeddable":true,"href":"https:\/\/instantdrinks.si\/hr\/wp-json\/wp\/v2\/media\/106731"}],"wp:attachment":[{"href":"https:\/\/instantdrinks.si\/hr\/wp-json\/wp\/v2\/media?parent=106996"}],"wp:term":[{"taxonomy":"product_brand","embeddable":true,"href":"https:\/\/instantdrinks.si\/hr\/wp-json\/wp\/v2\/product_brand?post=106996"},{"taxonomy":"product_cat","embeddable":true,"href":"https:\/\/instantdrinks.si\/hr\/wp-json\/wp\/v2\/product_cat?post=106996"},{"taxonomy":"product_tag","embeddable":true,"href":"https:\/\/instantdrinks.si\/hr\/wp-json\/wp\/v2\/product_tag?post=106996"},{"taxonomy":"woo-feed-brand","embeddable":true,"href":"https:\/\/instantdrinks.si\/hr\/wp-json\/wp\/v2\/woo-feed-brand?post=106996"}],"curies":[{"name":"wp","href":"https:\/\/api.w.org\/{rel}","templated":true}]}}