{"id":106877,"date":"2025-01-10T13:00:44","date_gmt":"2025-01-10T12:00:44","guid":{"rendered":"https:\/\/instantdrinks.si\/?post_type=product&#038;p=106877"},"modified":"2025-11-17T08:35:32","modified_gmt":"2025-11-17T07:35:32","slug":"elevenfit-sirup-strawberry-330-ml","status":"publish","type":"product","link":"https:\/\/instantdrinks.si\/hr\/proizvod\/elevenfit-sirup-strawberry-330-ml\/","title":{"rendered":"Elevenfit sirup Strawberry, 330 ml"},"content":{"rendered":"<p>ElevenFit sirupi savr\u0161eni su za svakoga, tko je odabrao aktivan na\u010din \u017eivota i pazi na unos kalorija. ElevenFit sirupi bolja su i ukusnija opcija za oboga\u0107ivanje va\u0161ih zdravih obroka ili deserata. Proizvod <strong>ne sadr\u017ei \u0161e\u0107er i masti<\/strong>, stoga je pogodan za sve prehrane kojima je cilj <strong>mr\u0161avljenje.<\/strong><\/p>\n<p>Proizvod je pakiran u plasti\u010dnoj bo\u010dici, \u0161to sprje\u010dava curenje.<\/p>\n<p>Neto koli\u010dina: 330 ml. Za 85 porcija.<\/p>\n","protected":false},"excerpt":{"rendered":"<p><strong>ElevenFit sirup bez \u0161e\u0107era<\/strong><\/p>\n<p>Zasladite ili obojite svoja omiljena jela ovim ElevenFit preljevom. Proizvod je <strong>bez \u0161e\u0107era i masti<\/strong>, \u0161to ga \u010dini pogodnim za sve prehrane kojima je cilj <strong>mr\u0161avljenje.<\/strong><\/p>\n<p>Bo\u010dica sadr\u017ei 85 porcija (neto volumen 330 ml).<\/p>\n","protected":false},"featured_media":106632,"comment_status":"closed","ping_status":"closed","template":"","meta":[],"product_brand":[],"product_cat":[1509],"product_tag":[],"woo-feed-brand":[],"class_list":{"0":"post-106877","1":"product","2":"type-product","3":"status-publish","4":"has-post-thumbnail","6":"product_cat-sirupi-hr","7":"ts_product_brand-elevenfit-hr-2","9":"first","10":"outofstock","11":"sale","12":"taxable","13":"shipping-taxable","14":"purchasable","15":"product-type-simple"},"tiered_pricing_type":"fixed","tiered_pricing_fixed_rules":[],"tiered_pricing_product_settings":{"layout":"default","base_unit_name":{"singular":null,"plural":null},"default_variation":null},"tiered_pricing_minimum_quantity":null,"tiered_pricing_roles_data":[],"tiered_pricing_percentage_rules":[],"tiered_pricing_maximum_quantity":null,"tiered_pricing_quantity_step":null,"_links":{"self":[{"href":"https:\/\/instantdrinks.si\/hr\/wp-json\/wp\/v2\/product\/106877","targetHints":{"allow":["GET"]}}],"collection":[{"href":"https:\/\/instantdrinks.si\/hr\/wp-json\/wp\/v2\/product"}],"about":[{"href":"https:\/\/instantdrinks.si\/hr\/wp-json\/wp\/v2\/types\/product"}],"replies":[{"embeddable":true,"href":"https:\/\/instantdrinks.si\/hr\/wp-json\/wp\/v2\/comments?post=106877"}],"wp:featuredmedia":[{"embeddable":true,"href":"https:\/\/instantdrinks.si\/hr\/wp-json\/wp\/v2\/media\/106632"}],"wp:attachment":[{"href":"https:\/\/instantdrinks.si\/hr\/wp-json\/wp\/v2\/media?parent=106877"}],"wp:term":[{"taxonomy":"product_brand","embeddable":true,"href":"https:\/\/instantdrinks.si\/hr\/wp-json\/wp\/v2\/product_brand?post=106877"},{"taxonomy":"product_cat","embeddable":true,"href":"https:\/\/instantdrinks.si\/hr\/wp-json\/wp\/v2\/product_cat?post=106877"},{"taxonomy":"product_tag","embeddable":true,"href":"https:\/\/instantdrinks.si\/hr\/wp-json\/wp\/v2\/product_tag?post=106877"},{"taxonomy":"woo-feed-brand","embeddable":true,"href":"https:\/\/instantdrinks.si\/hr\/wp-json\/wp\/v2\/woo-feed-brand?post=106877"}],"curies":[{"name":"wp","href":"https:\/\/api.w.org\/{rel}","templated":true}]}}