{"id":106268,"date":"2024-09-10T01:23:02","date_gmt":"2024-09-09T23:23:02","guid":{"rendered":"https:\/\/instantdrinks.si\/Izdelek\/mini-hladilna-torba-iz-recikliranega-materiala-4-l\/"},"modified":"2025-02-06T10:12:02","modified_gmt":"2025-02-06T09:12:02","slug":"mini-rashladna-torba-od-recikliranog-materijala-4-l","status":"publish","type":"product","link":"https:\/\/instantdrinks.si\/hr\/proizvod\/mini-rashladna-torba-od-recikliranog-materijala-4-l\/","title":{"rendered":"Mini rashladna torba od recikliranog materijala (4 L)"},"content":{"rendered":"<p>Ova mini rashladna torba od recikliranog materijala manja je verzija klasi\u010dne rashladne torbe. Odli\u010dan je izbor za sve koji trebaju kompaktno rje\u0161enje za hla\u0111enje manjih koli\u010dina hrane i pi\u0107a. Torba je idealna za upotrebu na putovanju, na poslu ili tijekom piknika. S vanjske strane ima prakti\u010dan d\u017eep za pohranu manjih predmeta.<\/p>\n<p><strong>Upute za odr\u017eavanje:<\/strong> Torba ima glatku unutra\u0161njost koja se mo\u017ee obrisati vla\u017enom krpom. Torbu nije dopu\u0161teno prati u perilici rublja niti su\u0161iti u su\u0161ilici. Ne koristiti sredstva za \u010di\u0161\u0107enje.<\/p>\n<p><strong>Materijal torbe:<\/strong> 100% poliester (600D, recikliran)<br \/>\n<strong>Unutarnja podstava:<\/strong> 100% polietilen vinil acetat (PEVA), bez BPA<br \/>\n<strong>Dimenzije:<\/strong> 24 x 17 x 17 cm<br \/>\n<strong>Te\u017eina:<\/strong> 220 g<\/p>\n","protected":false},"excerpt":{"rendered":"<p><strong>Mini rashladna torba od recikliranog materijala.<\/strong><\/p>\n<p>Ova mini rashladna torba od recikliranog materijala manja je verzija klasi\u010dne rashladne torbe. Odli\u010dan je izbor za sve koji trebaju kompaktno rje\u0161enje za hla\u0111enje manjih koli\u010dina hrane i pi\u0107a. Torba je idealna za upotrebu na putovanju, na poslu ili tijekom piknika. S vanjske strane ima prakti\u010dan d\u017eep za pohranu manjih predmeta.<\/p>\n","protected":false},"featured_media":106269,"comment_status":"open","ping_status":"closed","template":"","meta":[],"product_brand":[],"product_cat":[1404,1433],"product_tag":[1353,1469],"woo-feed-brand":[],"class_list":{"0":"post-106268","1":"product","2":"type-product","3":"status-publish","4":"has-post-thumbnail","6":"product_cat-ostalo-hr","7":"product_cat-torbe-hr","8":"product_tag-frutilu-hr","9":"product_tag-hladilna-torba-hr","10":"ts_product_brand-frutilu","12":"first","13":"instock","14":"taxable","15":"shipping-taxable","16":"purchasable","17":"product-type-simple"},"tiered_pricing_type":"fixed","tiered_pricing_fixed_rules":[],"tiered_pricing_product_settings":{"layout":"default","base_unit_name":{"singular":null,"plural":null},"default_variation":null},"tiered_pricing_minimum_quantity":null,"tiered_pricing_roles_data":[],"tiered_pricing_percentage_rules":[],"tiered_pricing_maximum_quantity":null,"tiered_pricing_quantity_step":null,"_links":{"self":[{"href":"https:\/\/instantdrinks.si\/hr\/wp-json\/wp\/v2\/product\/106268","targetHints":{"allow":["GET"]}}],"collection":[{"href":"https:\/\/instantdrinks.si\/hr\/wp-json\/wp\/v2\/product"}],"about":[{"href":"https:\/\/instantdrinks.si\/hr\/wp-json\/wp\/v2\/types\/product"}],"replies":[{"embeddable":true,"href":"https:\/\/instantdrinks.si\/hr\/wp-json\/wp\/v2\/comments?post=106268"}],"wp:featuredmedia":[{"embeddable":true,"href":"https:\/\/instantdrinks.si\/hr\/wp-json\/wp\/v2\/media\/106269"}],"wp:attachment":[{"href":"https:\/\/instantdrinks.si\/hr\/wp-json\/wp\/v2\/media?parent=106268"}],"wp:term":[{"taxonomy":"product_brand","embeddable":true,"href":"https:\/\/instantdrinks.si\/hr\/wp-json\/wp\/v2\/product_brand?post=106268"},{"taxonomy":"product_cat","embeddable":true,"href":"https:\/\/instantdrinks.si\/hr\/wp-json\/wp\/v2\/product_cat?post=106268"},{"taxonomy":"product_tag","embeddable":true,"href":"https:\/\/instantdrinks.si\/hr\/wp-json\/wp\/v2\/product_tag?post=106268"},{"taxonomy":"woo-feed-brand","embeddable":true,"href":"https:\/\/instantdrinks.si\/hr\/wp-json\/wp\/v2\/woo-feed-brand?post=106268"}],"curies":[{"name":"wp","href":"https:\/\/api.w.org\/{rel}","templated":true}]}}