{"id":105738,"date":"2024-12-13T15:20:22","date_gmt":"2024-12-13T14:20:22","guid":{"rendered":"https:\/\/instantdrinks.si\/Izdelek\/frutilu-cokolada-maxi-pack-100g\/"},"modified":"2026-01-21T15:18:29","modified_gmt":"2026-01-21T14:18:29","slug":"frutilu-cokolada-maxi-pack-100g","status":"publish","type":"product","link":"https:\/\/instantdrinks.si\/hr\/proizvod\/frutilu-cokolada-maxi-pack-100g\/","title":{"rendered":"Frutilu \u010dokolada maxi pack 100g"},"content":{"rendered":"<p><strong>Frutilu je serija instant pra\u0161kastih napitaka bez \u0161e\u0107era.<\/strong><\/p>\n<p>Napitci imaju<strong> izvrstan okus i bogati su aromom<\/strong>, a dodani <strong>vitamin C<\/strong> poma\u017ee u ja\u010danju imunolo\u0161kog sustava.<\/p>\n<p>Zbog svog slatkog okusa <strong>poma\u017eu smanjiti \u017eelju za slatkom hranom<\/strong>, stoga su izvrstan pomo\u0107nik svima koji \u017eele <strong>smr\u0161avjeti<\/strong> i pridr\u017eavaju se <strong>prehrane bez \u0161e\u0107era.<\/strong><\/p>\n<p>S Frutilu napitcima briga o suvi\u0161nim kalorijama je pro\u0161lost!<\/p>\n<p>Zbog svog ugodnog okusa, Frutilu poti\u010de unos teku\u0107ine, pa uz njegovu pomo\u0107 lako mo\u017eete dose\u0107i <strong>preporu\u010deni dnevni unos teku\u0107ine.<\/strong><\/p>\n<p>Frutilu ne sadr\u017ei klasi\u010dni \u0161e\u0107er i zasla\u0111iva\u010de poput aspartama i acesulfama K, \u0161to ga \u010dini dobrodo\u0161lom alternativom na tr\u017ei\u0161tu instant napitaka, koji obi\u010dno sadr\u017ee puno \u0161e\u0107era i drugih nepotrebnih sastojaka.<\/p>\n<p>S jednim pakiranjem mo\u017eete pripremiti <strong>najmanje 15 l napitka.<\/strong> Pomije\u0161ajte sadr\u017eaj vre\u0107ice s vodom, gaziranim pi\u0107em ili bilo kojim drugim pi\u0107em po va\u0161em izboru. Mo\u017eete dodati kockice leda za bolji okus.<\/p>\n<p><strong>Savjet: Frutilu napitci mogu se koristiti i kao sastojak za slatka jela, koktele, shakeove ili \u010dak sladolede bez \u0161e\u0107era, jer oboga\u0107uju svako jelo zahvaljuju\u0107i svom punom okusu i aromi.<\/strong><\/p>\n<p>Napitci su pakirani u prakti\u010dne vre\u0107ice. Neto te\u017eina: 100 g.<\/p>\n","protected":false},"excerpt":{"rendered":"<p>Frutilu je serija instant pra\u0161kastih napitaka <strong>bez \u0161e\u0107era.<\/strong><\/p>\n<p>Napitci imaju <strong>izvrstan okus i bogati su aromom<\/strong>, a dodani <strong>vitamin C<\/strong> poma\u017ee u ja\u010danju imunolo\u0161kog sustava.<\/p>\n<p>Napitci su pakirani u prakti\u010dne vre\u0107ice. Neto te\u017eina: 100 g.<\/p>\n","protected":false},"featured_media":105739,"comment_status":"open","ping_status":"closed","template":"","meta":[],"product_brand":[],"product_cat":[1347,681],"product_tag":[],"woo-feed-brand":[],"class_list":{"0":"post-105738","1":"product","2":"type-product","3":"status-publish","4":"has-post-thumbnail","6":"product_cat-napici","7":"product_cat-classic-hr","8":"ts_product_brand-frutilu","10":"first","11":"instock","12":"taxable","13":"shipping-taxable","14":"purchasable","15":"product-type-simple"},"tiered_pricing_type":"fixed","tiered_pricing_fixed_rules":[],"tiered_pricing_product_settings":{"layout":"default","base_unit_name":{"singular":null,"plural":null},"default_variation":null},"tiered_pricing_minimum_quantity":null,"tiered_pricing_roles_data":[],"tiered_pricing_percentage_rules":[],"tiered_pricing_maximum_quantity":null,"tiered_pricing_quantity_step":null,"_links":{"self":[{"href":"https:\/\/instantdrinks.si\/hr\/wp-json\/wp\/v2\/product\/105738","targetHints":{"allow":["GET"]}}],"collection":[{"href":"https:\/\/instantdrinks.si\/hr\/wp-json\/wp\/v2\/product"}],"about":[{"href":"https:\/\/instantdrinks.si\/hr\/wp-json\/wp\/v2\/types\/product"}],"replies":[{"embeddable":true,"href":"https:\/\/instantdrinks.si\/hr\/wp-json\/wp\/v2\/comments?post=105738"}],"wp:featuredmedia":[{"embeddable":true,"href":"https:\/\/instantdrinks.si\/hr\/wp-json\/wp\/v2\/media\/105739"}],"wp:attachment":[{"href":"https:\/\/instantdrinks.si\/hr\/wp-json\/wp\/v2\/media?parent=105738"}],"wp:term":[{"taxonomy":"product_brand","embeddable":true,"href":"https:\/\/instantdrinks.si\/hr\/wp-json\/wp\/v2\/product_brand?post=105738"},{"taxonomy":"product_cat","embeddable":true,"href":"https:\/\/instantdrinks.si\/hr\/wp-json\/wp\/v2\/product_cat?post=105738"},{"taxonomy":"product_tag","embeddable":true,"href":"https:\/\/instantdrinks.si\/hr\/wp-json\/wp\/v2\/product_tag?post=105738"},{"taxonomy":"woo-feed-brand","embeddable":true,"href":"https:\/\/instantdrinks.si\/hr\/wp-json\/wp\/v2\/woo-feed-brand?post=105738"}],"curies":[{"name":"wp","href":"https:\/\/api.w.org\/{rel}","templated":true}]}}