{"id":105527,"date":"2024-10-16T12:56:31","date_gmt":"2024-10-16T10:56:31","guid":{"rendered":"https:\/\/instantdrinks.si\/Izdelek\/elevenfit-instant-napitek-energy\/"},"modified":"2025-11-17T08:35:31","modified_gmt":"2025-11-17T07:35:31","slug":"elevenfit-energy","status":"publish","type":"product","link":"https:\/\/instantdrinks.si\/hr\/proizvod\/elevenfit-energy\/","title":{"rendered":"Elevenfit Energy"},"content":{"rendered":"<p>Elevenfit Mix instant pra\u0161kasti napitci izvrstan su izbor za sve ljubitelje napitaka <strong>bez \u0161e\u0107era.<\/strong><\/p>\n<p>Napitci su <strong>niskokalori\u010dni i s malo ugljikohidrata<\/strong>, pa su pogodni za sve prehrane kojima je cilj <strong>mr\u0161avljenje.<\/strong> S jednom \u010da\u0161om (250 ml) unijet \u0107ete<strong> samo 5 kalorija!<\/strong><\/p>\n<p><strong><em>Nije prikladno za djecu, trudnice, dojilje i osobe osjetljive na kofein. Preporu\u010da se odgovorna konzumacija.<\/em><\/strong><\/p>\n<p>Napitak je pakiran u vre\u0107ici. Neto te\u017eina: 9 g.<\/p>\n","protected":false},"excerpt":{"rendered":"<p>Elevenfit instant energetski napitak bez \u0161e\u0107era za sve koji trebaju <strong>vi\u0161e energije<\/strong> u svakodnevnim aktivnostima.<\/p>\n<p>S jednim pakiranjem mo\u017eete pripremiti najmanje 300 ml napitka.<\/p>\n<p>Neto te\u017eina: 7 g<\/p>\n<p><em>Nije prikladno za djecu, trudnice, dojilje i osobe osjetljive na kofein. Preporu\u010da se odgovorna konzumacija.<\/em><\/p>\n","protected":false},"featured_media":105528,"comment_status":"closed","ping_status":"closed","template":"","meta":[],"product_brand":[],"product_cat":[1347,606],"product_tag":[],"woo-feed-brand":[],"class_list":{"0":"post-105527","1":"product","2":"type-product","3":"status-publish","4":"has-post-thumbnail","6":"product_cat-napici","7":"product_cat-energy-in-isotonic","8":"ts_product_brand-elevenfit-hr-2","10":"first","11":"instock","12":"sale","13":"taxable","14":"shipping-taxable","15":"purchasable","16":"product-type-simple"},"tiered_pricing_type":"fixed","tiered_pricing_fixed_rules":[],"tiered_pricing_product_settings":{"layout":"default","base_unit_name":{"singular":null,"plural":null},"default_variation":null},"tiered_pricing_minimum_quantity":null,"tiered_pricing_roles_data":[],"tiered_pricing_percentage_rules":[],"tiered_pricing_maximum_quantity":null,"tiered_pricing_quantity_step":null,"_links":{"self":[{"href":"https:\/\/instantdrinks.si\/hr\/wp-json\/wp\/v2\/product\/105527","targetHints":{"allow":["GET"]}}],"collection":[{"href":"https:\/\/instantdrinks.si\/hr\/wp-json\/wp\/v2\/product"}],"about":[{"href":"https:\/\/instantdrinks.si\/hr\/wp-json\/wp\/v2\/types\/product"}],"replies":[{"embeddable":true,"href":"https:\/\/instantdrinks.si\/hr\/wp-json\/wp\/v2\/comments?post=105527"}],"wp:featuredmedia":[{"embeddable":true,"href":"https:\/\/instantdrinks.si\/hr\/wp-json\/wp\/v2\/media\/105528"}],"wp:attachment":[{"href":"https:\/\/instantdrinks.si\/hr\/wp-json\/wp\/v2\/media?parent=105527"}],"wp:term":[{"taxonomy":"product_brand","embeddable":true,"href":"https:\/\/instantdrinks.si\/hr\/wp-json\/wp\/v2\/product_brand?post=105527"},{"taxonomy":"product_cat","embeddable":true,"href":"https:\/\/instantdrinks.si\/hr\/wp-json\/wp\/v2\/product_cat?post=105527"},{"taxonomy":"product_tag","embeddable":true,"href":"https:\/\/instantdrinks.si\/hr\/wp-json\/wp\/v2\/product_tag?post=105527"},{"taxonomy":"woo-feed-brand","embeddable":true,"href":"https:\/\/instantdrinks.si\/hr\/wp-json\/wp\/v2\/woo-feed-brand?post=105527"}],"curies":[{"name":"wp","href":"https:\/\/api.w.org\/{rel}","templated":true}]}}