{"id":104916,"date":"2021-02-26T11:07:18","date_gmt":"2021-02-26T10:07:18","guid":{"rendered":"https:\/\/instantdrinks.si\/Izdelek\/mixgo-limonada-12x3g\/"},"modified":"2026-04-06T00:25:38","modified_gmt":"2026-04-05T22:25:38","slug":"mixgo-limunada-12x3g","status":"publish","type":"product","link":"https:\/\/instantdrinks.si\/hr\/proizvod\/mixgo-limunada-12x3g\/","title":{"rendered":"MIX&#038;GO Limunada, 12x3g"},"content":{"rendered":"<p>Bolero instant pra\u0161kasti napitak sa zasla\u0111iva\u010dima<\/p>\n<ul>\n<li>Bez \u0161e\u0107era, glutena i laktoze,<\/li>\n<li>s vitaminom C,<\/li>\n<li>sa zasla\u0111iva\u010dem stevijom,<\/li>\n<li>za najmanje 0,5 l napitka,<\/li>\n<li>pakiran u vre\u0107ici, neto te\u017eina 3 g (12 x 3 g)<\/li>\n<\/ul>\n","protected":false},"excerpt":{"rendered":"<p>Bolero Sticks instant napitak bez \u0161e\u0107era u prakti\u010dnom pakiranju izvrstan je izbor za sve koji trebaju brzo pi\u0107e bilo kada i bilo gdje. S jednim pakiranjem mo\u017eete pripremiti 0,5 L osvje\u017eavaju\u0107eg napitka.<\/p>\n<p>Pakiranje sadr\u017ei 12 mini vre\u0107ica (12 x 3 g).<\/p>\n","protected":false},"featured_media":104918,"comment_status":"open","ping_status":"closed","template":"","meta":[],"product_brand":[],"product_cat":[631],"product_tag":[725,785],"woo-feed-brand":[],"class_list":{"0":"post-104916","1":"product","2":"type-product","3":"status-publish","4":"has-post-thumbnail","6":"product_cat-mixgo-hr","7":"product_tag-limona-hr","8":"product_tag-limonada-hr","9":"ts_product_brand-bolero-hr-2","11":"first","12":"instock","13":"taxable","14":"shipping-taxable","15":"purchasable","16":"product-type-simple"},"tiered_pricing_type":"fixed","tiered_pricing_fixed_rules":[],"tiered_pricing_product_settings":{"layout":"default","base_unit_name":{"singular":null,"plural":null},"default_variation":null},"tiered_pricing_minimum_quantity":null,"tiered_pricing_roles_data":[],"tiered_pricing_percentage_rules":[],"tiered_pricing_maximum_quantity":null,"tiered_pricing_quantity_step":null,"_links":{"self":[{"href":"https:\/\/instantdrinks.si\/hr\/wp-json\/wp\/v2\/product\/104916","targetHints":{"allow":["GET"]}}],"collection":[{"href":"https:\/\/instantdrinks.si\/hr\/wp-json\/wp\/v2\/product"}],"about":[{"href":"https:\/\/instantdrinks.si\/hr\/wp-json\/wp\/v2\/types\/product"}],"replies":[{"embeddable":true,"href":"https:\/\/instantdrinks.si\/hr\/wp-json\/wp\/v2\/comments?post=104916"}],"wp:featuredmedia":[{"embeddable":true,"href":"https:\/\/instantdrinks.si\/hr\/wp-json\/wp\/v2\/media\/104918"}],"wp:attachment":[{"href":"https:\/\/instantdrinks.si\/hr\/wp-json\/wp\/v2\/media?parent=104916"}],"wp:term":[{"taxonomy":"product_brand","embeddable":true,"href":"https:\/\/instantdrinks.si\/hr\/wp-json\/wp\/v2\/product_brand?post=104916"},{"taxonomy":"product_cat","embeddable":true,"href":"https:\/\/instantdrinks.si\/hr\/wp-json\/wp\/v2\/product_cat?post=104916"},{"taxonomy":"product_tag","embeddable":true,"href":"https:\/\/instantdrinks.si\/hr\/wp-json\/wp\/v2\/product_tag?post=104916"},{"taxonomy":"woo-feed-brand","embeddable":true,"href":"https:\/\/instantdrinks.si\/hr\/wp-json\/wp\/v2\/woo-feed-brand?post=104916"}],"curies":[{"name":"wp","href":"https:\/\/api.w.org\/{rel}","templated":true}]}}