{"id":104873,"date":"2020-08-28T13:55:49","date_gmt":"2020-08-28T11:55:49","guid":{"rendered":"https:\/\/instantdrinks.si\/Izdelek\/mixgo-tonik-z-grenivko12x3g\/"},"modified":"2025-04-17T10:04:57","modified_gmt":"2025-04-17T08:04:57","slug":"mixgo-grejp-tonik-12x3g","status":"publish","type":"product","link":"https:\/\/instantdrinks.si\/hr\/proizvod\/mixgo-grejp-tonik-12x3g\/","title":{"rendered":"MIX&#038;GO Grejp tonik, 12x3g"},"content":{"rendered":"<p>Bolero instant pra\u0161kasti napitak sa zasla\u0111iva\u010dima<\/p>\n<ul>\n<li>Bez \u0161e\u0107era, glutena i laktoze,<\/li>\n<li>s vitaminom C,<\/li>\n<li>sa zasla\u0111iva\u010dem stevijom,<\/li>\n<li>za najmanje 0,5 l napitka,<\/li>\n<li>pakiran u vre\u0107ici, neto te\u017eina 3 g (12 x 3 g)<\/li>\n<\/ul>\n","protected":false},"excerpt":{"rendered":"<p>Bolero Sticks instant napitak bez \u0161e\u0107era u prakti\u010dnom pakiranju izvrstan je izbor za sve koji trebaju brzo pi\u0107e bilo kada i bilo gdje. S jednim pakiranjem mo\u017eete pripremiti 0,5 L osvje\u017eavaju\u0107eg napitka.<\/p>\n<p>Pakiranje sadr\u017ei 12 mini vre\u0107ica (12 x 3 g).<\/p>\n","protected":false},"featured_media":131904,"comment_status":"closed","ping_status":"closed","template":"","meta":[],"product_brand":[],"product_cat":[631],"product_tag":[1269,716,635,717,718],"woo-feed-brand":[],"class_list":{"0":"post-104873","1":"product","2":"type-product","3":"status-publish","4":"has-post-thumbnail","6":"product_cat-mixgo-hr","7":"product_tag-grapefruit-tonic-hr","8":"product_tag-grenivka-hr","9":"product_tag-sugar-free-hr","10":"product_tag-tonik-hr","11":"product_tag-tonik-z-grenivko-hr","12":"ts_product_brand-bolero-hr-2","14":"first","15":"instock","16":"taxable","17":"shipping-taxable","18":"purchasable","19":"product-type-simple"},"tiered_pricing_type":"fixed","tiered_pricing_fixed_rules":[],"tiered_pricing_product_settings":{"layout":"default","base_unit_name":{"singular":null,"plural":null},"default_variation":null},"tiered_pricing_minimum_quantity":null,"tiered_pricing_roles_data":[],"tiered_pricing_percentage_rules":[],"tiered_pricing_maximum_quantity":null,"tiered_pricing_quantity_step":null,"_links":{"self":[{"href":"https:\/\/instantdrinks.si\/hr\/wp-json\/wp\/v2\/product\/104873","targetHints":{"allow":["GET"]}}],"collection":[{"href":"https:\/\/instantdrinks.si\/hr\/wp-json\/wp\/v2\/product"}],"about":[{"href":"https:\/\/instantdrinks.si\/hr\/wp-json\/wp\/v2\/types\/product"}],"replies":[{"embeddable":true,"href":"https:\/\/instantdrinks.si\/hr\/wp-json\/wp\/v2\/comments?post=104873"}],"wp:featuredmedia":[{"embeddable":true,"href":"https:\/\/instantdrinks.si\/hr\/wp-json\/wp\/v2\/media\/131904"}],"wp:attachment":[{"href":"https:\/\/instantdrinks.si\/hr\/wp-json\/wp\/v2\/media?parent=104873"}],"wp:term":[{"taxonomy":"product_brand","embeddable":true,"href":"https:\/\/instantdrinks.si\/hr\/wp-json\/wp\/v2\/product_brand?post=104873"},{"taxonomy":"product_cat","embeddable":true,"href":"https:\/\/instantdrinks.si\/hr\/wp-json\/wp\/v2\/product_cat?post=104873"},{"taxonomy":"product_tag","embeddable":true,"href":"https:\/\/instantdrinks.si\/hr\/wp-json\/wp\/v2\/product_tag?post=104873"},{"taxonomy":"woo-feed-brand","embeddable":true,"href":"https:\/\/instantdrinks.si\/hr\/wp-json\/wp\/v2\/woo-feed-brand?post=104873"}],"curies":[{"name":"wp","href":"https:\/\/api.w.org\/{rel}","templated":true}]}}