{"id":104853,"date":"2015-08-08T10:22:09","date_gmt":"2015-08-08T08:22:09","guid":{"rendered":"https:\/\/instantdrinks.si\/Izdelek\/isotonic-pomaranca\/"},"modified":"2026-03-16T15:10:17","modified_gmt":"2026-03-16T14:10:17","slug":"bolero-isotonic-sport","status":"publish","type":"product","link":"https:\/\/instantdrinks.si\/hr\/proizvod\/bolero-isotonic-sport\/","title":{"rendered":"Bolero Isotonic Sport"},"content":{"rendered":"<p>Bolero instant pra\u0161kasti napitak sa zasla\u0111iva\u010dima<\/p>\n<ul>\n<li>Bez \u0161e\u0107era, glutena i laktoze,<\/li>\n<li>sa zasla\u0111iva\u010dem stevijom,<\/li>\n<li>za najmanje 1,5 l napitka,<\/li>\n<li>pakiran u vre\u0107ici, neto te\u017eina 9 g.<\/li>\n<\/ul>\n","protected":false},"excerpt":{"rendered":"<p>Bolero instant izotoni\u010dni napitak Sport<\/p>\n<p>Proizvod <strong>ne sadr\u017ei \u0161e\u0107er<\/strong>, pa je pogodan za sve prehrane kojima je cilj <strong>mr\u0161avljenje<\/strong>. S jednim pakiranjem mo\u017eete pripremiti najmanje <strong>1,5 l napitka.<\/strong><\/p>\n","protected":false},"featured_media":104855,"comment_status":"closed","ping_status":"closed","template":"","meta":[],"product_brand":[],"product_cat":[606],"product_tag":[1251,1252,1253,1254,1255],"woo-feed-brand":[],"class_list":{"0":"post-104853","1":"product","2":"type-product","3":"status-publish","4":"has-post-thumbnail","6":"product_cat-energy-in-isotonic","7":"product_tag-isotonic-hr","8":"product_tag-izotonicni-napitek-hr","9":"product_tag-izotonik-hr","10":"product_tag-sport-hr","11":"product_tag-sportni-napitek-hr","12":"ts_product_brand-bolero-hr-2","14":"first","15":"outofstock","16":"taxable","17":"shipping-taxable","18":"purchasable","19":"product-type-simple"},"tiered_pricing_type":"fixed","tiered_pricing_fixed_rules":[],"tiered_pricing_product_settings":{"layout":"default","base_unit_name":{"singular":null,"plural":null},"default_variation":null},"tiered_pricing_minimum_quantity":null,"tiered_pricing_roles_data":[],"tiered_pricing_percentage_rules":[],"tiered_pricing_maximum_quantity":null,"tiered_pricing_quantity_step":null,"_links":{"self":[{"href":"https:\/\/instantdrinks.si\/hr\/wp-json\/wp\/v2\/product\/104853","targetHints":{"allow":["GET"]}}],"collection":[{"href":"https:\/\/instantdrinks.si\/hr\/wp-json\/wp\/v2\/product"}],"about":[{"href":"https:\/\/instantdrinks.si\/hr\/wp-json\/wp\/v2\/types\/product"}],"replies":[{"embeddable":true,"href":"https:\/\/instantdrinks.si\/hr\/wp-json\/wp\/v2\/comments?post=104853"}],"wp:featuredmedia":[{"embeddable":true,"href":"https:\/\/instantdrinks.si\/hr\/wp-json\/wp\/v2\/media\/104855"}],"wp:attachment":[{"href":"https:\/\/instantdrinks.si\/hr\/wp-json\/wp\/v2\/media?parent=104853"}],"wp:term":[{"taxonomy":"product_brand","embeddable":true,"href":"https:\/\/instantdrinks.si\/hr\/wp-json\/wp\/v2\/product_brand?post=104853"},{"taxonomy":"product_cat","embeddable":true,"href":"https:\/\/instantdrinks.si\/hr\/wp-json\/wp\/v2\/product_cat?post=104853"},{"taxonomy":"product_tag","embeddable":true,"href":"https:\/\/instantdrinks.si\/hr\/wp-json\/wp\/v2\/product_tag?post=104853"},{"taxonomy":"woo-feed-brand","embeddable":true,"href":"https:\/\/instantdrinks.si\/hr\/wp-json\/wp\/v2\/woo-feed-brand?post=104853"}],"curies":[{"name":"wp","href":"https:\/\/api.w.org\/{rel}","templated":true}]}}