{"id":104311,"date":"2016-07-12T07:38:16","date_gmt":"2016-07-12T05:38:16","guid":{"rendered":"https:\/\/instantdrinks.si\/Izdelek\/hibiskus\/"},"modified":"2026-04-06T00:25:38","modified_gmt":"2026-04-05T22:25:38","slug":"hibiskus","status":"publish","type":"product","link":"https:\/\/instantdrinks.si\/hr\/proizvod\/hibiskus\/","title":{"rendered":"Bolero Hibiskus"},"content":{"rendered":"<p>Bolero instant pra\u0161kasti napitak sa zasla\u0111iva\u010dima<\/p>\n<ul>\n<li>Bez \u0161e\u0107era, glutena i laktoze,<\/li>\n<li>s vitaminom C,<\/li>\n<li>sa zasla\u0111iva\u010dem stevijom,<\/li>\n<li>za najmanje 1,5 l napitka,<\/li>\n<li>pakiran u vre\u0107ici, neto te\u017eina 9 g.<\/li>\n<\/ul>\n","protected":false},"excerpt":{"rendered":"<p><strong>Bolero drink instant napitak<\/strong><\/p>\n<p>Proizvod <strong>ne sadr\u017ei \u0161e\u0107er<\/strong>, pa je pogodan za sve prehrane kojima je cilj <strong>mr\u0161avljenje<\/strong>. S jednim pakiranjem mo\u017eete pripremiti najmanje <strong>1,5 l napitka.<\/strong><\/p>\n","protected":false},"featured_media":104312,"comment_status":"open","ping_status":"closed","template":"","meta":[],"product_brand":[],"product_cat":[681],"product_tag":[871,872],"woo-feed-brand":[],"class_list":{"0":"post-104311","1":"product","2":"type-product","3":"status-publish","4":"has-post-thumbnail","6":"product_cat-classic-hr","7":"product_tag-hibiskus-hr","8":"product_tag-napitek-iz-hibiskusa-hr","9":"ts_product_brand-bolero-hr-2","11":"first","12":"instock","13":"taxable","14":"shipping-taxable","15":"purchasable","16":"product-type-simple"},"tiered_pricing_type":"fixed","tiered_pricing_fixed_rules":[],"tiered_pricing_product_settings":{"layout":"default","base_unit_name":{"singular":null,"plural":null},"default_variation":null},"tiered_pricing_minimum_quantity":null,"tiered_pricing_roles_data":[],"tiered_pricing_percentage_rules":[],"tiered_pricing_maximum_quantity":null,"tiered_pricing_quantity_step":null,"_links":{"self":[{"href":"https:\/\/instantdrinks.si\/hr\/wp-json\/wp\/v2\/product\/104311","targetHints":{"allow":["GET"]}}],"collection":[{"href":"https:\/\/instantdrinks.si\/hr\/wp-json\/wp\/v2\/product"}],"about":[{"href":"https:\/\/instantdrinks.si\/hr\/wp-json\/wp\/v2\/types\/product"}],"replies":[{"embeddable":true,"href":"https:\/\/instantdrinks.si\/hr\/wp-json\/wp\/v2\/comments?post=104311"}],"wp:featuredmedia":[{"embeddable":true,"href":"https:\/\/instantdrinks.si\/hr\/wp-json\/wp\/v2\/media\/104312"}],"wp:attachment":[{"href":"https:\/\/instantdrinks.si\/hr\/wp-json\/wp\/v2\/media?parent=104311"}],"wp:term":[{"taxonomy":"product_brand","embeddable":true,"href":"https:\/\/instantdrinks.si\/hr\/wp-json\/wp\/v2\/product_brand?post=104311"},{"taxonomy":"product_cat","embeddable":true,"href":"https:\/\/instantdrinks.si\/hr\/wp-json\/wp\/v2\/product_cat?post=104311"},{"taxonomy":"product_tag","embeddable":true,"href":"https:\/\/instantdrinks.si\/hr\/wp-json\/wp\/v2\/product_tag?post=104311"},{"taxonomy":"woo-feed-brand","embeddable":true,"href":"https:\/\/instantdrinks.si\/hr\/wp-json\/wp\/v2\/woo-feed-brand?post=104311"}],"curies":[{"name":"wp","href":"https:\/\/api.w.org\/{rel}","templated":true}]}}