{"id":109308,"date":"2015-08-11T22:04:23","date_gmt":"2015-08-11T20:04:23","guid":{"rendered":"https:\/\/instantdrinks.si\/veleprodaja\/"},"modified":"2025-11-26T10:34:49","modified_gmt":"2025-11-26T09:34:49","slug":"veleprodaja","status":"publish","type":"page","link":"https:\/\/instantdrinks.si\/hr\/veleprodaja\/","title":{"rendered":"Veleprodaja"},"content":{"rendered":"<div class=\"std\">\n<div class=\"std\">\n<h2>\u017delite li sudjelovati?<\/h2>\n<p>Imate obrt i \u017eelite svojim kupcima ponuditi proizvode iz na\u0161eg asortimana i time pove\u0107ati obim prodaje?<\/p>\n<p>Nudimo Vam mogu\u0107nost posredni\u010dke prodaje.<\/p>\n<p>Za vi\u0161e informacija kontaktirajte nas na:<\/p>\n<p>&#8211; <span class=\"white-text\">Telefon:<\/span> <strong>051 899 599<\/strong><br \/>\n&#8211; <span class=\"white-text\">E-po\u0161ta:<\/span> <strong><a href=\"mailto:info@instantdrinks.si\">info@instantdrinks.si<\/a><\/strong><\/p>\n<\/div>\n<\/div>\n","protected":false},"excerpt":{"rendered":"<p>\u017delite li sudjelovati? Imate obrt i \u017eelite svojim kupcima ponuditi proizvode iz na\u0161eg asortimana i time pove\u0107ati obim prodaje? Nudimo Vam mogu\u0107nost posredni\u010dke prodaje. Za vi\u0161e informacija kontaktirajte nas na: &#8211; Telefon: 051 899 599 &#8211; E-po\u0161ta: info@instantdrinks.si<\/p>\n","protected":false},"author":1,"featured_media":0,"parent":0,"menu_order":0,"comment_status":"closed","ping_status":"closed","template":"","meta":{"footnotes":""},"class_list":["post-109308","page","type-page","status-publish","hentry"],"_links":{"self":[{"href":"https:\/\/instantdrinks.si\/hr\/wp-json\/wp\/v2\/pages\/109308","targetHints":{"allow":["GET"]}}],"collection":[{"href":"https:\/\/instantdrinks.si\/hr\/wp-json\/wp\/v2\/pages"}],"about":[{"href":"https:\/\/instantdrinks.si\/hr\/wp-json\/wp\/v2\/types\/page"}],"author":[{"embeddable":true,"href":"https:\/\/instantdrinks.si\/hr\/wp-json\/wp\/v2\/users\/1"}],"replies":[{"embeddable":true,"href":"https:\/\/instantdrinks.si\/hr\/wp-json\/wp\/v2\/comments?post=109308"}],"version-history":[{"count":1,"href":"https:\/\/instantdrinks.si\/hr\/wp-json\/wp\/v2\/pages\/109308\/revisions"}],"predecessor-version":[{"id":109309,"href":"https:\/\/instantdrinks.si\/hr\/wp-json\/wp\/v2\/pages\/109308\/revisions\/109309"}],"wp:attachment":[{"href":"https:\/\/instantdrinks.si\/hr\/wp-json\/wp\/v2\/media?parent=109308"}],"curies":[{"name":"wp","href":"https:\/\/api.w.org\/{rel}","templated":true}]}}