{"id":109299,"date":"2018-05-21T10:19:35","date_gmt":"2018-05-21T08:19:35","guid":{"rendered":"https:\/\/instantdrinks.si\/zasebnost\/"},"modified":"2025-11-26T10:30:52","modified_gmt":"2025-11-26T09:30:52","slug":"politika-privatnosti","status":"publish","type":"page","link":"https:\/\/instantdrinks.si\/hr\/politika-privatnosti\/","title":{"rendered":"Politika privatnosti"},"content":{"rendered":"<h1><strong>ZA\u0160TITA OSOBNIH PODATAKA<\/strong><\/h1>\n<p>U svom poslovanju obra\u0111ujemo osobne podatke kupaca u skladu sa Zakonom o za\u0161titi osobnih podataka (ZVOP-2) i Uredbom (EU) 2016\/679 Europskog parlamenta i Vije\u0107a od 27. travnja 2016. o za\u0161titi pojedinaca u vezi s obradom osobnih podataka io slobodnom kretanju takvih podataka te stavljanju izvan snage Direktive 95\/46\/EZ (Op\u0107i podaci Uredba o za\u0161titi). <\/p>\n<p>Cijeli zakon i Uredbu mo\u017eete pro\u010ditati ovdje: <a href=\"http:\/\/www.pisrs.si\/Pis.web\/pregledPredpisa?id=ZAKO7959\" target=\"_blank\" rel=\"noopener\">http:\/\/www.pisrs.si\/Pis.web\/pregledPredpisa?id=ZAKO7959<\/a> <\/p>\n<p><a href=\"https:\/\/eur-lex.europa.eu\/legal-content\/SL\/TXT\/?uri=CELEX%3A32016R067 9\" target=\"_blank\" rel=\"noopener\">https:\/\/eur-lex.europa.eu\/legal-content\/SL\/TXT\/?uri=CELEX%3A32016R0679<\/a> <\/p>\n<p>Voditelj obrade osobnih podataka je Arbos doo, Batuje 1f, 5262 \u010crni\u010de, porezni broj. Ne. SI46328289, mati\u010dni broj 6430970000. <\/p>\n<ol>\n<li><strong> PRIKUPLJANJE I OBRADA OSOBNIH PODATAKA<\/strong><\/li>\n<\/ol>\n<p>Prodavatelj koristi osobne podatke kupca za potrebe obrade narud\u017ebe, kao \u0161to je slanje sa\u017eetka narud\u017ebe, informacija o isporuci narud\u017ebe, izrada ra\u010duna i ostale potrebne komunikacije. Prodavatelj tako\u0111er mo\u017ee koristiti e-mail adresu kupca za informiranje o pogodnostima, novostima iu druge promotivne svrhe. Prilikom slanja promotivnih poruka prodavatelj ne koristi automatsko profiliranje, ve\u0107 samo op\u0107enite poruke. Ukoliko korisnik web stranice ne izvr\u0161i kupnju, prodavatelj ga mo\u017ee obavijestiti o nedovr\u0161enoj kupnji putem e-maila. Prikupljeni osobni podaci mogu se koristiti i za druge op\u0107e poslovne svrhe, kao \u0161to su vo\u0111enje korisni\u010dkih ra\u010duna, provo\u0111enje internih i tr\u017ei\u0161nih istra\u017eivanja te mjerenje u\u010dinkovitosti reklamnih kampanja. Podatke prikupljene na dru\u0161tvenim mre\u017eama obra\u0111ujemo u svrhu informiranja potro\u0161a\u010da o aktualnim akcijama i ponudama. <\/p>\n<p>Prodavatelj ne prikuplja niti obra\u0111uje osobne podatke, osim kada korisnik web stranice na to izri\u010dito pristane \u2013 odnosno prilikom narud\u017ebe, prilikom unosa e-mail adrese u okvir za primanje e-novosti, prilikom registracije na web stranici, prilikom sudjelovanja u nagradnoj igri te prilikom pristanka na kori\u0161tenje kola\u010di\u0107a na web stranici. <\/p>\n<p>Ukoliko niste suglasni s prikupljanjem i obradom osobnih podataka, nije mogu\u0107e izvr\u0161iti narud\u017ebu na na\u0161oj web stranici. <\/p>\n<p>Osobni podaci koje prodavatelj prikuplja i obra\u0111uje su: <\/p>\n<ul>\n<li>kontakt podaci kupca (e-mail adresa i broj telefona),<\/li>\n<li>adresa za dostavu,<\/li>\n<li>tvrtka, ako kupac unese te podatke,<\/li>\n<li>datum i vrijeme narud\u017ebe,<\/li>\n<li>\n \tsadr\u017eaj ko\u0161arice,<\/li>\n<li>na\u010din pla\u0107anja i dostave robe,<\/li>\n<li>povijest kori\u0161tenja promotivnih kodova za popust,<\/li>\n<li>podaci o povijesti obavljenih kupnji,<\/li>\n<li>podaci o izdanim ra\u010dunima,<\/li>\n<p>Ovako prikupljene (osobne) podatke obra\u0111ujemo zasebno i ne povezujemo ih s drugim osobnim podacima korisnika na\u0161ih web stranica, te ne vr\u0161imo profiliranje Va\u0161eg pona\u0161anja pri kupnji. <\/p>\n<ol start=\"3\">\n<li>podaci o komunikaciji izme\u0111u prodavatelja i kupca (e-mail poruke),<\/li>\n<li>podaci o korisnicima web stranice (IP adresa ili jedinstveni ID ure\u0111aja, ID ogla\u0161avanja, datum, vrijeme i trajanje posjeta web stranici, podaci o lokaciji ili pristupnoj to\u010dki Internetu, vrsta operativnog sustava i tip i verzija preglednika, podaci o posje\u0107enim podstranicama, podaci o napravljenim postavkama),<\/li>\n<li>podaci o upisima u online obrasce (npr. u okviru nagradnih igara i e-biltena). pretplate),<\/li>\n<li>ostale podatke koje korisnici dobrovoljno daju prodavatelju prilikom narud\u017ebe (npr. bilje\u0161ke, ocjene, komentari itd.),<\/li>\n<li>komentare, ocjene i dijeljenja na na\u0161im dru\u0161tvenim mre\u017eama.<\/li>\n<\/ul>\n<p>Korisni\u010dki podaci ne\u0107e biti proslije\u0111eni neovla\u0161tenim tre\u0107im stranama ni pod kojim uvjetima. <\/p>\n<p>Pretplatnici na newsletter mogu otkazati svoju pretplatu u bilo kojem trenutku slanjem zahtjeva za otkazivanje na <a href=\"mailto:info@instantdrinks.si\">info@instantdrinks.si<\/a> ili klikom na poveznicu za odjavu na dnu newslettera. <\/p>\n<p>Arbos doo i internet trgovina instantdrinks.si ne koriste automatizirane funkcije dono\u0161enja odluka, uklju\u010duju\u0107i profiliranje. <\/p>\n<p>Zakonitost obrade osobnih podataka odre\u0111ena je \u010dlankom 6. Uredbe (EU) 2016\/679, to\u010dka 1.(a) &#8211; privola pojedinca za obradu osobnih podataka, 1.(b) &#8211; obrada podataka za izvr\u0161enje ugovora i 1.(f) &#8211; legitimni interesi voditelja obrade osobnih podataka. <\/p>\n<ol start=\"2\">\n<li><strong> POSJET WEB STRANICI INSTANTDRINKS.SI<\/strong><\/li>\n<\/ol>\n<p>Svaki put kada posjetite internetsku trgovinu, log datoteka web poslu\u017eitelja automatski se pohranjuje na web poslu\u017eitelju (npr. IP broj &#8211; broj koji identificira pojedina\u010dno ra\u010dunalo ili drugi ure\u0111aj na internetu). Web stranica funkcionira tako da odre\u0111ene podatke o posje\u0107enosti web stranice bilje\u017ei na web poslu\u017eitelju na kojem se web stranica nalazi. Ti podaci su IP broj, vrijeme posjete, sadr\u017eaj zahtjeva (odre\u0111ene stranice), status pristupa\/HTTP status kod, koli\u010dina podataka koji se svaki put prenosi, web stranica s koje dolazi zahtjev (referrer URL), preglednik i sli\u010dno. Ovako prikupljene osobne podatke prikupljamo pomo\u0107u kola\u010di\u0107a, a prije instaliranja tra\u017eit \u0107emo Va\u0161 pristanak. <\/p>\n<p>Pravna osnova za obradu gore navedenih podataka je na\u0161 legitimni interes (\u010dl. 6. (1f) to\u010dka Uredbe), a to je osiguranje mre\u017ene sigurnosti, sprje\u010davanje prijevara i za\u0161tita informacija u internetskoj trgovini. <\/p>\n<p>Prikupljeni podaci pohranjuju se 30 dana od dana va\u0161eg posjeta stranici. Ovako prikupljene (osobne) podatke obra\u0111ujemo odvojeno i ne povezujemo ih s drugim osobnim podacima korisnika na\u0161ih web stranica,i ne vr\u0161imo nikakvo profiliranje va\u0161eg pona\u0161anja pri kupnji.<\/p>\n<li><strong> OTKRIVANJE ILI PRIJENOS OSOBNIH PODATAKA TRE\u0106IM STRANAMA<\/strong><\/li>\n<\/ol>\n<p>Prodavatelj mo\u017ee otkriti osobne podatke kupaca i korisnika web stranice instantdrinks.si tre\u0107im stranama kada to zahtijeva va\u017ee\u0107i zakon, kada prodavatelj primi zahtjev od nadle\u017enog tijela te kao odgovor na sudski ili drugi slu\u017ebeni postupak. <\/p>\n<p>Osobne podatke kupaca i korisnika web stranica obra\u0111ivati \u200b\u200b\u0107e zaposlenici Arbos doo, kao i zastupnici i pravne osobe s kojima Arbos doo ima sklopljen ugovor (Po\u0161ta Slovenije, GLS kurirska slu\u017eba, PayPal platna platforma, Stripe platna platforma za sva pla\u0107anja kreditnim ili debitnim karticama, NovaKBM i Intesa SanPaolo banka, gdje Arbos doo ima otvoren transakcijski ra\u010dun). <\/p>\n<ol start=\"4\">\n<li><strong> ROK ZA POHRANU OSOBNIH PODATAKA<\/strong><\/li>\n<\/ol>\n<p>Osobne podatke kupaca i korisnika web stranice instantdrinks.si pohranjujemo onoliko dugo koliko je potrebno za ispunjenje svrhe za koju su podaci prikupljeni i dalje kori\u0161teni. Nakon isteka razdoblja \u010duvanja, osobne podatke \u0107emo u\u010dinkovito i trajno izbrisati ili anonimizirati kako identifikacija s korisnikom vi\u0161e ne bi bila mogu\u0107a. <\/p>\n<p>Podatke koje obra\u0111ujemo u svrhu izvr\u0161avanja ugovornog odnosa s kupcem (ime, prezime, adresa, e-mail) pohranjujemo na razdoblje potrebno za izvr\u0161enje ugovora te daljnjih 10 godina koliko je zakonski rok \u010duvanja (npr. ra\u010dunovodstveni ili porezni podaci), a dulje samo u slu\u010daju spora u vezi s ugovornim odnosom. <\/p>\n<ol start=\"5\">\n<li><strong> VA\u0160A PRAVA I KAKO IH MO\u017dETE OSTVARIVATI<\/strong><\/li>\n<\/ol>\n<p>Koja su va\u0161a prava i kako ih mo\u017eete ostvariti ure\u0111ena su Uredbom (EU) 2016\/679 Europskog parlamenta i Vije\u0107a od 27. travnja 2016. o za\u0161titi pojedinaca u vezi s obradom osobnih podataka i slobodnom kretanju takvih podataka te o stavljanju izvan snage Direktive 95\/4 6\/EZ (Op\u0107a uredba o za\u0161titi podataka) i Zakona o za\u0161titi osobnih podataka (ZVOP-2). U nastavku smo sa\u017eeli va\u0161a prava prema gornjoj Uredbi (\u010dlanci 16, 17, 18, 19, 20, 21, 22). <\/p>\n<p>Ukoliko vi\u0161e ne \u017eelite da Arbos doo obra\u0111uje Va\u0161e osobne podatke, imate <strong>pravo povu\u0107i<\/strong> <strong>privolu<\/strong>. Povla\u010denje privole ne utje\u010de na zakonitost obrade podataka do njezina povla\u010denja. Svoj zahtjev za otkazivanjem mo\u017eete poslati na <a href=\"mailto:info@instantdrinks.si\">info@instantdrinks.si<\/a>.<\/p>\n<p>Mo\u017eete zatra\u017eiti od Arbos doo da Vas obavijesti da li se Va\u0161i podaci obra\u0111uju (<strong>pravo na pristup osobnim podacima<\/strong>). Ukoliko se podaci obra\u0111uju, Arbos doo \u0107e Vam dostaviti popis osobnih podataka. Arbos doo Vam tako\u0111er pru\u017ea informacije o svrsi obrade osobnih podataka, predvi\u0111enom roku pohrane osobnih podataka, na koji na\u010din pojedinac mo\u017ee ispraviti ili dopuniti osobne podatke, na koji na\u010din se pojedinac mo\u017ee \u017ealiti nadzornom tijelu, informacije o tome prikupljaju li se podaci za automatizirano dono\u0161enje odluka, uklju\u010duju\u0107i profiliranje, te jesu li osobni podaci prikupljeni od pojedinca ili od tre\u0107e strane. Pojedinac tako\u0111er mo\u017ee od voditelja obrade zatra\u017eiti presliku osobnih podataka koji se obra\u0111uju. <\/p>\n<p><strong>Imate pravo ispraviti ili dopuniti<\/strong> neto\u010dne osobne podatke. Mo\u017eete nas obavijestiti o svim ispravcima i dodacima u dodatnoj izjavi na <a href=\"mailto:info@instantdrinks.si\">info@instantdrinks.si <\/a>. <\/p>\n<p>Imate pravo na brisanje svojih podataka (\u201epravo na zaborav\u201c) Arbos doo \u0107e na Va\u0161 zahtjev izbrisati Va\u0161e osobne podatke ako postoji jedan od razloga iz \u010dlanka 17. Uredbe (ako podaci vi\u0161e nisu nu\u017eni za svrhe za koje su prikupljeni ili na drugi na\u010din obra\u0111ivani, ako povu\u010dete privolu za obradu za koju ne postoji pravni temelj, ako se protivite obradi za koju ne postoje prevladavaju\u0107i legitimni interesi, ako su osobni podaci obra\u0111ivani protuzakonito). <\/p>\n<p><strong>Imate pravo od Arbos doo zatra\u017eiti ograni\u010denje obrade Va\u0161ih osobnih podataka ako postoji jedan od sljede\u0107ih slu\u010dajeva:<\/strong> <\/p>\n<ul>\n<li>ako osporavate to\u010dnost obrade podataka, na razdoblje koje omogu\u0107uje voditelju obrade da provjeri to\u010dnost podataka;<\/li>\n<li>ako je obrada nezakonita i tra\u017eite ograni\u010denje obrade umjesto brisanja;<\/li>\n<li>ako voditelj obrade vi\u0161e ne treba podatke, ali potrebni su vam za uspostavu, ostvarivanje ili obranu pravnih zahtjeva;<\/li>\n<li>ako ste ulo\u017eili prigovor na obradu, \u010dekaju\u0107i provjeru nadja\u010davaju li legitimni razlozi voditelja obrade va\u0161e razloge.<\/li>\n<\/ul>\n<p>Imate pravo da vas Arbos doo <strong>obavijesti<\/strong> o bilo kakvom ispravku ili brisanju va\u0161ih osobnih podataka ili ograni\u010denju obrade. <\/p>\n<p>Kao pojedinac, imate pravo primiti svoje osobne podatke u uobi\u010dajeno kori\u0161tenom i strojno \u010ditljivom formatu te pravo prenijeti te podatke drugom voditelju obrade bez ometanja od strane Arbos doo (<strong>pravo na prenosivost podataka<\/strong>).<\/p>\n<p>Ako se obrada podataka temelji na na\u0161im legitimnim interesima, imate pravo, na temelju va\u0161e posebne situacije, u bilo kojem trenutku ulo\u017eiti prigovor na obradu va\u0161ih osobnih podataka. U takvom slu\u010daju, nastavit \u0107emo obra\u0111ivati \u200b\u200bva\u0161e osobne podatke samo ako poka\u017eemo uvjerljive legitimne osnove za obradu koji nadja\u010davaju va\u0161e interese, prava i slobode ili za uspostavljanje, ostvarivanje ili obranu pravnih zahtjeva. Mo\u017eete se usprotiviti obradi va\u0161ih osobnih podataka u svrhe izravnog marketinga, uklju\u010duju\u0107i profiliranje, u bilo kojem trenutku bez navo\u0111enja razloga slanjem poruke na sljede\u0107u adresu e-po\u0161te: info@instantdrinks.si. Ako se protivite obradi va\u0161ih podataka u svrhe izravnog marketinga, odmah \u0107emo prestati obra\u0111ivati \u200b\u200bva\u0161e podatke u te svrhe. Tako\u0111er \u0107emo vam na va\u0161 zahtjev i u skladu s va\u017ee\u0107im zakonom pru\u017eiti i druge informacije u vezi s va\u0161im osobnim podacima koje obra\u0111ujemo. <\/p>\n<p>Ispitanik ima pravo, na temelju svoje posebne situacije, u bilo kojem trenutku prigovoriti obradi osobnih podataka koji se na njega ili nju odnose, uklju\u010duju\u0107i profiliranje na temelju automatiziranog individualnog odlu\u010divanja. Obavje\u0161tavamo vas da Arbos doo i internet trgovina instantdrinks.si ne koriste automatizirane funkcije dono\u0161enja odluka, uklju\u010duju\u0107i profiliranje. <\/p>\n<p>Ako sumnjate da se obradom Va\u0161ih podataka kr\u0161i zakonodavstvo na podru\u010dju za\u0161tite osobnih podataka, imate pravo <strong>podnijeti pritu\u017ebu<\/strong> Informacijskom povjereniku Republike Slovenije, Dunajska cesta 22, 1000 Ljubljana, Slovenija, telefonski broj: 00 386 (0)1 230 97 30, e-mail adresa: <a href=\"mailto:gp.ip@ip-rs.si\">gp.ip @ip-rs.si<\/a>. <\/p>\n<p><strong>Ako \u017eelite ostvariti gore navedena prava ili se usprotiviti na\u010dinu na koji se obra\u0111uju va\u0161i osobni podaci,<\/strong> obratite nam se na <a href=\"mailto:info@instantdrinks.si\">info@instantdrinks.si<\/a>. Zahtjev u vezi s ostvarivanjem prava u vezi s Va\u0161im osobnim podacima podnesite s jasnim naznakama: kojim osobnim podacima \u017eelite pristup i pregled, koje osobne podatke \u017eelite dopuniti, ispraviti ili izbrisati, prenijeti ili obra\u0111ivati, kojim osobnim podacima prigovarate i iz kojih razloga. Ako zahtjev podnese osoba u va\u0161e ime, a vi ne potvrdite da je zahtjev zakonito podnesen u va\u0161e ime, zahtjev \u0107e biti odbijen. Ukoliko takav zahtjev \u0161aljete po\u0161tom na adresu Arbos doo, Batuje 1f, 5262 \u010crni\u010de, zahtjev mora biti potpisan i datiran. Arbos doo \u0107e Va\u0161 zahtjev obraditi u najkra\u0107em mogu\u0107em roku iu zakonskim rokovima.<\/p>\n<ol start=\"6\">\n<li><strong> SIGURNOST OSOBNIH PODATAKA<\/strong><\/li>\n<\/ol>\n<p>Osigurali smo da je kupnja na na\u0161oj web stranici potpuno sigurna, jer koristimo odgovaraju\u0107e kodiranje web stranice, \u010dime tre\u0107im stranama onemogu\u0107ujemo pristup va\u0161im podacima. Ovi se sustavi i mjere redovito testiraju i po potrebi a\u017euriraju. Stalnim kori\u0161tenjem odgovaraju\u0107ih tehni\u010dkih, organizacijskih i kadrovskih mjera osiguravamo da se uvijek obra\u0111uju samo oni osobni podaci koji su nu\u017eni za postizanje svake pojedine svrhe obrade. <\/p>\n<ol start=\"7\">\n<li><strong> KOLA\u010cI\u0106I<\/strong><\/li>\n<\/ol>\n<p>Za ispravno funkcioniranje web stranice potrebni su razli\u010diti kola\u010di\u0107i. To su male tekstualne datoteke koje se pohranjuju na va\u0161 ure\u0111aj (ra\u010dunalo, mobilni telefon ili drugi ure\u0111aj za pregledavanje weba) uz va\u0161 pristanak. Oni vam poma\u017eu da se automatski prijavite na web mjesto i potvrdite svoju autenti\u010dnost. Omogu\u0107uju vam uspje\u0161nu kupnju, dovr\u0161etak narud\u017ebe, poma\u017eu vam pri pla\u0107anju PayPalom ili karticom itd. Tako\u0111er se mogu koristiti za statisti\u010dke analize. Kola\u010di\u0107i obi\u010dno ne dovode do otkrivanja identiteta odre\u0111enog korisnika. Kola\u010di\u0107i nisu \u0161tetni jer ne sadr\u017ee viruse ili druge zlonamjerne kodove. Uvijek mo\u017eete izbrisati kola\u010di\u0107e, automatski (ako ste to omogu\u0107ili u postavkama) ili ru\u010dno u svom pregledniku. Tako\u0111er mo\u017eete odbiti instaliranje kola\u010di\u0107a. <\/p>\n<p>Za vi\u0161e informacija o kola\u010di\u0107ima, njihovom utjecaju na vas i va\u0161e pregledavanje, preporu\u010dujemo da odgovori na \u010desto postavljaju pitanja Povjerenika za informacije na sljede\u0107oj vezi: <a href=\"https:\/\/www.ip-rs.si\/varstvo-osebnih-podatkiv --podatsko Ogosta-vpra%C5%a1anja \" target=\"_blank\" rel=\"noopener\"> https:\/\/www.ip-rs.si\/varstvo-osebnih-podatkov\/informacijske-tehnologije-in-osebni-podatka <\/a>. <\/p>\n<ol start=\"8\">\n<li> <strong> Facebook i Google Analytics <\/strong> <\/li>\n<\/ol>\n<p>web stranica InstantDrinks.SI koristi Facebook Pixel za ogla\u0161avanje, koji nas obavje\u0161tava o uspjehu pojedina\u010dnih kampanja. Facebook bilje\u017ei statistiku klikova na poveznice i op\u0107eniti odgovor na na\u0161e oglase, ali ne dijeli osobne podatke s ovom uslugom. Isto vrijedi i za uslugu Google Analytics koja nam omogu\u0107uje uvid u statistiku posje\u0107enosti na\u0161e web stranice, demografske podatke i sli\u010dno. Me\u0111utim, to\u010dni osobni podaci nikada nisu vidljivi i anonimni su. <\/p>\n<p>U Batujama, 9.9.2024 <\/p>\n","protected":false},"excerpt":{"rendered":"<p>ZA\u0160TITA OSOBNIH PODATAKA U svom poslovanju obra\u0111ujemo osobne podatke kupaca u skladu sa Zakonom o za\u0161titi osobnih podataka (ZVOP-2) i Uredbom (EU) 2016\/679 Europskog parlamenta i Vije\u0107a od 27. travnja 2016. o za\u0161titi pojedinaca u vezi s obradom osobnih podataka io slobodnom kretanju takvih podataka te stavljanju izvan snage Direktive 95\/46\/EZ (Op\u0107i podaci Uredba o [&hellip;]<\/p>\n","protected":false},"author":1,"featured_media":0,"parent":0,"menu_order":0,"comment_status":"closed","ping_status":"closed","template":"","meta":{"footnotes":""},"class_list":["post-109299","page","type-page","status-publish","hentry"],"_links":{"self":[{"href":"https:\/\/instantdrinks.si\/hr\/wp-json\/wp\/v2\/pages\/109299","targetHints":{"allow":["GET"]}}],"collection":[{"href":"https:\/\/instantdrinks.si\/hr\/wp-json\/wp\/v2\/pages"}],"about":[{"href":"https:\/\/instantdrinks.si\/hr\/wp-json\/wp\/v2\/types\/page"}],"author":[{"embeddable":true,"href":"https:\/\/instantdrinks.si\/hr\/wp-json\/wp\/v2\/users\/1"}],"replies":[{"embeddable":true,"href":"https:\/\/instantdrinks.si\/hr\/wp-json\/wp\/v2\/comments?post=109299"}],"version-history":[{"count":4,"href":"https:\/\/instantdrinks.si\/hr\/wp-json\/wp\/v2\/pages\/109299\/revisions"}],"predecessor-version":[{"id":109306,"href":"https:\/\/instantdrinks.si\/hr\/wp-json\/wp\/v2\/pages\/109299\/revisions\/109306"}],"wp:attachment":[{"href":"https:\/\/instantdrinks.si\/hr\/wp-json\/wp\/v2\/media?parent=109299"}],"curies":[{"name":"wp","href":"https:\/\/api.w.org\/{rel}","templated":true}]}}