{"id":109286,"date":"2015-08-08T19:11:20","date_gmt":"2015-08-08T17:11:20","guid":{"rendered":"https:\/\/instantdrinks.si\/o-nas\/"},"modified":"2025-11-26T10:21:07","modified_gmt":"2025-11-26T09:21:07","slug":"o-nama","status":"publish","type":"page","link":"https:\/\/instantdrinks.si\/hr\/o-nama\/","title":{"rendered":"O nama"},"content":{"rendered":"<p><strong>PODUZE\u0106E<\/strong><\/p>\n<p><strong>ARBOS d.o.o.<\/strong><br \/>\nNaziv poduze\u0107a: ARBOS d.o.o.<br \/>\nPuni naziv poduze\u0107a: ARBOS Trgovina in posredni\u0161tvo d.o.o.<br \/>\nAdresa: BATUJE 1F<br \/>\nPo\u0161tanski broj i mjesto: 5262 \u010cRNI\u010cE<br \/>\nDr\u017eava: Slovenija<\/p>\n<p>&nbsp;<br \/>\nPorezni broj (OIB): SI46328289<br \/>\nObveznik PDV-a: DA<br \/>\nMati\u010dni broj: 6430970000<br \/>\nDatum registracije poduze\u0107a: 30.8.2013 (Okru\u017eni sud Nova Gorica, Registracijski broj: 2013\/34843)<br \/>\nTransakcijski ra\u010dun: SI56 0475 1000 2189 777 (Nova KBM d.d.)<\/p>\n<p>&nbsp;<br \/>\n<strong>KONTAKTI<\/strong><br \/>\nTelefon: 051 899 599 (+386 51 899 599) (radnim danom od 9:00 do 16:00)<br \/>\nE-mail: info@instantdrinks.si<br \/>\n&nbsp;&nbsp;&nbsp;<\/p>\n","protected":false},"excerpt":{"rendered":"<p>PODUZE\u0106E ARBOS d.o.o. Naziv poduze\u0107a: ARBOS d.o.o. Puni naziv poduze\u0107a: ARBOS Trgovina in posredni\u0161tvo d.o.o. Adresa: BATUJE 1F Po\u0161tanski broj i mjesto: 5262 \u010cRNI\u010cE Dr\u017eava: Slovenija &nbsp; Porezni broj (OIB): SI46328289 Obveznik PDV-a: DA Mati\u010dni broj: 6430970000 Datum registracije poduze\u0107a: 30.8.2013 (Okru\u017eni sud Nova Gorica, Registracijski broj: 2013\/34843) Transakcijski ra\u010dun: SI56 0475 1000 2189 777 [&hellip;]<\/p>\n","protected":false},"author":1,"featured_media":0,"parent":0,"menu_order":0,"comment_status":"closed","ping_status":"closed","template":"","meta":{"footnotes":""},"class_list":["post-109286","page","type-page","status-publish","hentry"],"_links":{"self":[{"href":"https:\/\/instantdrinks.si\/hr\/wp-json\/wp\/v2\/pages\/109286","targetHints":{"allow":["GET"]}}],"collection":[{"href":"https:\/\/instantdrinks.si\/hr\/wp-json\/wp\/v2\/pages"}],"about":[{"href":"https:\/\/instantdrinks.si\/hr\/wp-json\/wp\/v2\/types\/page"}],"author":[{"embeddable":true,"href":"https:\/\/instantdrinks.si\/hr\/wp-json\/wp\/v2\/users\/1"}],"replies":[{"embeddable":true,"href":"https:\/\/instantdrinks.si\/hr\/wp-json\/wp\/v2\/comments?post=109286"}],"version-history":[{"count":2,"href":"https:\/\/instantdrinks.si\/hr\/wp-json\/wp\/v2\/pages\/109286\/revisions"}],"predecessor-version":[{"id":109288,"href":"https:\/\/instantdrinks.si\/hr\/wp-json\/wp\/v2\/pages\/109286\/revisions\/109288"}],"wp:attachment":[{"href":"https:\/\/instantdrinks.si\/hr\/wp-json\/wp\/v2\/media?parent=109286"}],"curies":[{"name":"wp","href":"https:\/\/api.w.org\/{rel}","templated":true}]}}