{"id":103999,"date":"2013-12-02T10:50:45","date_gmt":"2013-12-02T09:50:45","guid":{"rendered":"https:\/\/instantdrinks.si\/faq\/"},"modified":"2025-01-26T01:46:33","modified_gmt":"2025-01-26T00:46:33","slug":"faq","status":"publish","type":"page","link":"https:\/\/instantdrinks.si\/hr\/faq\/","title":{"rendered":"FAQ"},"content":{"rendered":"\t\t<div data-elementor-type=\"wp-page\" data-elementor-id=\"103999\" class=\"elementor elementor-103999 elementor-544\">\n\t\t\t\t\t\t<section class=\"elementor-section elementor-top-section elementor-element elementor-element-31d340d elementor-section-boxed elementor-section-height-default elementor-section-height-default\" data-id=\"31d340d\" data-element_type=\"section\" data-e-type=\"section\">\n\t\t\t\t\t\t<div class=\"elementor-container elementor-column-gap-default\">\n\t\t\t\t\t<div class=\"elementor-column elementor-col-25 elementor-top-column elementor-element elementor-element-1350385\" data-id=\"1350385\" data-element_type=\"column\" data-e-type=\"column\">\n\t\t\t<div class=\"elementor-widget-wrap\">\n\t\t\t\t\t\t\t<\/div>\n\t\t<\/div>\n\t\t\t\t<div class=\"elementor-column elementor-col-50 elementor-top-column elementor-element elementor-element-1afc8c7\" data-id=\"1afc8c7\" data-element_type=\"column\" data-e-type=\"column\">\n\t\t\t<div class=\"elementor-widget-wrap elementor-element-populated\">\n\t\t\t\t\t\t<div class=\"elementor-element elementor-element-a15e44d elementor-widget elementor-widget-shortcode\" data-id=\"a15e44d\" data-element_type=\"widget\" data-e-type=\"widget\" data-widget_type=\"shortcode.default\">\n\t\t\t\t<div class=\"elementor-widget-container\">\n\t\t\t\t\t\t\t<div class=\"elementor-shortcode\">\t\t\t<div class=\"yith-faqs\">\n\t\t\t\t\t\t\t\t\t<div class=\"yith-faqs-search\">\n\t\t\t\t\t\t<div class=\"yith-faqs-search-container\">\n\t\t\t\t\t\t\t<div class=\"yith-faqs-search-input\">\n\t\t\t\t\t\t\t\t<label class=\"screen-reader-text\">Pretra\u017ei FAQ<\/label>\n\t\t\t\t\t\t\t\t<input type=\"text\" value=\"\" name=\"search\" placeholder=\"Pretra\u017ei FAQ\"\/>\n\t\t\t\t\t\t\t<\/div>\n\t\t\t\t\t\t\t<div class=\"yith-faqs-search-button\">\n\t\t\t\t\t\t\t\t<button type=\"submit\"><i class=\"yfwp-search\"><\/i><\/button>\n\t\t\t\t\t\t\t<\/div>\n\t\t\t\t\t\t<\/div>\n\t\t\t\t\t\t<div class=\"yith-faqs-reset-container\">\n\t\t\t\t\t\t\t<a class=\"yith-faqs-reset\" href=\"https:\/\/instantdrinks.si\/hr\/faq\/\">Reset<\/a>\n\t\t\t\t\t\t<\/div>\n\t\t\t\t\t<\/div>\n\t\t\t\t\t\t\t\t\t<div id=\"yith-faqs-container\" class=\"yith-faqs-container yith-faq-type-accordion minimal yith-faqs-paged  default-loader\" style=\"--ywfp-icon-font-size: 14px;\">\n\n\t\t\t\t\t\n\t\t\t\t\t\n\t\t\t\t\t\t\t\t\t\t\t\t<div id=\"faq-109260\" class=\"yith-faqs-item icon-right\">\n\t\t\t\t\t\t\t<div class=\"yith-faqs-title\">\n\t\t\t\t\t\t\t\t\t\t\t\t\t\t\t\t\t<div class=\"icon yfwp-plus\"><\/div>\n\t\t\t\t\t\t\t\t\t\t\t\t\t\t\t\t<b>KOJE SASTOJKE SADR\u017dE INSTANT PI\u0106A?<\/b>\n\t\t\t\t\t\t\t<\/div>\n\t\t\t\t\t\t\t<div class=\"yith-faqs-content-wrapper\">\n\t\t\t\t\t\t\t\t<div class=\"yith-faqs-content\">\n\t\t\t\t\t\t\t\t\t<p>Svi sastojci i nutritivne vrijednosti dostupni su pod svakim pojedina\u010dnim okusom u kartici <strong>Nutritivne vrijednosti<\/strong> i <strong>sastojci.<\/strong><\/p>\n\t\t\t\t\t\t\t\t<\/div>\n\t\t\t\t\t\t\t\t\t\t\t\t\t\t\t\t\t<div class=\"yith-faqs-link\">\n\t\t\t\t\t\t\t\t\t\t<a class=\"yith-faqs-copy\" href=\"#\" data-faq=\"https:\/\/instantdrinks.si\/hr\/faq\/#faq-109260\">\n\t\t\t\t\t\t\t\t\t\t\t<span class=\"hover-text\">Kopiraj vezu<\/span>\n\t\t\t\t\t\t\t\t\t\t\t<span class=\"success-text\">Copied!<\/span>\n\t\t\t\t\t\t\t\t\t\t<\/a>\n\t\t\t\t\t\t\t\t\t<\/div>\n\t\t\t\t\t\t\t\t\t\t\t\t\t\t\t<\/div>\n\t\t\t\t\t\t<\/div>\n\n\t\t\t\t\t\n\t\t\t\t\t\t\t\t\t\t\t\t<div id=\"faq-109262\" class=\"yith-faqs-item icon-right\">\n\t\t\t\t\t\t\t<div class=\"yith-faqs-title\">\n\t\t\t\t\t\t\t\t\t\t\t\t\t\t\t\t\t<div class=\"icon yfwp-plus\"><\/div>\n\t\t\t\t\t\t\t\t\t\t\t\t\t\t\t\t<b>JESU LI INSTANT NAPITCI BEZ \u0160E\u0106ERA?<\/b>\n\t\t\t\t\t\t\t<\/div>\n\t\t\t\t\t\t\t<div class=\"yith-faqs-content-wrapper\">\n\t\t\t\t\t\t\t\t<div class=\"yith-faqs-content\">\n\t\t\t\t\t\t\t\t\t<p>Instant napitci ne sadr\u017ee obi\u010dni \u0161e\u0107er, ve\u0107 zasla\u0111iva\u010de. Jedan od zasla\u0111iva\u010da je i prirodni ekstrakt stevije.<\/p>\n\t\t\t\t\t\t\t\t<\/div>\n\t\t\t\t\t\t\t\t\t\t\t\t\t\t\t\t\t<div class=\"yith-faqs-link\">\n\t\t\t\t\t\t\t\t\t\t<a class=\"yith-faqs-copy\" href=\"#\" data-faq=\"https:\/\/instantdrinks.si\/hr\/faq\/#faq-109262\">\n\t\t\t\t\t\t\t\t\t\t\t<span class=\"hover-text\">Kopiraj vezu<\/span>\n\t\t\t\t\t\t\t\t\t\t\t<span class=\"success-text\">Copied!<\/span>\n\t\t\t\t\t\t\t\t\t\t<\/a>\n\t\t\t\t\t\t\t\t\t<\/div>\n\t\t\t\t\t\t\t\t\t\t\t\t\t\t\t<\/div>\n\t\t\t\t\t\t<\/div>\n\n\t\t\t\t\t\n\t\t\t\t\t\t\t\t\t\t\t\t<div id=\"faq-109264\" class=\"yith-faqs-item icon-right\">\n\t\t\t\t\t\t\t<div class=\"yith-faqs-title\">\n\t\t\t\t\t\t\t\t\t\t\t\t\t\t\t\t\t<div class=\"icon yfwp-plus\"><\/div>\n\t\t\t\t\t\t\t\t\t\t\t\t\t\t\t\t<b>JESU LI INSTANT NAPITCI I SIRUPI PRIKLADNI ZA MR\u0160AVLJENJE?<\/b>\n\t\t\t\t\t\t\t<\/div>\n\t\t\t\t\t\t\t<div class=\"yith-faqs-content-wrapper\">\n\t\t\t\t\t\t\t\t<div class=\"yith-faqs-content\">\n\t\t\t\t\t\t\t\t\t<p>Svi proizvodi su odli\u010dni za osobe na dijeti bez \u0161e\u0107era koje \u017eele smr\u0161aviti. Ne sadr\u017ee \u0161e\u0107er i poma\u017eu u suzbijanju \u017eudnje za slatkim. Napitce i sirupe mo\u017eete koristiti i kao zasla\u0111iva\u010d i aromu za jela. Za vi\u0161e ideja, posjetite na\u0161u sekciju s receptima na <a href=\"https:\/\/instantdrinks.si\/hr\/recepti\/\"><em><strong>poveznici.<\/strong><\/em><\/a><\/p>\n\t\t\t\t\t\t\t\t<\/div>\n\t\t\t\t\t\t\t\t\t\t\t\t\t\t\t\t\t<div class=\"yith-faqs-link\">\n\t\t\t\t\t\t\t\t\t\t<a class=\"yith-faqs-copy\" href=\"#\" data-faq=\"https:\/\/instantdrinks.si\/hr\/faq\/#faq-109264\">\n\t\t\t\t\t\t\t\t\t\t\t<span class=\"hover-text\">Kopiraj vezu<\/span>\n\t\t\t\t\t\t\t\t\t\t\t<span class=\"success-text\">Copied!<\/span>\n\t\t\t\t\t\t\t\t\t\t<\/a>\n\t\t\t\t\t\t\t\t\t<\/div>\n\t\t\t\t\t\t\t\t\t\t\t\t\t\t\t<\/div>\n\t\t\t\t\t\t<\/div>\n\n\t\t\t\t\t\n\t\t\t\t\t\t\t\t\t\t\t\t<div id=\"faq-109269\" class=\"yith-faqs-item icon-right\">\n\t\t\t\t\t\t\t<div class=\"yith-faqs-title\">\n\t\t\t\t\t\t\t\t\t\t\t\t\t\t\t\t\t<div class=\"icon yfwp-plus\"><\/div>\n\t\t\t\t\t\t\t\t\t\t\t\t\t\t\t\t<b>JESU LI INSTANT NAPITCI I SIRUPI PRIKLADNI ZA DIJABETI\u010cARE?<\/b>\n\t\t\t\t\t\t\t<\/div>\n\t\t\t\t\t\t\t<div class=\"yith-faqs-content-wrapper\">\n\t\t\t\t\t\t\t\t<div class=\"yith-faqs-content\">\n\t\t\t\t\t\t\t\t\t<p>Napitci nisu slu\u017ebeno testirani na dijabeti\u010darima. Me\u0111utim, primili smo mnogo povratnih informacija od dijabeti\u010dara koji ih u\u017eivaju bez problema. Ako imate dijabetes i sumnjate, preporu\u010dujemo da se posavjetujete sa svojim lije\u010dnikom.<\/p>\n\t\t\t\t\t\t\t\t<\/div>\n\t\t\t\t\t\t\t\t\t\t\t\t\t\t\t\t\t<div class=\"yith-faqs-link\">\n\t\t\t\t\t\t\t\t\t\t<a class=\"yith-faqs-copy\" href=\"#\" data-faq=\"https:\/\/instantdrinks.si\/hr\/faq\/#faq-109269\">\n\t\t\t\t\t\t\t\t\t\t\t<span class=\"hover-text\">Kopiraj vezu<\/span>\n\t\t\t\t\t\t\t\t\t\t\t<span class=\"success-text\">Copied!<\/span>\n\t\t\t\t\t\t\t\t\t\t<\/a>\n\t\t\t\t\t\t\t\t\t<\/div>\n\t\t\t\t\t\t\t\t\t\t\t\t\t\t\t<\/div>\n\t\t\t\t\t\t<\/div>\n\n\t\t\t\t\t\n\t\t\t\t\t\t\t\t\t\t\t\t<div id=\"faq-109271\" class=\"yith-faqs-item icon-right\">\n\t\t\t\t\t\t\t<div class=\"yith-faqs-title\">\n\t\t\t\t\t\t\t\t\t\t\t\t\t\t\t\t\t<div class=\"icon yfwp-plus\"><\/div>\n\t\t\t\t\t\t\t\t\t\t\t\t\t\t\t\t<b>MOGU LI TRUDNICE I DJECA KONZUMIRATI INSTANT NAPITKE?<\/b>\n\t\t\t\t\t\t\t<\/div>\n\t\t\t\t\t\t\t<div class=\"yith-faqs-content-wrapper\">\n\t\t\t\t\t\t\t\t<div class=\"yith-faqs-content\">\n\t\t\t\t\t\t\t\t\t<p>Instant napitci mogu konzumirati i trudnice i djeca, ali u umjerenim koli\u010dinama. Za djecu, pobrinite se da ne prekora\u010dite preporu\u010deni dnevni unos teku\u0107ine prema njihovoj dobi (s jednim paketom od 9g\/10g mo\u017eete pripremiti 3-4 litre napitka!). Za trudnice preporu\u010dujemo umjerenost (polovica paketa ili manje dnevno). <strong>Me\u0111utim, Energy okusi nisu prikladni za djecu, trudnice i dojilje zbog kofeina i taurina.<\/strong><\/p>\n\t\t\t\t\t\t\t\t<\/div>\n\t\t\t\t\t\t\t\t\t\t\t\t\t\t\t\t\t<div class=\"yith-faqs-link\">\n\t\t\t\t\t\t\t\t\t\t<a class=\"yith-faqs-copy\" href=\"#\" data-faq=\"https:\/\/instantdrinks.si\/hr\/faq\/#faq-109271\">\n\t\t\t\t\t\t\t\t\t\t\t<span class=\"hover-text\">Kopiraj vezu<\/span>\n\t\t\t\t\t\t\t\t\t\t\t<span class=\"success-text\">Copied!<\/span>\n\t\t\t\t\t\t\t\t\t\t<\/a>\n\t\t\t\t\t\t\t\t\t<\/div>\n\t\t\t\t\t\t\t\t\t\t\t\t\t\t\t<\/div>\n\t\t\t\t\t\t<\/div>\n\n\t\t\t\t\t\n\t\t\t\t\t\t\t\t\t\t\t\t<div id=\"faq-109273\" class=\"yith-faqs-item icon-right\">\n\t\t\t\t\t\t\t<div class=\"yith-faqs-title\">\n\t\t\t\t\t\t\t\t\t\t\t\t\t\t\t\t\t<div class=\"icon yfwp-plus\"><\/div>\n\t\t\t\t\t\t\t\t\t\t\t\t\t\t\t\t<b>MOGU LI SE INSTANT NAPITCI KORISTITI KAO SASTOJAK U KOKTELIMA I DESERTIMA?<\/b>\n\t\t\t\t\t\t\t<\/div>\n\t\t\t\t\t\t\t<div class=\"yith-faqs-content-wrapper\">\n\t\t\t\t\t\t\t\t<div class=\"yith-faqs-content\">\n\t\t\t\t\t\t\t\t\t<p>Naravno, pra\u0161kasti napitci mogu se koristiti i kao sastojak u ukusnim desertima i koktelima. Zahvaljuju\u0107i intenzivnom okusu napitaka, mogu\u0107nosti su prakti\u010dki beskrajne. Za vi\u0161e ideja, posjetite sekciju s receptima na na\u0161oj web stranici:<a href=\"https:\/\/instantdrinks.si\/hr\/recepti\/\"><em>\u00a0[<strong>link<\/strong>]<\/em><\/a><\/p>\n\t\t\t\t\t\t\t\t<\/div>\n\t\t\t\t\t\t\t\t\t\t\t\t\t\t\t\t\t<div class=\"yith-faqs-link\">\n\t\t\t\t\t\t\t\t\t\t<a class=\"yith-faqs-copy\" href=\"#\" data-faq=\"https:\/\/instantdrinks.si\/hr\/faq\/#faq-109273\">\n\t\t\t\t\t\t\t\t\t\t\t<span class=\"hover-text\">Kopiraj vezu<\/span>\n\t\t\t\t\t\t\t\t\t\t\t<span class=\"success-text\">Copied!<\/span>\n\t\t\t\t\t\t\t\t\t\t<\/a>\n\t\t\t\t\t\t\t\t\t<\/div>\n\t\t\t\t\t\t\t\t\t\t\t\t\t\t\t<\/div>\n\t\t\t\t\t\t<\/div>\n\n\t\t\t\t\t\n\t\t\t\t\t\t\t\t\t\t\t\t<div id=\"faq-109275\" class=\"yith-faqs-item icon-right\">\n\t\t\t\t\t\t\t<div class=\"yith-faqs-title\">\n\t\t\t\t\t\t\t\t\t\t\t\t\t\t\t\t\t<div class=\"icon yfwp-plus\"><\/div>\n\t\t\t\t\t\t\t\t\t\t\t\t\t\t\t\t<b>KOLIKO NAPITKA MOGU PRIPREMITI S JEDNOM VRE\u0106ICOM BOLERO STICKS (MIX&amp;GO)?<\/b>\n\t\t\t\t\t\t\t<\/div>\n\t\t\t\t\t\t\t<div class=\"yith-faqs-content-wrapper\">\n\t\t\t\t\t\t\t\t<div class=\"yith-faqs-content\">\n\t\t\t\t\t\t\t\t\t<p>S jednom vre\u0107icom Bolero Sticks mo\u017eete pripremiti 0,5L napitka, \u0161to ovo pakiranje \u010dini odli\u010dnim izborom za pripremu napitka tijekom treninga ili obaveza.<\/p>\n\t\t\t\t\t\t\t\t<\/div>\n\t\t\t\t\t\t\t\t\t\t\t\t\t\t\t\t\t<div class=\"yith-faqs-link\">\n\t\t\t\t\t\t\t\t\t\t<a class=\"yith-faqs-copy\" href=\"#\" data-faq=\"https:\/\/instantdrinks.si\/hr\/faq\/#faq-109275\">\n\t\t\t\t\t\t\t\t\t\t\t<span class=\"hover-text\">Kopiraj vezu<\/span>\n\t\t\t\t\t\t\t\t\t\t\t<span class=\"success-text\">Copied!<\/span>\n\t\t\t\t\t\t\t\t\t\t<\/a>\n\t\t\t\t\t\t\t\t\t<\/div>\n\t\t\t\t\t\t\t\t\t\t\t\t\t\t\t<\/div>\n\t\t\t\t\t\t<\/div>\n\n\t\t\t\t\t\n\t\t\t\t\t\t\t\t\t\t\t\t<div id=\"faq-109277\" class=\"yith-faqs-item icon-right\">\n\t\t\t\t\t\t\t<div class=\"yith-faqs-title\">\n\t\t\t\t\t\t\t\t\t\t\t\t\t\t\t\t\t<div class=\"icon yfwp-plus\"><\/div>\n\t\t\t\t\t\t\t\t\t\t\t\t\t\t\t\t<b>KOLIKO NAPITKA MOGU PRIPREMITI S JEDNOM VRE\u0106ICOM OD 9g\/10g?<\/b>\n\t\t\t\t\t\t\t<\/div>\n\t\t\t\t\t\t\t<div class=\"yith-faqs-content-wrapper\">\n\t\t\t\t\t\t\t\t<div class=\"yith-faqs-content\">\n\t\t\t\t\t\t\t\t\t<p>S jednom vre\u0107icom od 9g\/10g mo\u017eete pripremiti 1,5L-3L, ovisno o va\u0161em ukusu.<\/p>\n\t\t\t\t\t\t\t\t<\/div>\n\t\t\t\t\t\t\t\t\t\t\t\t\t\t\t\t\t<div class=\"yith-faqs-link\">\n\t\t\t\t\t\t\t\t\t\t<a class=\"yith-faqs-copy\" href=\"#\" data-faq=\"https:\/\/instantdrinks.si\/hr\/faq\/#faq-109277\">\n\t\t\t\t\t\t\t\t\t\t\t<span class=\"hover-text\">Kopiraj vezu<\/span>\n\t\t\t\t\t\t\t\t\t\t\t<span class=\"success-text\">Copied!<\/span>\n\t\t\t\t\t\t\t\t\t\t<\/a>\n\t\t\t\t\t\t\t\t\t<\/div>\n\t\t\t\t\t\t\t\t\t\t\t\t\t\t\t<\/div>\n\t\t\t\t\t\t<\/div>\n\n\t\t\t\t\t\n\t\t\t\t\t\t\t\t\t\t\t\t<div id=\"faq-109279\" class=\"yith-faqs-item icon-right\">\n\t\t\t\t\t\t\t<div class=\"yith-faqs-title\">\n\t\t\t\t\t\t\t\t\t\t\t\t\t\t\t\t\t<div class=\"icon yfwp-plus\"><\/div>\n\t\t\t\t\t\t\t\t\t\t\t\t\t\t\t\t<b>KOJA JE MINIMALNA VRIJEDNOST NARUD\u017dBE?<\/b>\n\t\t\t\t\t\t\t<\/div>\n\t\t\t\t\t\t\t<div class=\"yith-faqs-content-wrapper\">\n\t\t\t\t\t\t\t\t<div class=\"yith-faqs-content\">\n\t\t\t\t\t\t\t\t\t<p>Minimalna vrijednost dodanih proizvoda u ko\u0161arici je 5,00\u20ac.<\/p>\n\t\t\t\t\t\t\t\t<\/div>\n\t\t\t\t\t\t\t\t\t\t\t\t\t\t\t\t\t<div class=\"yith-faqs-link\">\n\t\t\t\t\t\t\t\t\t\t<a class=\"yith-faqs-copy\" href=\"#\" data-faq=\"https:\/\/instantdrinks.si\/hr\/faq\/#faq-109279\">\n\t\t\t\t\t\t\t\t\t\t\t<span class=\"hover-text\">Kopiraj vezu<\/span>\n\t\t\t\t\t\t\t\t\t\t\t<span class=\"success-text\">Copied!<\/span>\n\t\t\t\t\t\t\t\t\t\t<\/a>\n\t\t\t\t\t\t\t\t\t<\/div>\n\t\t\t\t\t\t\t\t\t\t\t\t\t\t\t<\/div>\n\t\t\t\t\t\t<\/div>\n\n\t\t\t\t\t\n\t\t\t\t\t\t\t\t\t\t\t\t<div id=\"faq-109280\" class=\"yith-faqs-item icon-right\">\n\t\t\t\t\t\t\t<div class=\"yith-faqs-title\">\n\t\t\t\t\t\t\t\t\t\t\t\t\t\t\t\t\t<div class=\"icon yfwp-plus\"><\/div>\n\t\t\t\t\t\t\t\t\t\t\t\t\t\t\t\t<b>KADA IMAM PRAVO NA BESPLATNU DOSTAVU?<\/b>\n\t\t\t\t\t\t\t<\/div>\n\t\t\t\t\t\t\t<div class=\"yith-faqs-content-wrapper\">\n\t\t\t\t\t\t\t\t<div class=\"yith-faqs-content\">\n\t\t\t\t\t\t\t\t\t<p>Za sve narud\u017ebe u vrijednosti od 50,00\u20ac ili vi\u0161e imate pravo na besplatnu dostavu.<\/p>\n\t\t\t\t\t\t\t\t<\/div>\n\t\t\t\t\t\t\t\t\t\t\t\t\t\t\t\t\t<div class=\"yith-faqs-link\">\n\t\t\t\t\t\t\t\t\t\t<a class=\"yith-faqs-copy\" href=\"#\" data-faq=\"https:\/\/instantdrinks.si\/hr\/faq\/#faq-109280\">\n\t\t\t\t\t\t\t\t\t\t\t<span class=\"hover-text\">Kopiraj vezu<\/span>\n\t\t\t\t\t\t\t\t\t\t\t<span class=\"success-text\">Copied!<\/span>\n\t\t\t\t\t\t\t\t\t\t<\/a>\n\t\t\t\t\t\t\t\t\t<\/div>\n\t\t\t\t\t\t\t\t\t\t\t\t\t\t\t<\/div>\n\t\t\t\t\t\t<\/div>\n\n\t\t\t\t\t\n\t\t\t\t<\/div>\n\t\t\t\t\t\t\t<\/div>\n\t\t\t<\/div>\n\t\t\t\t\t\t<\/div>\n\t\t\t\t<\/div>\n\t\t\t\t\t<\/div>\n\t\t<\/div>\n\t\t\t\t<div class=\"elementor-column elementor-col-25 elementor-top-column elementor-element elementor-element-6f9d5ec\" data-id=\"6f9d5ec\" data-element_type=\"column\" data-e-type=\"column\">\n\t\t\t<div class=\"elementor-widget-wrap\">\n\t\t\t\t\t\t\t<\/div>\n\t\t<\/div>\n\t\t\t\t\t<\/div>\n\t\t<\/section>\n\t\t\t\t<\/div>\n\t\t","protected":false},"excerpt":{"rendered":"","protected":false},"author":1,"featured_media":0,"parent":0,"menu_order":0,"comment_status":"closed","ping_status":"closed","template":"","meta":{"footnotes":""},"class_list":["post-103999","page","type-page","status-publish","hentry"],"_links":{"self":[{"href":"https:\/\/instantdrinks.si\/hr\/wp-json\/wp\/v2\/pages\/103999","targetHints":{"allow":["GET"]}}],"collection":[{"href":"https:\/\/instantdrinks.si\/hr\/wp-json\/wp\/v2\/pages"}],"about":[{"href":"https:\/\/instantdrinks.si\/hr\/wp-json\/wp\/v2\/types\/page"}],"author":[{"embeddable":true,"href":"https:\/\/instantdrinks.si\/hr\/wp-json\/wp\/v2\/users\/1"}],"replies":[{"embeddable":true,"href":"https:\/\/instantdrinks.si\/hr\/wp-json\/wp\/v2\/comments?post=103999"}],"version-history":[{"count":2,"href":"https:\/\/instantdrinks.si\/hr\/wp-json\/wp\/v2\/pages\/103999\/revisions"}],"predecessor-version":[{"id":109587,"href":"https:\/\/instantdrinks.si\/hr\/wp-json\/wp\/v2\/pages\/103999\/revisions\/109587"}],"wp:attachment":[{"href":"https:\/\/instantdrinks.si\/hr\/wp-json\/wp\/v2\/media?parent=103999"}],"curies":[{"name":"wp","href":"https:\/\/api.w.org\/{rel}","templated":true}]}}