{"id":102680,"date":"2015-08-08T19:11:20","date_gmt":"2015-08-08T17:11:20","guid":{"rendered":"https:\/\/instantdrinks.si\/about-us\/"},"modified":"2025-11-26T10:20:49","modified_gmt":"2025-11-26T09:20:49","slug":"about-us","status":"publish","type":"page","link":"https:\/\/instantdrinks.si\/en\/about-us\/","title":{"rendered":"About us"},"content":{"rendered":"<p><strong>COMPANY<\/strong><\/p>\n<p><strong>ARBOS d.o.o.<\/strong><br \/>\nCompany name: ARBOS d.o.o.<br \/>\nLong company name: ARBOS Trgovina in posredni\u0161tvo d.o.o.<br \/>\nAddress: BATUJE 1F<br \/>\nPostal code: 5262 \u010cRNI\u010cE<br \/>\nCountry: Slovenia<\/p>\n<p>Tax code: SI46328289<br \/>\nVAT: YES<br \/>\nCompany reg. number 6430970000<br \/>\nDate of registration of the company: 30.8.2013 (District Court Nova Gorica, Srg of entity registration: 2013\/34843)<br \/>\nTransaction account: SI56 0475 1000 2189 777 (Nova KBM d.d.)<\/p>\n<p><strong>CONTACTS<\/strong><br \/>\nTelephone: 051 899 599 (+386 51 899 599) (weekdays from 9.00 &#8211; 16.00)<br \/>\nE-mail: info@instantdrinks.si<\/p>\n","protected":false},"excerpt":{"rendered":"<p>COMPANY ARBOS d.o.o. Company name: ARBOS d.o.o. Long company name: ARBOS Trgovina in posredni\u0161tvo d.o.o. Address: BATUJE 1F Postal code: 5262 \u010cRNI\u010cE Country: Slovenia Tax code: SI46328289 VAT: YES Company reg. number 6430970000 Date of registration of the company: 30.8.2013 (District Court Nova Gorica, Srg of entity registration: 2013\/34843) Transaction account: SI56 0475 1000 2189 [&hellip;]<\/p>\n","protected":false},"author":1,"featured_media":0,"parent":0,"menu_order":0,"comment_status":"closed","ping_status":"closed","template":"","meta":{"footnotes":""},"class_list":["post-102680","page","type-page","status-publish","hentry"],"_links":{"self":[{"href":"https:\/\/instantdrinks.si\/en\/wp-json\/wp\/v2\/pages\/102680","targetHints":{"allow":["GET"]}}],"collection":[{"href":"https:\/\/instantdrinks.si\/en\/wp-json\/wp\/v2\/pages"}],"about":[{"href":"https:\/\/instantdrinks.si\/en\/wp-json\/wp\/v2\/types\/page"}],"author":[{"embeddable":true,"href":"https:\/\/instantdrinks.si\/en\/wp-json\/wp\/v2\/users\/1"}],"replies":[{"embeddable":true,"href":"https:\/\/instantdrinks.si\/en\/wp-json\/wp\/v2\/comments?post=102680"}],"version-history":[{"count":2,"href":"https:\/\/instantdrinks.si\/en\/wp-json\/wp\/v2\/pages\/102680\/revisions"}],"predecessor-version":[{"id":102684,"href":"https:\/\/instantdrinks.si\/en\/wp-json\/wp\/v2\/pages\/102680\/revisions\/102684"}],"wp:attachment":[{"href":"https:\/\/instantdrinks.si\/en\/wp-json\/wp\/v2\/media?parent=102680"}],"curies":[{"name":"wp","href":"https:\/\/api.w.org\/{rel}","templated":true}]}}